{"id":1044,"date":"2024-03-18T14:10:52","date_gmt":"2024-03-18T11:10:52","guid":{"rendered":"https:\/\/www.aygen.com.tr\/?page_id=1044"},"modified":"2024-08-19T12:17:35","modified_gmt":"2024-08-19T09:17:35","slug":"sirketlerimiz","status":"publish","type":"page","link":"https:\/\/aygen.com.tr\/?page_id=1044","title":{"rendered":"\u015eirketlerimiz"},"content":{"rendered":"<h1><img loading=\"lazy\" decoding=\"async\" class=\"alignnone size-full wp-image-1385\" src=\"https:\/\/aygen.com.tr\/wp-content\/uploads\/2024\/08\/sirketlerimiz.png\" alt=\"\" width=\"1411\" height=\"2071\" srcset=\"https:\/\/aygen.com.tr\/wp-content\/uploads\/2024\/08\/sirketlerimiz.png 1411w, https:\/\/aygen.com.tr\/wp-content\/uploads\/2024\/08\/sirketlerimiz-204x300.png 204w, https:\/\/aygen.com.tr\/wp-content\/uploads\/2024\/08\/sirketlerimiz-698x1024.png 698w, https:\/\/aygen.com.tr\/wp-content\/uploads\/2024\/08\/sirketlerimiz-768x1127.png 768w, https:\/\/aygen.com.tr\/wp-content\/uploads\/2024\/08\/sirketlerimiz-1046x1536.png 1046w, https:\/\/aygen.com.tr\/wp-content\/uploads\/2024\/08\/sirketlerimiz-1395x2048.png 1395w\" sizes=\"auto, (max-width: 1411px) 100vw, 1411px\" \/><img loading=\"lazy\" decoding=\"async\" class=\"alignnone size-full wp-image-1045\" src=\"https:\/\/www.aygen.com.tr\/wp-content\/uploads\/2024\/03\/AYGEN-GROUP-2.png\" alt=\"\" width=\"2500\" height=\"6250\" \/><\/h1>\n","protected":false},"excerpt":{"rendered":"","protected":false},"author":1,"featured_media":0,"parent":0,"menu_order":0,"comment_status":"closed","ping_status":"closed","template":"","meta":{"footnotes":""},"class_list":["post-1044","page","type-page","status-publish","hentry"],"yoast_head":"<!-- This site is optimized with the Yoast SEO plugin v26.3 - https:\/\/yoast.com\/wordpress\/plugins\/seo\/ -->\n<title>\u015eirketlerimiz - AYGEN<\/title>\n<meta name=\"description\" content=\"Aygen Grup \u015eirketleri\" \/>\n<meta name=\"robots\" content=\"index, follow, max-snippet:-1, max-image-preview:large, max-video-preview:-1\" \/>\n<link rel=\"canonical\" href=\"https:\/\/aygen.com.tr\/?page_id=1044\" \/>\n<meta property=\"og:locale\" content=\"tr_TR\" \/>\n<meta property=\"og:type\" content=\"article\" \/>\n<meta property=\"og:title\" content=\"\u015eirketlerimiz - AYGEN\" \/>\n<meta property=\"og:description\" content=\"Aygen Grup \u015eirketleri\" \/>\n<meta property=\"og:url\" content=\"https:\/\/aygen.com.tr\/?page_id=1044\" \/>\n<meta property=\"og:site_name\" content=\"AYGEN\" \/>\n<meta property=\"article:publisher\" content=\"https:\/\/www.facebook.com\/agl.corp\" \/>\n<meta property=\"article:modified_time\" content=\"2024-08-19T09:17:35+00:00\" \/>\n<meta property=\"og:image\" content=\"https:\/\/aygen.com.tr\/wp-content\/uploads\/2024\/08\/sirketlerimiz.png\" \/>\n<meta name=\"twitter:card\" content=\"summary_large_image\" \/>\n<meta name=\"twitter:label1\" content=\"Tahmini okuma s\u00fcresi\" \/>\n\t<meta name=\"twitter:data1\" content=\"1 dakika\" \/>\n<script type=\"application\/ld+json\" class=\"yoast-schema-graph\">{\"@context\":\"https:\/\/schema.org\",\"@graph\":[{\"@type\":\"WebPage\",\"@id\":\"https:\/\/aygen.com.tr\/?page_id=1044\",\"url\":\"https:\/\/aygen.com.tr\/?page_id=1044\",\"name\":\"\u015eirketlerimiz - AYGEN\",\"isPartOf\":{\"@id\":\"https:\/\/aygen.com.tr\/#website\"},\"primaryImageOfPage\":{\"@id\":\"https:\/\/aygen.com.tr\/?page_id=1044#primaryimage\"},\"image\":{\"@id\":\"https:\/\/aygen.com.tr\/?page_id=1044#primaryimage\"},\"thumbnailUrl\":\"https:\/\/aygen.com.tr\/wp-content\/uploads\/2024\/08\/sirketlerimiz.png\",\"datePublished\":\"2024-03-18T11:10:52+00:00\",\"dateModified\":\"2024-08-19T09:17:35+00:00\",\"description\":\"Aygen Grup \u015eirketleri\",\"breadcrumb\":{\"@id\":\"https:\/\/aygen.com.tr\/?page_id=1044#breadcrumb\"},\"inLanguage\":\"tr\",\"potentialAction\":[{\"@type\":\"ReadAction\",\"target\":[\"https:\/\/aygen.com.tr\/?page_id=1044\"]}]},{\"@type\":\"ImageObject\",\"inLanguage\":\"tr\",\"@id\":\"https:\/\/aygen.com.tr\/?page_id=1044#primaryimage\",\"url\":\"https:\/\/aygen.com.tr\/wp-content\/uploads\/2024\/08\/sirketlerimiz.png\",\"contentUrl\":\"https:\/\/aygen.com.tr\/wp-content\/uploads\/2024\/08\/sirketlerimiz.png\",\"width\":1411,\"height\":2071},{\"@type\":\"BreadcrumbList\",\"@id\":\"https:\/\/aygen.com.tr\/?page_id=1044#breadcrumb\",\"itemListElement\":[{\"@type\":\"ListItem\",\"position\":1,\"name\":\"Anasayfa\",\"item\":\"https:\/\/aygen.com.tr\/\"},{\"@type\":\"ListItem\",\"position\":2,\"name\":\"\u015eirketlerimiz\"}]},{\"@type\":\"WebSite\",\"@id\":\"https:\/\/aygen.com.tr\/#website\",\"url\":\"https:\/\/aygen.com.tr\/\",\"name\":\"AYGEN\",\"description\":\"\u0130novatif G\u00fcmr\u00fckleme I Global Lojistik I Depolama \u00c7\u00f6z\u00fcmleri\",\"publisher\":{\"@id\":\"https:\/\/aygen.com.tr\/#organization\"},\"potentialAction\":[{\"@type\":\"SearchAction\",\"target\":{\"@type\":\"EntryPoint\",\"urlTemplate\":\"https:\/\/aygen.com.tr\/?s={search_term_string}\"},\"query-input\":{\"@type\":\"PropertyValueSpecification\",\"valueRequired\":true,\"valueName\":\"search_term_string\"}}],\"inLanguage\":\"tr\"},{\"@type\":\"Organization\",\"@id\":\"https:\/\/aygen.com.tr\/#organization\",\"name\":\"AYGEN\",\"url\":\"https:\/\/aygen.com.tr\/\",\"logo\":{\"@type\":\"ImageObject\",\"inLanguage\":\"tr\",\"@id\":\"https:\/\/aygen.com.tr\/#\/schema\/logo\/image\/\",\"url\":\"https:\/\/aygen.com.tr\/wp-content\/uploads\/2024\/08\/a00.png\",\"contentUrl\":\"https:\/\/aygen.com.tr\/wp-content\/uploads\/2024\/08\/a00.png\",\"width\":1121,\"height\":457,\"caption\":\"AYGEN\"},\"image\":{\"@id\":\"https:\/\/aygen.com.tr\/#\/schema\/logo\/image\/\"},\"sameAs\":[\"https:\/\/www.facebook.com\/agl.corp\",\"https:\/\/www.linkedin.com\/company\/aygen-global-lojistik-ve-gmrk-mavirlii\/\",\"https:\/\/www.instagram.com\/aygengloballojistik\/\",\"https:\/\/www.youtube.com\/@AygenGlobalLojistikveGumruk\"]}]}<\/script>\n<!-- \/ Yoast SEO plugin. -->","yoast_head_json":{"title":"\u015eirketlerimiz - AYGEN","description":"Aygen Grup \u015eirketleri","robots":{"index":"index","follow":"follow","max-snippet":"max-snippet:-1","max-image-preview":"max-image-preview:large","max-video-preview":"max-video-preview:-1"},"canonical":"https:\/\/aygen.com.tr\/?page_id=1044","og_locale":"tr_TR","og_type":"article","og_title":"\u015eirketlerimiz - AYGEN","og_description":"Aygen Grup \u015eirketleri","og_url":"https:\/\/aygen.com.tr\/?page_id=1044","og_site_name":"AYGEN","article_publisher":"https:\/\/www.facebook.com\/agl.corp","article_modified_time":"2024-08-19T09:17:35+00:00","og_image":[{"url":"https:\/\/aygen.com.tr\/wp-content\/uploads\/2024\/08\/sirketlerimiz.png","type":"","width":"","height":""}],"twitter_card":"summary_large_image","twitter_misc":{"Tahmini okuma s\u00fcresi":"1 dakika"},"schema":{"@context":"https:\/\/schema.org","@graph":[{"@type":"WebPage","@id":"https:\/\/aygen.com.tr\/?page_id=1044","url":"https:\/\/aygen.com.tr\/?page_id=1044","name":"\u015eirketlerimiz - AYGEN","isPartOf":{"@id":"https:\/\/aygen.com.tr\/#website"},"primaryImageOfPage":{"@id":"https:\/\/aygen.com.tr\/?page_id=1044#primaryimage"},"image":{"@id":"https:\/\/aygen.com.tr\/?page_id=1044#primaryimage"},"thumbnailUrl":"https:\/\/aygen.com.tr\/wp-content\/uploads\/2024\/08\/sirketlerimiz.png","datePublished":"2024-03-18T11:10:52+00:00","dateModified":"2024-08-19T09:17:35+00:00","description":"Aygen Grup \u015eirketleri","breadcrumb":{"@id":"https:\/\/aygen.com.tr\/?page_id=1044#breadcrumb"},"inLanguage":"tr","potentialAction":[{"@type":"ReadAction","target":["https:\/\/aygen.com.tr\/?page_id=1044"]}]},{"@type":"ImageObject","inLanguage":"tr","@id":"https:\/\/aygen.com.tr\/?page_id=1044#primaryimage","url":"https:\/\/aygen.com.tr\/wp-content\/uploads\/2024\/08\/sirketlerimiz.png","contentUrl":"https:\/\/aygen.com.tr\/wp-content\/uploads\/2024\/08\/sirketlerimiz.png","width":1411,"height":2071},{"@type":"BreadcrumbList","@id":"https:\/\/aygen.com.tr\/?page_id=1044#breadcrumb","itemListElement":[{"@type":"ListItem","position":1,"name":"Anasayfa","item":"https:\/\/aygen.com.tr\/"},{"@type":"ListItem","position":2,"name":"\u015eirketlerimiz"}]},{"@type":"WebSite","@id":"https:\/\/aygen.com.tr\/#website","url":"https:\/\/aygen.com.tr\/","name":"AYGEN","description":"\u0130novatif G\u00fcmr\u00fckleme I Global Lojistik I Depolama \u00c7\u00f6z\u00fcmleri","publisher":{"@id":"https:\/\/aygen.com.tr\/#organization"},"potentialAction":[{"@type":"SearchAction","target":{"@type":"EntryPoint","urlTemplate":"https:\/\/aygen.com.tr\/?s={search_term_string}"},"query-input":{"@type":"PropertyValueSpecification","valueRequired":true,"valueName":"search_term_string"}}],"inLanguage":"tr"},{"@type":"Organization","@id":"https:\/\/aygen.com.tr\/#organization","name":"AYGEN","url":"https:\/\/aygen.com.tr\/","logo":{"@type":"ImageObject","inLanguage":"tr","@id":"https:\/\/aygen.com.tr\/#\/schema\/logo\/image\/","url":"https:\/\/aygen.com.tr\/wp-content\/uploads\/2024\/08\/a00.png","contentUrl":"https:\/\/aygen.com.tr\/wp-content\/uploads\/2024\/08\/a00.png","width":1121,"height":457,"caption":"AYGEN"},"image":{"@id":"https:\/\/aygen.com.tr\/#\/schema\/logo\/image\/"},"sameAs":["https:\/\/www.facebook.com\/agl.corp","https:\/\/www.linkedin.com\/company\/aygen-global-lojistik-ve-gmrk-mavirlii\/","https:\/\/www.instagram.com\/aygengloballojistik\/","https:\/\/www.youtube.com\/@AygenGlobalLojistikveGumruk"]}]}},"_links":{"self":[{"href":"https:\/\/aygen.com.tr\/index.php?rest_route=\/wp\/v2\/pages\/1044","targetHints":{"allow":["GET"]}}],"collection":[{"href":"https:\/\/aygen.com.tr\/index.php?rest_route=\/wp\/v2\/pages"}],"about":[{"href":"https:\/\/aygen.com.tr\/index.php?rest_route=\/wp\/v2\/types\/page"}],"author":[{"embeddable":true,"href":"https:\/\/aygen.com.tr\/index.php?rest_route=\/wp\/v2\/users\/1"}],"replies":[{"embeddable":true,"href":"https:\/\/aygen.com.tr\/index.php?rest_route=%2Fwp%2Fv2%2Fcomments&post=1044"}],"version-history":[{"count":3,"href":"https:\/\/aygen.com.tr\/index.php?rest_route=\/wp\/v2\/pages\/1044\/revisions"}],"predecessor-version":[{"id":1419,"href":"https:\/\/aygen.com.tr\/index.php?rest_route=\/wp\/v2\/pages\/1044\/revisions\/1419"}],"wp:attachment":[{"href":"https:\/\/aygen.com.tr\/index.php?rest_route=%2Fwp%2Fv2%2Fmedia&parent=1044"}],"curies":[{"name":"wp","href":"https:\/\/api.w.org\/{rel}","templated":true}]}}