{"id":1077,"date":"2024-06-20T12:34:46","date_gmt":"2024-06-20T09:34:46","guid":{"rendered":"https:\/\/www.aygen.com.tr\/?page_id=1077"},"modified":"2025-05-14T15:28:04","modified_gmt":"2025-05-14T12:28:04","slug":"denizyolu","status":"publish","type":"page","link":"https:\/\/aygen.com.tr\/?page_id=1077","title":{"rendered":"Denizyolu"},"content":{"rendered":"\n<p><strong>Deniz Ta\u015f\u0131mac\u0131l\u0131\u011f\u0131nda G\u00fcvenilir \u00c7\u00f6z\u00fcm Orta\u011f\u0131n\u0131z<\/strong><\/p>\n\n\n\n<p>E\u011fer uluslararas\u0131 denizyolu g\u00f6nderinizin tam zaman\u0131nda ve sorunsuz bir \u015fekilde istedi\u011finiz yere ula\u015fmas\u0131n\u0131 istiyorsan\u0131z, Aygen Logistics olarak hatlar ve navlun acenteleri ile sundu\u011fumuz geni\u015f kapsaml\u0131 \u00e7\u00f6z\u00fcmlerle her zaman yan\u0131n\u0131zday\u0131z.<\/p>\n\n\n\n<figure class=\"wp-block-image\"><img loading=\"lazy\" decoding=\"async\" width=\"1920\" height=\"1067\" src=\"https:\/\/aygen.com.tr\/wp-content\/uploads\/2024\/08\/aygen08-05-2017_4436_denizyolu-tasimaciligi.jpeg\" alt=\"\" class=\"wp-image-1498\" srcset=\"https:\/\/aygen.com.tr\/wp-content\/uploads\/2024\/08\/aygen08-05-2017_4436_denizyolu-tasimaciligi.jpeg 1920w, https:\/\/aygen.com.tr\/wp-content\/uploads\/2024\/08\/aygen08-05-2017_4436_denizyolu-tasimaciligi-300x167.jpeg 300w, https:\/\/aygen.com.tr\/wp-content\/uploads\/2024\/08\/aygen08-05-2017_4436_denizyolu-tasimaciligi-1024x569.jpeg 1024w, https:\/\/aygen.com.tr\/wp-content\/uploads\/2024\/08\/aygen08-05-2017_4436_denizyolu-tasimaciligi-768x427.jpeg 768w, https:\/\/aygen.com.tr\/wp-content\/uploads\/2024\/08\/aygen08-05-2017_4436_denizyolu-tasimaciligi-1536x854.jpeg 1536w\" sizes=\"auto, (max-width: 1920px) 100vw, 1920px\" \/><\/figure>\n\n\n\n<p><\/p>\n\n\n\n<p class=\"has-text-align-left\"><strong>Deniz Ta\u015f\u0131mac\u0131l\u0131\u011f\u0131 Hizmetleri<\/strong><\/p>\n\n\n\n<p class=\"has-text-align-left\"><b><u><br><\/u><\/b>Deniz ta\u015f\u0131mac\u0131l\u0131\u011f\u0131, limanlar aras\u0131 \u00fcr\u00fcn ta\u015f\u0131mac\u0131l\u0131\u011f\u0131n\u0131 profesyonel ve ekonomik bir \u015fekilde ger\u00e7ekle\u015ftiren en g\u00fcvenilir y\u00f6ntemdir. Aygen Logistics, bu s\u00fcre\u00e7te maliyetleri minimumda tutarak \u00fcr\u00fcnlerinizi g\u00fcvenli bir \u015fekilde kar\u015f\u0131 tarafa ula\u015ft\u0131r\u0131r. En d\u00fc\u015f\u00fck maliyetli ta\u015f\u0131mac\u0131l\u0131k t\u00fcr\u00fc olmas\u0131 nedeniyle denizyolu ta\u015f\u0131mac\u0131l\u0131\u011f\u0131 s\u0131kl\u0131kla tercih edilmektedir. Gemilerle yap\u0131lan ta\u015f\u0131mac\u0131l\u0131k, belirli kurallara uygun olarak ger\u00e7ekle\u015ftirilir.<\/p>\n\n\n\n<p>Denize k\u0131y\u0131s\u0131 olan \u00fclkeler, ekonomik ve h\u0131zl\u0131 mal ta\u015f\u0131ma imk\u00e2n\u0131 sunan denizyolu ta\u015f\u0131mac\u0131l\u0131\u011f\u0131n\u0131 tercih etmektedir. Hassas \u00fcr\u00fcnlerin darbe almadan ta\u015f\u0131nmas\u0131n\u0131 sa\u011flayan bu y\u00f6ntem, g\u00fcvenilirli\u011fi ile \u00f6n plana \u00e7\u0131kar.<\/p>\n\n\n\n<p>Gemilere mallar\u0131n y\u00fcklenmesiyle ba\u015flayan denizyolu ta\u015f\u0131mac\u0131l\u0131\u011f\u0131 s\u00fcreci, \u00fcr\u00fcnlerin var\u0131\u015f liman\u0131na b\u0131rak\u0131lmas\u0131yla son bulur. Karayolu ve demiryolu ta\u015f\u0131mac\u0131l\u0131\u011f\u0131na k\u0131yasla daha ucuz bir y\u00f6ntem olan denizyolu ta\u015f\u0131mac\u0131l\u0131\u011f\u0131, \u00f6zellikle b\u00fcy\u00fck hacimli y\u00fckler i\u00e7in idealdir.<\/p>\n\n\n\n<p><strong>Deniz Ta\u015f\u0131mac\u0131l\u0131\u011f\u0131n\u0131n Avantajlar\u0131<\/strong><\/p>\n\n\n\n<p><b><u><br><\/u><\/b>Deniz ta\u015f\u0131mac\u0131l\u0131\u011f\u0131, maliyet, h\u0131z ve g\u00fcvenlik gibi kriterler g\u00f6z \u00f6n\u00fcne al\u0131nd\u0131\u011f\u0131nda b\u00fcy\u00fck avantajlar sunar. Aygen Logistics, en son teknolojileri kullanarak okyanus a\u015f\u0131r\u0131 lokasyonlara bile h\u0131zl\u0131 g\u00f6nderim sa\u011flar. \u00dc\u00e7 taraf\u0131 denizlerle \u00e7evrili olan \u00fclkemiz i\u00e7in denizyolu ta\u015f\u0131mac\u0131l\u0131\u011f\u0131 b\u00fcy\u00fck bir \u00f6neme sahiptir.<\/p>\n\n\n\n<p>\u0130thalat ve ihracat s\u00fcre\u00e7lerinde denizyolu ta\u015f\u0131mac\u0131l\u0131\u011f\u0131 tercih edilmekte olup, y\u00fcksek g\u00fcvenlik \u00f6nlemleri sayesinde yan\u0131c\u0131 madde sevkiyat\u0131 da ger\u00e7ekle\u015ftirilebilmektedir. Tek seferde b\u00fcy\u00fck miktarda y\u00fck ta\u015f\u0131nmas\u0131, sanayi hammaddesi gibi b\u00fcy\u00fck hacimli \u00fcr\u00fcnlerin sevkiyat\u0131nda olduk\u00e7a avantajl\u0131d\u0131r. \u00dclkeler aras\u0131 s\u0131n\u0131r a\u015f\u0131m\u0131 sorunu olmad\u0131\u011f\u0131ndan, denizyolu ta\u015f\u0131mac\u0131l\u0131\u011f\u0131 sorunsuz bir \u015fekilde yap\u0131labilmektedir. Di\u011fer ta\u015f\u0131mac\u0131l\u0131k t\u00fcrleriyle kar\u015f\u0131la\u015ft\u0131r\u0131ld\u0131\u011f\u0131nda, denizyolu ta\u015f\u0131mac\u0131l\u0131\u011f\u0131 daha d\u00fc\u015f\u00fck enerji t\u00fcketimi ile \u00f6ne \u00e7\u0131kmaktad\u0131r.<\/p>\n\n\n\n<p>Aygen Logistics olarak, denizyolu ta\u015f\u0131mac\u0131l\u0131\u011f\u0131 konusundaki uzmanl\u0131\u011f\u0131m\u0131z ve geni\u015f \u00e7\u00f6z\u00fcm yelpazemizle uluslararas\u0131 g\u00f6nderilerinizde g\u00fcvenilir bir partneriz. \u0130htiyac\u0131n\u0131z olan her an yan\u0131n\u0131zda olmak i\u00e7in buraday\u0131z.<\/p>\n\n\n\n<h2 class=\"wp-block-heading\">Bilgi Almak i\u00e7in Formu Doldurunuz<\/h2>\n\n\n\n<div class=\"wpcf7 no-js\" id=\"wpcf7-f161-o1\" lang=\"tr-TR\" dir=\"ltr\" data-wpcf7-id=\"161\">\n<div class=\"screen-reader-response\"><p role=\"status\" aria-live=\"polite\" aria-atomic=\"true\"><\/p> <ul><\/ul><\/div>\n<form action=\"\/index.php?rest_route=%2Fwp%2Fv2%2Fpages%2F1077#wpcf7-f161-o1\" method=\"post\" class=\"wpcf7-form init\" aria-label=\"\u0130leti\u015fim Formu\" novalidate=\"novalidate\" data-status=\"init\">\n<fieldset class=\"hidden-fields-container\"><input type=\"hidden\" name=\"_wpcf7\" value=\"161\" \/><input type=\"hidden\" name=\"_wpcf7_version\" value=\"6.1.5\" \/><input type=\"hidden\" name=\"_wpcf7_locale\" value=\"tr_TR\" \/><input type=\"hidden\" name=\"_wpcf7_unit_tag\" value=\"wpcf7-f161-o1\" \/><input type=\"hidden\" name=\"_wpcf7_container_post\" value=\"0\" \/><input type=\"hidden\" name=\"_wpcf7_posted_data_hash\" value=\"\" \/><input type=\"hidden\" name=\"_wpcf7_recaptcha_response\" value=\"\" \/>\n<\/fieldset>\n<div class=\"safirForm\">\n\t<div class=\"safirLeft\">\n\t\t<p class=\"safiricon kurumsal\"><span class=\"wpcf7-form-control-wrap\" data-name=\"adsoyad\"><input size=\"40\" maxlength=\"400\" class=\"wpcf7-form-control wpcf7-text wpcf7-validates-as-required\" aria-required=\"true\" aria-invalid=\"false\" placeholder=\"Ad\u0131n\u0131z Soyad\u0131n\u0131z\" value=\"\" type=\"text\" name=\"adsoyad\" \/><\/span>\n\t\t<\/p>\n\t\t<p class=\"safiricon email\"><span class=\"wpcf7-form-control-wrap\" data-name=\"email\"><input size=\"40\" maxlength=\"400\" class=\"wpcf7-form-control wpcf7-email wpcf7-validates-as-required wpcf7-text wpcf7-validates-as-email\" aria-required=\"true\" aria-invalid=\"false\" placeholder=\"Eposta Adresiniz\" value=\"\" type=\"email\" name=\"email\" \/><\/span>\n\t\t<\/p>\n\t\t<p class=\"safiricon telefon\"><span class=\"wpcf7-form-control-wrap\" data-name=\"telefon\"><input size=\"40\" maxlength=\"400\" class=\"wpcf7-form-control wpcf7-tel wpcf7-validates-as-required wpcf7-text wpcf7-validates-as-tel\" aria-required=\"true\" aria-invalid=\"false\" placeholder=\"Telefon Numaran\u0131z\" value=\"\" type=\"tel\" name=\"telefon\" \/><\/span>\n\t\t<\/p>\n\t\t<p class=\"safiricon arti\"><span class=\"wpcf7-form-control-wrap\" data-name=\"adet\"><input size=\"40\" maxlength=\"400\" class=\"wpcf7-form-control wpcf7-text\" aria-invalid=\"false\" placeholder=\"\u00dcr\u00fcn adedi\" value=\"\" type=\"text\" name=\"adet\" \/><\/span>\n\t\t<\/p>\n\t<\/div>\n\t<div class=\"safirRight\">\n\t\t<p class=\"safiricon alinti\"><span class=\"wpcf7-form-control-wrap\" data-name=\"mesaj\"><textarea cols=\"40\" rows=\"10\" maxlength=\"2000\" class=\"wpcf7-form-control wpcf7-textarea\" aria-invalid=\"false\" placeholder=\"Varsa mesaj\u0131n\u0131z\u0131 buraya yaz\u0131n\u0131z\" name=\"mesaj\"><\/textarea><\/span>\n\t\t<\/p>\n\t<span class=\"wpcf7-form-control-wrap recaptcha\" data-name=\"recaptcha\"><span data-sitekey=\"6LeVaC0qAAAAAJPIjS3SF-4dSge36oYL4k62-QcJ\" class=\"wpcf7-form-control wpcf7-recaptcha g-recaptcha\"><\/span>\r\n<noscript>\r\n\t<div class=\"grecaptcha-noscript\">\r\n\t\t<iframe loading=\"lazy\" src=\"https:\/\/www.google.com\/recaptcha\/api\/fallback?k=6LeVaC0qAAAAAJPIjS3SF-4dSge36oYL4k62-QcJ\" frameborder=\"0\" scrolling=\"no\" width=\"310\" height=\"430\">\r\n\t\t<\/iframe>\r\n\t\t<textarea name=\"g-recaptcha-response\" rows=\"3\" cols=\"40\" placeholder=\"reCaptcha Response Here\">\r\n\t\t<\/textarea>\r\n\t<\/div>\r\n<\/noscript>\r\n<\/span>\n\t\t<p><input class=\"wpcf7-form-control wpcf7-submit has-spinner safirButton\" type=\"submit\" value=\"TEKL\u0130F FORMUNU G\u00d6NDER\" \/>\n\t\t<\/p>\n\t<\/div>\n<\/div><div class=\"wpcf7-response-output\" aria-hidden=\"true\"><\/div>\n<\/form>\n<\/div>\n\n","protected":false},"excerpt":{"rendered":"<p>Deniz Ta\u015f\u0131mac\u0131l\u0131\u011f\u0131nda G\u00fcvenilir \u00c7\u00f6z\u00fcm Orta\u011f\u0131n\u0131z E\u011fer uluslararas\u0131 denizyolu g\u00f6nderinizin tam zaman\u0131nda ve sorunsuz bir \u015fekilde istedi\u011finiz yere ula\u015fmas\u0131n\u0131 istiyorsan\u0131z, Aygen Logistics olarak hatlar ve navlun acenteleri ile sundu\u011fumuz geni\u015f kapsaml\u0131 \u00e7\u00f6z\u00fcmlerle her zaman yan\u0131n\u0131zday\u0131z. Deniz Ta\u015f\u0131mac\u0131l\u0131\u011f\u0131 Hizmetleri Deniz ta\u015f\u0131mac\u0131l\u0131\u011f\u0131, limanlar aras\u0131 \u00fcr\u00fcn ta\u015f\u0131mac\u0131l\u0131\u011f\u0131n\u0131 profesyonel ve ekonomik bir \u015fekilde ger\u00e7ekle\u015ftiren en g\u00fcvenilir y\u00f6ntemdir. Aygen Logistics, bu [&hellip;]<\/p>\n","protected":false},"author":1,"featured_media":1498,"parent":531,"menu_order":0,"comment_status":"closed","ping_status":"closed","template":"","meta":{"footnotes":""},"class_list":["post-1077","page","type-page","status-publish","has-post-thumbnail","hentry"],"yoast_head":"<!-- This site is optimized with the Yoast SEO plugin v26.3 - https:\/\/yoast.com\/wordpress\/plugins\/seo\/ -->\n<title>Denizyolu - AYGEN<\/title>\n<meta name=\"description\" content=\"E\u011fer uluslararas\u0131 denizyolu g\u00f6nderinizin tam zaman\u0131nda ve sorunsuz bir \u015fekilde istedi\u011finiz yere ula\u015fmas\u0131n\u0131 istiyorsan\u0131z, Aygen Logistics olarak hatlar ve navlun acenteleri ile sundu\u011fumuz geni\u015f kapsaml\u0131 \u00e7\u00f6z\u00fcmlerle her zaman yan\u0131n\u0131zday\u0131z.\" \/>\n<meta name=\"robots\" content=\"index, follow, max-snippet:-1, max-image-preview:large, max-video-preview:-1\" \/>\n<link rel=\"canonical\" href=\"https:\/\/aygen.com.tr\/?page_id=1077\" \/>\n<meta property=\"og:locale\" content=\"tr_TR\" \/>\n<meta property=\"og:type\" content=\"article\" \/>\n<meta property=\"og:title\" content=\"Denizyolu - AYGEN\" \/>\n<meta property=\"og:description\" content=\"E\u011fer uluslararas\u0131 denizyolu g\u00f6nderinizin tam zaman\u0131nda ve sorunsuz bir \u015fekilde istedi\u011finiz yere ula\u015fmas\u0131n\u0131 istiyorsan\u0131z, Aygen Logistics olarak hatlar ve navlun acenteleri ile sundu\u011fumuz geni\u015f kapsaml\u0131 \u00e7\u00f6z\u00fcmlerle her zaman yan\u0131n\u0131zday\u0131z.\" \/>\n<meta property=\"og:url\" content=\"https:\/\/aygen.com.tr\/?page_id=1077\" \/>\n<meta property=\"og:site_name\" content=\"AYGEN\" \/>\n<meta property=\"article:publisher\" content=\"https:\/\/www.facebook.com\/agl.corp\" \/>\n<meta property=\"article:modified_time\" content=\"2025-05-14T12:28:04+00:00\" \/>\n<meta property=\"og:image\" content=\"https:\/\/aygen.com.tr\/wp-content\/uploads\/2024\/08\/aygen08-05-2017_4436_denizyolu-tasimaciligi.jpeg\" \/>\n\t<meta property=\"og:image:width\" content=\"1920\" \/>\n\t<meta property=\"og:image:height\" content=\"1067\" \/>\n\t<meta property=\"og:image:type\" content=\"image\/jpeg\" \/>\n<meta name=\"twitter:card\" content=\"summary_large_image\" \/>\n<meta name=\"twitter:label1\" content=\"Tahmini okuma s\u00fcresi\" \/>\n\t<meta name=\"twitter:data1\" content=\"3 dakika\" \/>\n<script type=\"application\/ld+json\" class=\"yoast-schema-graph\">{\"@context\":\"https:\/\/schema.org\",\"@graph\":[{\"@type\":\"WebPage\",\"@id\":\"https:\/\/aygen.com.tr\/?page_id=1077\",\"url\":\"https:\/\/aygen.com.tr\/?page_id=1077\",\"name\":\"Denizyolu - AYGEN\",\"isPartOf\":{\"@id\":\"https:\/\/aygen.com.tr\/#website\"},\"primaryImageOfPage\":{\"@id\":\"https:\/\/aygen.com.tr\/?page_id=1077#primaryimage\"},\"image\":{\"@id\":\"https:\/\/aygen.com.tr\/?page_id=1077#primaryimage\"},\"thumbnailUrl\":\"https:\/\/aygen.com.tr\/wp-content\/uploads\/2024\/08\/aygen08-05-2017_4436_denizyolu-tasimaciligi.jpeg\",\"datePublished\":\"2024-06-20T09:34:46+00:00\",\"dateModified\":\"2025-05-14T12:28:04+00:00\",\"description\":\"E\u011fer uluslararas\u0131 denizyolu g\u00f6nderinizin tam zaman\u0131nda ve sorunsuz bir \u015fekilde istedi\u011finiz yere ula\u015fmas\u0131n\u0131 istiyorsan\u0131z, Aygen Logistics olarak hatlar ve navlun acenteleri ile sundu\u011fumuz geni\u015f kapsaml\u0131 \u00e7\u00f6z\u00fcmlerle her zaman yan\u0131n\u0131zday\u0131z.\",\"breadcrumb\":{\"@id\":\"https:\/\/aygen.com.tr\/?page_id=1077#breadcrumb\"},\"inLanguage\":\"tr\",\"potentialAction\":[{\"@type\":\"ReadAction\",\"target\":[\"https:\/\/aygen.com.tr\/?page_id=1077\"]}]},{\"@type\":\"ImageObject\",\"inLanguage\":\"tr\",\"@id\":\"https:\/\/aygen.com.tr\/?page_id=1077#primaryimage\",\"url\":\"https:\/\/aygen.com.tr\/wp-content\/uploads\/2024\/08\/aygen08-05-2017_4436_denizyolu-tasimaciligi.jpeg\",\"contentUrl\":\"https:\/\/aygen.com.tr\/wp-content\/uploads\/2024\/08\/aygen08-05-2017_4436_denizyolu-tasimaciligi.jpeg\",\"width\":1920,\"height\":1067,\"caption\":\"Denizyolu\"},{\"@type\":\"BreadcrumbList\",\"@id\":\"https:\/\/aygen.com.tr\/?page_id=1077#breadcrumb\",\"itemListElement\":[{\"@type\":\"ListItem\",\"position\":1,\"name\":\"Anasayfa\",\"item\":\"https:\/\/aygen.com.tr\/\"},{\"@type\":\"ListItem\",\"position\":2,\"name\":\"Hizmetlerimiz\",\"item\":\"https:\/\/aygen.com.tr\/?page_id=453\"},{\"@type\":\"ListItem\",\"position\":3,\"name\":\"Lojistik Hizmetleri\",\"item\":\"https:\/\/aygen.com.tr\/?page_id=531\"},{\"@type\":\"ListItem\",\"position\":4,\"name\":\"Denizyolu\"}]},{\"@type\":\"WebSite\",\"@id\":\"https:\/\/aygen.com.tr\/#website\",\"url\":\"https:\/\/aygen.com.tr\/\",\"name\":\"AYGEN\",\"description\":\"\u0130novatif G\u00fcmr\u00fckleme I Global Lojistik I Depolama \u00c7\u00f6z\u00fcmleri\",\"publisher\":{\"@id\":\"https:\/\/aygen.com.tr\/#organization\"},\"potentialAction\":[{\"@type\":\"SearchAction\",\"target\":{\"@type\":\"EntryPoint\",\"urlTemplate\":\"https:\/\/aygen.com.tr\/?s={search_term_string}\"},\"query-input\":{\"@type\":\"PropertyValueSpecification\",\"valueRequired\":true,\"valueName\":\"search_term_string\"}}],\"inLanguage\":\"tr\"},{\"@type\":\"Organization\",\"@id\":\"https:\/\/aygen.com.tr\/#organization\",\"name\":\"AYGEN\",\"url\":\"https:\/\/aygen.com.tr\/\",\"logo\":{\"@type\":\"ImageObject\",\"inLanguage\":\"tr\",\"@id\":\"https:\/\/aygen.com.tr\/#\/schema\/logo\/image\/\",\"url\":\"https:\/\/aygen.com.tr\/wp-content\/uploads\/2024\/08\/a00.png\",\"contentUrl\":\"https:\/\/aygen.com.tr\/wp-content\/uploads\/2024\/08\/a00.png\",\"width\":1121,\"height\":457,\"caption\":\"AYGEN\"},\"image\":{\"@id\":\"https:\/\/aygen.com.tr\/#\/schema\/logo\/image\/\"},\"sameAs\":[\"https:\/\/www.facebook.com\/agl.corp\",\"https:\/\/www.linkedin.com\/company\/aygen-global-lojistik-ve-gmrk-mavirlii\/\",\"https:\/\/www.instagram.com\/aygengloballojistik\/\",\"https:\/\/www.youtube.com\/@AygenGlobalLojistikveGumruk\"]}]}<\/script>\n<!-- \/ Yoast SEO plugin. -->","yoast_head_json":{"title":"Denizyolu - AYGEN","description":"E\u011fer uluslararas\u0131 denizyolu g\u00f6nderinizin tam zaman\u0131nda ve sorunsuz bir \u015fekilde istedi\u011finiz yere ula\u015fmas\u0131n\u0131 istiyorsan\u0131z, Aygen Logistics olarak hatlar ve navlun acenteleri ile sundu\u011fumuz geni\u015f kapsaml\u0131 \u00e7\u00f6z\u00fcmlerle her zaman yan\u0131n\u0131zday\u0131z.","robots":{"index":"index","follow":"follow","max-snippet":"max-snippet:-1","max-image-preview":"max-image-preview:large","max-video-preview":"max-video-preview:-1"},"canonical":"https:\/\/aygen.com.tr\/?page_id=1077","og_locale":"tr_TR","og_type":"article","og_title":"Denizyolu - AYGEN","og_description":"E\u011fer uluslararas\u0131 denizyolu g\u00f6nderinizin tam zaman\u0131nda ve sorunsuz bir \u015fekilde istedi\u011finiz yere ula\u015fmas\u0131n\u0131 istiyorsan\u0131z, Aygen Logistics olarak hatlar ve navlun acenteleri ile sundu\u011fumuz geni\u015f kapsaml\u0131 \u00e7\u00f6z\u00fcmlerle her zaman yan\u0131n\u0131zday\u0131z.","og_url":"https:\/\/aygen.com.tr\/?page_id=1077","og_site_name":"AYGEN","article_publisher":"https:\/\/www.facebook.com\/agl.corp","article_modified_time":"2025-05-14T12:28:04+00:00","og_image":[{"width":1920,"height":1067,"url":"https:\/\/aygen.com.tr\/wp-content\/uploads\/2024\/08\/aygen08-05-2017_4436_denizyolu-tasimaciligi.jpeg","type":"image\/jpeg"}],"twitter_card":"summary_large_image","twitter_misc":{"Tahmini okuma s\u00fcresi":"3 dakika"},"schema":{"@context":"https:\/\/schema.org","@graph":[{"@type":"WebPage","@id":"https:\/\/aygen.com.tr\/?page_id=1077","url":"https:\/\/aygen.com.tr\/?page_id=1077","name":"Denizyolu - AYGEN","isPartOf":{"@id":"https:\/\/aygen.com.tr\/#website"},"primaryImageOfPage":{"@id":"https:\/\/aygen.com.tr\/?page_id=1077#primaryimage"},"image":{"@id":"https:\/\/aygen.com.tr\/?page_id=1077#primaryimage"},"thumbnailUrl":"https:\/\/aygen.com.tr\/wp-content\/uploads\/2024\/08\/aygen08-05-2017_4436_denizyolu-tasimaciligi.jpeg","datePublished":"2024-06-20T09:34:46+00:00","dateModified":"2025-05-14T12:28:04+00:00","description":"E\u011fer uluslararas\u0131 denizyolu g\u00f6nderinizin tam zaman\u0131nda ve sorunsuz bir \u015fekilde istedi\u011finiz yere ula\u015fmas\u0131n\u0131 istiyorsan\u0131z, Aygen Logistics olarak hatlar ve navlun acenteleri ile sundu\u011fumuz geni\u015f kapsaml\u0131 \u00e7\u00f6z\u00fcmlerle her zaman yan\u0131n\u0131zday\u0131z.","breadcrumb":{"@id":"https:\/\/aygen.com.tr\/?page_id=1077#breadcrumb"},"inLanguage":"tr","potentialAction":[{"@type":"ReadAction","target":["https:\/\/aygen.com.tr\/?page_id=1077"]}]},{"@type":"ImageObject","inLanguage":"tr","@id":"https:\/\/aygen.com.tr\/?page_id=1077#primaryimage","url":"https:\/\/aygen.com.tr\/wp-content\/uploads\/2024\/08\/aygen08-05-2017_4436_denizyolu-tasimaciligi.jpeg","contentUrl":"https:\/\/aygen.com.tr\/wp-content\/uploads\/2024\/08\/aygen08-05-2017_4436_denizyolu-tasimaciligi.jpeg","width":1920,"height":1067,"caption":"Denizyolu"},{"@type":"BreadcrumbList","@id":"https:\/\/aygen.com.tr\/?page_id=1077#breadcrumb","itemListElement":[{"@type":"ListItem","position":1,"name":"Anasayfa","item":"https:\/\/aygen.com.tr\/"},{"@type":"ListItem","position":2,"name":"Hizmetlerimiz","item":"https:\/\/aygen.com.tr\/?page_id=453"},{"@type":"ListItem","position":3,"name":"Lojistik Hizmetleri","item":"https:\/\/aygen.com.tr\/?page_id=531"},{"@type":"ListItem","position":4,"name":"Denizyolu"}]},{"@type":"WebSite","@id":"https:\/\/aygen.com.tr\/#website","url":"https:\/\/aygen.com.tr\/","name":"AYGEN","description":"\u0130novatif G\u00fcmr\u00fckleme I Global Lojistik I Depolama \u00c7\u00f6z\u00fcmleri","publisher":{"@id":"https:\/\/aygen.com.tr\/#organization"},"potentialAction":[{"@type":"SearchAction","target":{"@type":"EntryPoint","urlTemplate":"https:\/\/aygen.com.tr\/?s={search_term_string}"},"query-input":{"@type":"PropertyValueSpecification","valueRequired":true,"valueName":"search_term_string"}}],"inLanguage":"tr"},{"@type":"Organization","@id":"https:\/\/aygen.com.tr\/#organization","name":"AYGEN","url":"https:\/\/aygen.com.tr\/","logo":{"@type":"ImageObject","inLanguage":"tr","@id":"https:\/\/aygen.com.tr\/#\/schema\/logo\/image\/","url":"https:\/\/aygen.com.tr\/wp-content\/uploads\/2024\/08\/a00.png","contentUrl":"https:\/\/aygen.com.tr\/wp-content\/uploads\/2024\/08\/a00.png","width":1121,"height":457,"caption":"AYGEN"},"image":{"@id":"https:\/\/aygen.com.tr\/#\/schema\/logo\/image\/"},"sameAs":["https:\/\/www.facebook.com\/agl.corp","https:\/\/www.linkedin.com\/company\/aygen-global-lojistik-ve-gmrk-mavirlii\/","https:\/\/www.instagram.com\/aygengloballojistik\/","https:\/\/www.youtube.com\/@AygenGlobalLojistikveGumruk"]}]}},"_links":{"self":[{"href":"https:\/\/aygen.com.tr\/index.php?rest_route=\/wp\/v2\/pages\/1077","targetHints":{"allow":["GET"]}}],"collection":[{"href":"https:\/\/aygen.com.tr\/index.php?rest_route=\/wp\/v2\/pages"}],"about":[{"href":"https:\/\/aygen.com.tr\/index.php?rest_route=\/wp\/v2\/types\/page"}],"author":[{"embeddable":true,"href":"https:\/\/aygen.com.tr\/index.php?rest_route=\/wp\/v2\/users\/1"}],"replies":[{"embeddable":true,"href":"https:\/\/aygen.com.tr\/index.php?rest_route=%2Fwp%2Fv2%2Fcomments&post=1077"}],"version-history":[{"count":3,"href":"https:\/\/aygen.com.tr\/index.php?rest_route=\/wp\/v2\/pages\/1077\/revisions"}],"predecessor-version":[{"id":1578,"href":"https:\/\/aygen.com.tr\/index.php?rest_route=\/wp\/v2\/pages\/1077\/revisions\/1578"}],"up":[{"embeddable":true,"href":"https:\/\/aygen.com.tr\/index.php?rest_route=\/wp\/v2\/pages\/531"}],"wp:featuredmedia":[{"embeddable":true,"href":"https:\/\/aygen.com.tr\/index.php?rest_route=\/wp\/v2\/media\/1498"}],"wp:attachment":[{"href":"https:\/\/aygen.com.tr\/index.php?rest_route=%2Fwp%2Fv2%2Fmedia&parent=1077"}],"curies":[{"name":"wp","href":"https:\/\/api.w.org\/{rel}","templated":true}]}}