{"id":1169,"date":"2024-06-20T14:18:10","date_gmt":"2024-06-20T11:18:10","guid":{"rendered":"https:\/\/www.aygen.com.tr\/?page_id=1169"},"modified":"2025-05-14T15:30:06","modified_gmt":"2025-05-14T12:30:06","slug":"demiryolu","status":"publish","type":"page","link":"https:\/\/aygen.com.tr\/?page_id=1169","title":{"rendered":"Demiryolu"},"content":{"rendered":"\n<p><strong>Demiryolu Kargo Ta\u015f\u0131mac\u0131l\u0131\u011f\u0131nda G\u00fcvenilir Orta\u011f\u0131n\u0131z<\/strong><\/p>\n\n\n\n<p>Uluslararas\u0131 demiryolu g\u00f6nderinizin zaman\u0131nda ve sorunsuz bir \u015fekilde istedi\u011finiz yere ula\u015fmas\u0131n\u0131 sa\u011flamak i\u00e7in uzman bir demiryolu ta\u015f\u0131mac\u0131l\u0131\u011f\u0131 hizmetine ihtiyac\u0131n\u0131z varsa, \u00e7evreye duyarl\u0131, g\u00fcvenli ve ekonomik \u00e7\u00f6z\u00fcmler sunan Aygen Logistics her zaman yan\u0131n\u0131zda.<\/p>\n\n\n\n<figure class=\"wp-block-image\"><img loading=\"lazy\" decoding=\"async\" width=\"1500\" height=\"967\" src=\"https:\/\/aygen.com.tr\/wp-content\/uploads\/2024\/08\/tasidemiryolu.jpeg\" alt=\"\" class=\"wp-image-1497\" srcset=\"https:\/\/aygen.com.tr\/wp-content\/uploads\/2024\/08\/tasidemiryolu.jpeg 1500w, https:\/\/aygen.com.tr\/wp-content\/uploads\/2024\/08\/tasidemiryolu-300x193.jpeg 300w, https:\/\/aygen.com.tr\/wp-content\/uploads\/2024\/08\/tasidemiryolu-1024x660.jpeg 1024w, https:\/\/aygen.com.tr\/wp-content\/uploads\/2024\/08\/tasidemiryolu-768x495.jpeg 768w\" sizes=\"auto, (max-width: 1500px) 100vw, 1500px\" \/><\/figure>\n\n\n\n<p><\/p>\n\n\n\n<p><strong>Aygen Logistics Demiryolu Kargo Ta\u015f\u0131mac\u0131l\u0131\u011f\u0131<\/strong><\/p>\n\n\n\n<p>G\u0131dadan beyaz e\u015fyaya, hammaddeden mamul maddeye kadar geni\u015f vagon park\u0131m\u0131zla ta\u015f\u0131malar\u0131n\u0131z\u0131 Aygen Logistics olarak ger\u00e7ekle\u015ftiriyoruz. Geli\u015fen teknolojiye ayak uyduran ve yenilik\u00e7i \u00e7\u00f6z\u00fcmler sunan Aygen Logistics, demiryolu ta\u015f\u0131mac\u0131l\u0131\u011f\u0131 hizmetlerinde \u00f6ne \u00e7\u0131kmaktad\u0131r. H\u0131zl\u0131 ve etkin ta\u015f\u0131mac\u0131l\u0131k sa\u011flamak amac\u0131yla demiryolu kargo ta\u015f\u0131mac\u0131l\u0131\u011f\u0131 \u00f6nerilmektedir. Kaynaklar etkin bir \u015fekilde kullan\u0131larak ta\u015f\u0131nma s\u00fcreleri k\u0131salt\u0131lmaktad\u0131r.<\/p>\n\n\n\n<p>Ta\u015f\u0131nacak e\u015fyan\u0131n cinsi, a\u011f\u0131rl\u0131\u011f\u0131, \u00e7\u0131k\u0131\u015f ve var\u0131\u015f istasyonlar\u0131 aras\u0131ndaki mesafe, ta\u015f\u0131ma \u00fccretlerinde de\u011fi\u015fikli\u011fe neden olmaktad\u0131r. G\u00f6nderici taraf\u0131ndan \u00e7\u0131k\u0131\u015f noktas\u0131ndan pe\u015fin \u00f6deme yap\u0131labilece\u011fi gibi var\u0131\u015f istasyonunda da \u00f6deme al\u0131nabilmektedir. Pe\u015fin \u00f6demenin yan\u0131 s\u0131ra avans \u00f6demeli veya kredi kart\u0131 ile \u00f6deme imkan\u0131 da sunulmaktad\u0131r. Bir\u00e7ok Avrupa \u00fclkesine ger\u00e7ekle\u015ftirilen seferlerle m\u00fc\u015fteriler g\u00fcvenli ve h\u0131zl\u0131 bir ta\u015f\u0131ma hizmeti almaktad\u0131r.<\/p>\n\n\n\n<p><\/p>\n\n\n\n<p><strong>Ekonomik Demiryolu Kargo Ta\u015f\u0131mac\u0131l\u0131\u011f\u0131<\/strong><\/p>\n\n\n\n<p>Demiryolu ta\u015f\u0131mac\u0131l\u0131\u011f\u0131nda yeniliklere imza atan Aygen Logistics, filosunu s\u00fcrekli olarak geni\u015fletmektedir. Ta\u015f\u0131ma teknolojilerinin ekonomik bir \u015fekilde kullan\u0131lmas\u0131, m\u00fc\u015fterilere avantajl\u0131 ta\u015f\u0131ma \u00fccretlerinin sunulmas\u0131n\u0131 sa\u011flamaktad\u0131r. Y\u00fcksek maliyetlere katlanmadan demiryolu kargo ta\u015f\u0131mac\u0131l\u0131\u011f\u0131 hizmeti alan m\u00fc\u015fteriler, a\u00e7\u0131k veya kapal\u0131 vagonlar aras\u0131nda tercih yapabilmektedir.<\/p>\n\n\n\n<p>\u0130nsan ba\u011f\u0131ml\u0131l\u0131\u011f\u0131n\u0131 en aza indirerek hata riskini asgari d\u00fczeye d\u00fc\u015f\u00fcr\u00fcyoruz. Mevsim \u015fartlar\u0131ndan etkilenmeyen demiryolu ta\u015f\u0131mac\u0131l\u0131\u011f\u0131 sayesinde aksakl\u0131k ya\u015fanmamaktad\u0131r. Y\u00fckler d\u00fczenli bir \u015fekilde vagonlara istiflendikten sonra en g\u00fcvenli \u015fekilde ta\u015f\u0131nmaktad\u0131r. Demiryolu kargo ta\u015f\u0131mac\u0131l\u0131\u011f\u0131nda en fazla kapal\u0131 vagon tercih edilmektedir. Kapal\u0131 vagonlarda ev e\u015fyas\u0131, g\u0131da malzemeleri, canl\u0131 hayvan, g\u00fcbre ve torbal\u0131 \u00e7imento gibi \u00fcr\u00fcnler ta\u015f\u0131nmaktad\u0131r.<\/p>\n\n\n\n<h2 class=\"wp-block-heading\">Bilgi Almak i\u00e7in Formu Doldurunuz<\/h2>\n\n\n\n<div class=\"wpcf7 no-js\" id=\"wpcf7-f161-o1\" lang=\"tr-TR\" dir=\"ltr\" data-wpcf7-id=\"161\">\n<div class=\"screen-reader-response\"><p role=\"status\" aria-live=\"polite\" aria-atomic=\"true\"><\/p> <ul><\/ul><\/div>\n<form action=\"\/index.php?rest_route=%2Fwp%2Fv2%2Fpages%2F1169#wpcf7-f161-o1\" method=\"post\" class=\"wpcf7-form init\" aria-label=\"\u0130leti\u015fim Formu\" novalidate=\"novalidate\" data-status=\"init\">\n<fieldset class=\"hidden-fields-container\"><input type=\"hidden\" name=\"_wpcf7\" value=\"161\" \/><input type=\"hidden\" name=\"_wpcf7_version\" value=\"6.1.5\" \/><input type=\"hidden\" name=\"_wpcf7_locale\" value=\"tr_TR\" \/><input type=\"hidden\" name=\"_wpcf7_unit_tag\" value=\"wpcf7-f161-o1\" \/><input type=\"hidden\" name=\"_wpcf7_container_post\" value=\"0\" \/><input type=\"hidden\" name=\"_wpcf7_posted_data_hash\" value=\"\" \/><input type=\"hidden\" name=\"_wpcf7_recaptcha_response\" value=\"\" \/>\n<\/fieldset>\n<div class=\"safirForm\">\n\t<div class=\"safirLeft\">\n\t\t<p class=\"safiricon kurumsal\"><span class=\"wpcf7-form-control-wrap\" data-name=\"adsoyad\"><input size=\"40\" maxlength=\"400\" class=\"wpcf7-form-control wpcf7-text wpcf7-validates-as-required\" aria-required=\"true\" aria-invalid=\"false\" placeholder=\"Ad\u0131n\u0131z Soyad\u0131n\u0131z\" value=\"\" type=\"text\" name=\"adsoyad\" \/><\/span>\n\t\t<\/p>\n\t\t<p class=\"safiricon email\"><span class=\"wpcf7-form-control-wrap\" data-name=\"email\"><input size=\"40\" maxlength=\"400\" class=\"wpcf7-form-control wpcf7-email wpcf7-validates-as-required wpcf7-text wpcf7-validates-as-email\" aria-required=\"true\" aria-invalid=\"false\" placeholder=\"Eposta Adresiniz\" value=\"\" type=\"email\" name=\"email\" \/><\/span>\n\t\t<\/p>\n\t\t<p class=\"safiricon telefon\"><span class=\"wpcf7-form-control-wrap\" data-name=\"telefon\"><input size=\"40\" maxlength=\"400\" class=\"wpcf7-form-control wpcf7-tel wpcf7-validates-as-required wpcf7-text wpcf7-validates-as-tel\" aria-required=\"true\" aria-invalid=\"false\" placeholder=\"Telefon Numaran\u0131z\" value=\"\" type=\"tel\" name=\"telefon\" \/><\/span>\n\t\t<\/p>\n\t\t<p class=\"safiricon arti\"><span class=\"wpcf7-form-control-wrap\" data-name=\"adet\"><input size=\"40\" maxlength=\"400\" class=\"wpcf7-form-control wpcf7-text\" aria-invalid=\"false\" placeholder=\"\u00dcr\u00fcn adedi\" value=\"\" type=\"text\" name=\"adet\" \/><\/span>\n\t\t<\/p>\n\t<\/div>\n\t<div class=\"safirRight\">\n\t\t<p class=\"safiricon alinti\"><span class=\"wpcf7-form-control-wrap\" data-name=\"mesaj\"><textarea cols=\"40\" rows=\"10\" maxlength=\"2000\" class=\"wpcf7-form-control wpcf7-textarea\" aria-invalid=\"false\" placeholder=\"Varsa mesaj\u0131n\u0131z\u0131 buraya yaz\u0131n\u0131z\" name=\"mesaj\"><\/textarea><\/span>\n\t\t<\/p>\n\t<span class=\"wpcf7-form-control-wrap recaptcha\" data-name=\"recaptcha\"><span data-sitekey=\"6LeVaC0qAAAAAJPIjS3SF-4dSge36oYL4k62-QcJ\" class=\"wpcf7-form-control wpcf7-recaptcha g-recaptcha\"><\/span>\r\n<noscript>\r\n\t<div class=\"grecaptcha-noscript\">\r\n\t\t<iframe loading=\"lazy\" src=\"https:\/\/www.google.com\/recaptcha\/api\/fallback?k=6LeVaC0qAAAAAJPIjS3SF-4dSge36oYL4k62-QcJ\" frameborder=\"0\" scrolling=\"no\" width=\"310\" height=\"430\">\r\n\t\t<\/iframe>\r\n\t\t<textarea name=\"g-recaptcha-response\" rows=\"3\" cols=\"40\" placeholder=\"reCaptcha Response Here\">\r\n\t\t<\/textarea>\r\n\t<\/div>\r\n<\/noscript>\r\n<\/span>\n\t\t<p><input class=\"wpcf7-form-control wpcf7-submit has-spinner safirButton\" type=\"submit\" value=\"TEKL\u0130F FORMUNU G\u00d6NDER\" \/>\n\t\t<\/p>\n\t<\/div>\n<\/div><div class=\"wpcf7-response-output\" aria-hidden=\"true\"><\/div>\n<\/form>\n<\/div>\n\n","protected":false},"excerpt":{"rendered":"<p>Demiryolu Kargo Ta\u015f\u0131mac\u0131l\u0131\u011f\u0131nda G\u00fcvenilir Orta\u011f\u0131n\u0131z Uluslararas\u0131 demiryolu g\u00f6nderinizin zaman\u0131nda ve sorunsuz bir \u015fekilde istedi\u011finiz yere ula\u015fmas\u0131n\u0131 sa\u011flamak i\u00e7in uzman bir demiryolu ta\u015f\u0131mac\u0131l\u0131\u011f\u0131 hizmetine ihtiyac\u0131n\u0131z varsa, \u00e7evreye duyarl\u0131, g\u00fcvenli ve ekonomik \u00e7\u00f6z\u00fcmler sunan Aygen Logistics her zaman yan\u0131n\u0131zda. Aygen Logistics Demiryolu Kargo Ta\u015f\u0131mac\u0131l\u0131\u011f\u0131 G\u0131dadan beyaz e\u015fyaya, hammaddeden mamul maddeye kadar geni\u015f vagon park\u0131m\u0131zla ta\u015f\u0131malar\u0131n\u0131z\u0131 Aygen Logistics [&hellip;]<\/p>\n","protected":false},"author":1,"featured_media":1497,"parent":531,"menu_order":0,"comment_status":"closed","ping_status":"closed","template":"","meta":{"footnotes":""},"class_list":["post-1169","page","type-page","status-publish","has-post-thumbnail","hentry"],"yoast_head":"<!-- This site is optimized with the Yoast SEO plugin v26.3 - https:\/\/yoast.com\/wordpress\/plugins\/seo\/ -->\n<title>Demiryolu - AYGEN<\/title>\n<meta name=\"robots\" content=\"index, follow, max-snippet:-1, max-image-preview:large, max-video-preview:-1\" \/>\n<link rel=\"canonical\" href=\"https:\/\/aygen.com.tr\/?page_id=1169\" \/>\n<meta property=\"og:locale\" content=\"tr_TR\" \/>\n<meta property=\"og:type\" content=\"article\" \/>\n<meta property=\"og:title\" content=\"Demiryolu - AYGEN\" \/>\n<meta property=\"og:description\" content=\"Demiryolu Kargo Ta\u015f\u0131mac\u0131l\u0131\u011f\u0131nda G\u00fcvenilir Orta\u011f\u0131n\u0131z Uluslararas\u0131 demiryolu g\u00f6nderinizin zaman\u0131nda ve sorunsuz bir \u015fekilde istedi\u011finiz yere ula\u015fmas\u0131n\u0131 sa\u011flamak i\u00e7in uzman bir demiryolu ta\u015f\u0131mac\u0131l\u0131\u011f\u0131 hizmetine ihtiyac\u0131n\u0131z varsa, \u00e7evreye duyarl\u0131, g\u00fcvenli ve ekonomik \u00e7\u00f6z\u00fcmler sunan Aygen Logistics her zaman yan\u0131n\u0131zda. Aygen Logistics Demiryolu Kargo Ta\u015f\u0131mac\u0131l\u0131\u011f\u0131 G\u0131dadan beyaz e\u015fyaya, hammaddeden mamul maddeye kadar geni\u015f vagon park\u0131m\u0131zla ta\u015f\u0131malar\u0131n\u0131z\u0131 Aygen Logistics [&hellip;]\" \/>\n<meta property=\"og:url\" content=\"https:\/\/aygen.com.tr\/?page_id=1169\" \/>\n<meta property=\"og:site_name\" content=\"AYGEN\" \/>\n<meta property=\"article:publisher\" content=\"https:\/\/www.facebook.com\/agl.corp\" \/>\n<meta property=\"article:modified_time\" content=\"2025-05-14T12:30:06+00:00\" \/>\n<meta property=\"og:image\" content=\"https:\/\/aygen.com.tr\/wp-content\/uploads\/2024\/08\/tasidemiryolu.jpeg\" \/>\n\t<meta property=\"og:image:width\" content=\"1500\" \/>\n\t<meta property=\"og:image:height\" content=\"967\" \/>\n\t<meta property=\"og:image:type\" content=\"image\/jpeg\" \/>\n<meta name=\"twitter:card\" content=\"summary_large_image\" \/>\n<meta name=\"twitter:label1\" content=\"Tahmini okuma s\u00fcresi\" \/>\n\t<meta name=\"twitter:data1\" content=\"2 dakika\" \/>\n<script type=\"application\/ld+json\" class=\"yoast-schema-graph\">{\"@context\":\"https:\/\/schema.org\",\"@graph\":[{\"@type\":\"WebPage\",\"@id\":\"https:\/\/aygen.com.tr\/?page_id=1169\",\"url\":\"https:\/\/aygen.com.tr\/?page_id=1169\",\"name\":\"Demiryolu - AYGEN\",\"isPartOf\":{\"@id\":\"https:\/\/aygen.com.tr\/#website\"},\"primaryImageOfPage\":{\"@id\":\"https:\/\/aygen.com.tr\/?page_id=1169#primaryimage\"},\"image\":{\"@id\":\"https:\/\/aygen.com.tr\/?page_id=1169#primaryimage\"},\"thumbnailUrl\":\"https:\/\/aygen.com.tr\/wp-content\/uploads\/2024\/08\/tasidemiryolu.jpeg\",\"datePublished\":\"2024-06-20T11:18:10+00:00\",\"dateModified\":\"2025-05-14T12:30:06+00:00\",\"breadcrumb\":{\"@id\":\"https:\/\/aygen.com.tr\/?page_id=1169#breadcrumb\"},\"inLanguage\":\"tr\",\"potentialAction\":[{\"@type\":\"ReadAction\",\"target\":[\"https:\/\/aygen.com.tr\/?page_id=1169\"]}]},{\"@type\":\"ImageObject\",\"inLanguage\":\"tr\",\"@id\":\"https:\/\/aygen.com.tr\/?page_id=1169#primaryimage\",\"url\":\"https:\/\/aygen.com.tr\/wp-content\/uploads\/2024\/08\/tasidemiryolu.jpeg\",\"contentUrl\":\"https:\/\/aygen.com.tr\/wp-content\/uploads\/2024\/08\/tasidemiryolu.jpeg\",\"width\":1500,\"height\":967,\"caption\":\"Demiryolu\"},{\"@type\":\"BreadcrumbList\",\"@id\":\"https:\/\/aygen.com.tr\/?page_id=1169#breadcrumb\",\"itemListElement\":[{\"@type\":\"ListItem\",\"position\":1,\"name\":\"Anasayfa\",\"item\":\"https:\/\/aygen.com.tr\/\"},{\"@type\":\"ListItem\",\"position\":2,\"name\":\"Hizmetlerimiz\",\"item\":\"https:\/\/aygen.com.tr\/?page_id=453\"},{\"@type\":\"ListItem\",\"position\":3,\"name\":\"Lojistik Hizmetleri\",\"item\":\"https:\/\/aygen.com.tr\/?page_id=531\"},{\"@type\":\"ListItem\",\"position\":4,\"name\":\"Demiryolu\"}]},{\"@type\":\"WebSite\",\"@id\":\"https:\/\/aygen.com.tr\/#website\",\"url\":\"https:\/\/aygen.com.tr\/\",\"name\":\"AYGEN\",\"description\":\"\u0130novatif G\u00fcmr\u00fckleme I Global Lojistik I Depolama \u00c7\u00f6z\u00fcmleri\",\"publisher\":{\"@id\":\"https:\/\/aygen.com.tr\/#organization\"},\"potentialAction\":[{\"@type\":\"SearchAction\",\"target\":{\"@type\":\"EntryPoint\",\"urlTemplate\":\"https:\/\/aygen.com.tr\/?s={search_term_string}\"},\"query-input\":{\"@type\":\"PropertyValueSpecification\",\"valueRequired\":true,\"valueName\":\"search_term_string\"}}],\"inLanguage\":\"tr\"},{\"@type\":\"Organization\",\"@id\":\"https:\/\/aygen.com.tr\/#organization\",\"name\":\"AYGEN\",\"url\":\"https:\/\/aygen.com.tr\/\",\"logo\":{\"@type\":\"ImageObject\",\"inLanguage\":\"tr\",\"@id\":\"https:\/\/aygen.com.tr\/#\/schema\/logo\/image\/\",\"url\":\"https:\/\/aygen.com.tr\/wp-content\/uploads\/2024\/08\/a00.png\",\"contentUrl\":\"https:\/\/aygen.com.tr\/wp-content\/uploads\/2024\/08\/a00.png\",\"width\":1121,\"height\":457,\"caption\":\"AYGEN\"},\"image\":{\"@id\":\"https:\/\/aygen.com.tr\/#\/schema\/logo\/image\/\"},\"sameAs\":[\"https:\/\/www.facebook.com\/agl.corp\",\"https:\/\/www.linkedin.com\/company\/aygen-global-lojistik-ve-gmrk-mavirlii\/\",\"https:\/\/www.instagram.com\/aygengloballojistik\/\",\"https:\/\/www.youtube.com\/@AygenGlobalLojistikveGumruk\"]}]}<\/script>\n<!-- \/ Yoast SEO plugin. -->","yoast_head_json":{"title":"Demiryolu - AYGEN","robots":{"index":"index","follow":"follow","max-snippet":"max-snippet:-1","max-image-preview":"max-image-preview:large","max-video-preview":"max-video-preview:-1"},"canonical":"https:\/\/aygen.com.tr\/?page_id=1169","og_locale":"tr_TR","og_type":"article","og_title":"Demiryolu - AYGEN","og_description":"Demiryolu Kargo Ta\u015f\u0131mac\u0131l\u0131\u011f\u0131nda G\u00fcvenilir Orta\u011f\u0131n\u0131z Uluslararas\u0131 demiryolu g\u00f6nderinizin zaman\u0131nda ve sorunsuz bir \u015fekilde istedi\u011finiz yere ula\u015fmas\u0131n\u0131 sa\u011flamak i\u00e7in uzman bir demiryolu ta\u015f\u0131mac\u0131l\u0131\u011f\u0131 hizmetine ihtiyac\u0131n\u0131z varsa, \u00e7evreye duyarl\u0131, g\u00fcvenli ve ekonomik \u00e7\u00f6z\u00fcmler sunan Aygen Logistics her zaman yan\u0131n\u0131zda. Aygen Logistics Demiryolu Kargo Ta\u015f\u0131mac\u0131l\u0131\u011f\u0131 G\u0131dadan beyaz e\u015fyaya, hammaddeden mamul maddeye kadar geni\u015f vagon park\u0131m\u0131zla ta\u015f\u0131malar\u0131n\u0131z\u0131 Aygen Logistics [&hellip;]","og_url":"https:\/\/aygen.com.tr\/?page_id=1169","og_site_name":"AYGEN","article_publisher":"https:\/\/www.facebook.com\/agl.corp","article_modified_time":"2025-05-14T12:30:06+00:00","og_image":[{"width":1500,"height":967,"url":"https:\/\/aygen.com.tr\/wp-content\/uploads\/2024\/08\/tasidemiryolu.jpeg","type":"image\/jpeg"}],"twitter_card":"summary_large_image","twitter_misc":{"Tahmini okuma s\u00fcresi":"2 dakika"},"schema":{"@context":"https:\/\/schema.org","@graph":[{"@type":"WebPage","@id":"https:\/\/aygen.com.tr\/?page_id=1169","url":"https:\/\/aygen.com.tr\/?page_id=1169","name":"Demiryolu - AYGEN","isPartOf":{"@id":"https:\/\/aygen.com.tr\/#website"},"primaryImageOfPage":{"@id":"https:\/\/aygen.com.tr\/?page_id=1169#primaryimage"},"image":{"@id":"https:\/\/aygen.com.tr\/?page_id=1169#primaryimage"},"thumbnailUrl":"https:\/\/aygen.com.tr\/wp-content\/uploads\/2024\/08\/tasidemiryolu.jpeg","datePublished":"2024-06-20T11:18:10+00:00","dateModified":"2025-05-14T12:30:06+00:00","breadcrumb":{"@id":"https:\/\/aygen.com.tr\/?page_id=1169#breadcrumb"},"inLanguage":"tr","potentialAction":[{"@type":"ReadAction","target":["https:\/\/aygen.com.tr\/?page_id=1169"]}]},{"@type":"ImageObject","inLanguage":"tr","@id":"https:\/\/aygen.com.tr\/?page_id=1169#primaryimage","url":"https:\/\/aygen.com.tr\/wp-content\/uploads\/2024\/08\/tasidemiryolu.jpeg","contentUrl":"https:\/\/aygen.com.tr\/wp-content\/uploads\/2024\/08\/tasidemiryolu.jpeg","width":1500,"height":967,"caption":"Demiryolu"},{"@type":"BreadcrumbList","@id":"https:\/\/aygen.com.tr\/?page_id=1169#breadcrumb","itemListElement":[{"@type":"ListItem","position":1,"name":"Anasayfa","item":"https:\/\/aygen.com.tr\/"},{"@type":"ListItem","position":2,"name":"Hizmetlerimiz","item":"https:\/\/aygen.com.tr\/?page_id=453"},{"@type":"ListItem","position":3,"name":"Lojistik Hizmetleri","item":"https:\/\/aygen.com.tr\/?page_id=531"},{"@type":"ListItem","position":4,"name":"Demiryolu"}]},{"@type":"WebSite","@id":"https:\/\/aygen.com.tr\/#website","url":"https:\/\/aygen.com.tr\/","name":"AYGEN","description":"\u0130novatif G\u00fcmr\u00fckleme I Global Lojistik I Depolama \u00c7\u00f6z\u00fcmleri","publisher":{"@id":"https:\/\/aygen.com.tr\/#organization"},"potentialAction":[{"@type":"SearchAction","target":{"@type":"EntryPoint","urlTemplate":"https:\/\/aygen.com.tr\/?s={search_term_string}"},"query-input":{"@type":"PropertyValueSpecification","valueRequired":true,"valueName":"search_term_string"}}],"inLanguage":"tr"},{"@type":"Organization","@id":"https:\/\/aygen.com.tr\/#organization","name":"AYGEN","url":"https:\/\/aygen.com.tr\/","logo":{"@type":"ImageObject","inLanguage":"tr","@id":"https:\/\/aygen.com.tr\/#\/schema\/logo\/image\/","url":"https:\/\/aygen.com.tr\/wp-content\/uploads\/2024\/08\/a00.png","contentUrl":"https:\/\/aygen.com.tr\/wp-content\/uploads\/2024\/08\/a00.png","width":1121,"height":457,"caption":"AYGEN"},"image":{"@id":"https:\/\/aygen.com.tr\/#\/schema\/logo\/image\/"},"sameAs":["https:\/\/www.facebook.com\/agl.corp","https:\/\/www.linkedin.com\/company\/aygen-global-lojistik-ve-gmrk-mavirlii\/","https:\/\/www.instagram.com\/aygengloballojistik\/","https:\/\/www.youtube.com\/@AygenGlobalLojistikveGumruk"]}]}},"_links":{"self":[{"href":"https:\/\/aygen.com.tr\/index.php?rest_route=\/wp\/v2\/pages\/1169","targetHints":{"allow":["GET"]}}],"collection":[{"href":"https:\/\/aygen.com.tr\/index.php?rest_route=\/wp\/v2\/pages"}],"about":[{"href":"https:\/\/aygen.com.tr\/index.php?rest_route=\/wp\/v2\/types\/page"}],"author":[{"embeddable":true,"href":"https:\/\/aygen.com.tr\/index.php?rest_route=\/wp\/v2\/users\/1"}],"replies":[{"embeddable":true,"href":"https:\/\/aygen.com.tr\/index.php?rest_route=%2Fwp%2Fv2%2Fcomments&post=1169"}],"version-history":[{"count":3,"href":"https:\/\/aygen.com.tr\/index.php?rest_route=\/wp\/v2\/pages\/1169\/revisions"}],"predecessor-version":[{"id":1581,"href":"https:\/\/aygen.com.tr\/index.php?rest_route=\/wp\/v2\/pages\/1169\/revisions\/1581"}],"up":[{"embeddable":true,"href":"https:\/\/aygen.com.tr\/index.php?rest_route=\/wp\/v2\/pages\/531"}],"wp:featuredmedia":[{"embeddable":true,"href":"https:\/\/aygen.com.tr\/index.php?rest_route=\/wp\/v2\/media\/1497"}],"wp:attachment":[{"href":"https:\/\/aygen.com.tr\/index.php?rest_route=%2Fwp%2Fv2%2Fmedia&parent=1169"}],"curies":[{"name":"wp","href":"https:\/\/api.w.org\/{rel}","templated":true}]}}