{"id":1174,"date":"2024-06-20T14:23:12","date_gmt":"2024-06-20T11:23:12","guid":{"rendered":"https:\/\/www.aygen.com.tr\/?page_id=1174"},"modified":"2025-05-14T15:28:50","modified_gmt":"2025-05-14T12:28:50","slug":"proje-tasimaciligi","status":"publish","type":"page","link":"https:\/\/aygen.com.tr\/?page_id=1174","title":{"rendered":"Proje Ta\u015f\u0131mac\u0131l\u0131\u011f\u0131"},"content":{"rendered":"\n<p><strong>Proje Ta\u015f\u0131mac\u0131l\u0131\u011f\u0131 i\u00e7in G\u00fcvenilir Ta\u015f\u0131mac\u0131l\u0131k<\/strong><\/p>\n\n\n\n<p>Uluslararas\u0131 ta\u015f\u0131mac\u0131l\u0131kta a\u011f\u0131r, havaleli, hacimli yani gabari d\u0131\u015f\u0131 y\u00fcklerinizin zaman\u0131nda ve sorunsuz bir \u015fekilde istedi\u011finiz yere ula\u015fmas\u0131n\u0131 sa\u011flamak i\u00e7in uzman bir ta\u015f\u0131mac\u0131l\u0131k hizmetine ihtiyac\u0131n\u0131z varsa, planlama, organizasyon ve b\u00fct\u00e7e s\u00fcre\u00e7lerini profesyonel olarak y\u00f6neten Aygen Logistics her zaman yan\u0131n\u0131zda.<\/p>\n\n\n\n<figure class=\"wp-block-image alignnone size-full wp-image-1496\"><img loading=\"lazy\" decoding=\"async\" width=\"1600\" height=\"889\" src=\"https:\/\/aygen.com.tr\/wp-content\/uploads\/2024\/08\/aygprojetasimaciligi.jpeg\" alt=\"\" class=\"wp-image-1496\" srcset=\"https:\/\/aygen.com.tr\/wp-content\/uploads\/2024\/08\/aygprojetasimaciligi.jpeg 1600w, https:\/\/aygen.com.tr\/wp-content\/uploads\/2024\/08\/aygprojetasimaciligi-300x167.jpeg 300w, https:\/\/aygen.com.tr\/wp-content\/uploads\/2024\/08\/aygprojetasimaciligi-1024x569.jpeg 1024w, https:\/\/aygen.com.tr\/wp-content\/uploads\/2024\/08\/aygprojetasimaciligi-768x427.jpeg 768w, https:\/\/aygen.com.tr\/wp-content\/uploads\/2024\/08\/aygprojetasimaciligi-1536x853.jpeg 1536w\" sizes=\"auto, (max-width: 1600px) 100vw, 1600px\" \/><figcaption class=\"wp-element-caption\"><strong style=\"font-size: revert; font-family: var(--contentFont);\">Proje Ta\u015f\u0131mac\u0131l\u0131\u011f\u0131<\/strong><\/figcaption><\/figure>\n\n\n\n<p>Aygen Logistics olarak, a\u011f\u0131r ve hacimli y\u00fcklerinizin ta\u015f\u0131nmas\u0131nda uzman\u0131z. Planlama, organizasyon ve b\u00fct\u00e7e s\u00fcre\u00e7lerinizi profesyonel bir \u015fekilde y\u00f6neterek, y\u00fcklerinizin g\u00fcvenli ve etkin bir \u015fekilde ta\u015f\u0131nmas\u0131n\u0131 sa\u011fl\u0131yoruz. Proje lojisti\u011fi hizmetlerimiz, ta\u015f\u0131mac\u0131l\u0131k modlar\u0131na \u00f6zel \u00e7\u00f6z\u00fcmler sunar ve en g\u00fcncel teknolojileri kullanarak s\u00fcre\u00e7lerinizi kolayla\u015ft\u0131r\u0131r.<\/p>\n\n\n\n<h2 class=\"wp-block-heading\">Bilgi Almak i\u00e7in Formu Doldurunuz<\/h2>\n\n\n\n<div class=\"wpcf7 no-js\" id=\"wpcf7-f161-o1\" lang=\"tr-TR\" dir=\"ltr\" data-wpcf7-id=\"161\">\n<div class=\"screen-reader-response\"><p role=\"status\" aria-live=\"polite\" aria-atomic=\"true\"><\/p> <ul><\/ul><\/div>\n<form action=\"\/index.php?rest_route=%2Fwp%2Fv2%2Fpages%2F1174#wpcf7-f161-o1\" method=\"post\" class=\"wpcf7-form init\" aria-label=\"\u0130leti\u015fim Formu\" novalidate=\"novalidate\" data-status=\"init\">\n<fieldset class=\"hidden-fields-container\"><input type=\"hidden\" name=\"_wpcf7\" value=\"161\" \/><input type=\"hidden\" name=\"_wpcf7_version\" value=\"6.1.5\" \/><input type=\"hidden\" name=\"_wpcf7_locale\" value=\"tr_TR\" \/><input type=\"hidden\" name=\"_wpcf7_unit_tag\" value=\"wpcf7-f161-o1\" \/><input type=\"hidden\" name=\"_wpcf7_container_post\" value=\"0\" \/><input type=\"hidden\" name=\"_wpcf7_posted_data_hash\" value=\"\" \/><input type=\"hidden\" name=\"_wpcf7_recaptcha_response\" value=\"\" \/>\n<\/fieldset>\n<div class=\"safirForm\">\n\t<div class=\"safirLeft\">\n\t\t<p class=\"safiricon kurumsal\"><span class=\"wpcf7-form-control-wrap\" data-name=\"adsoyad\"><input size=\"40\" maxlength=\"400\" class=\"wpcf7-form-control wpcf7-text wpcf7-validates-as-required\" aria-required=\"true\" aria-invalid=\"false\" placeholder=\"Ad\u0131n\u0131z Soyad\u0131n\u0131z\" value=\"\" type=\"text\" name=\"adsoyad\" \/><\/span>\n\t\t<\/p>\n\t\t<p class=\"safiricon email\"><span class=\"wpcf7-form-control-wrap\" data-name=\"email\"><input size=\"40\" maxlength=\"400\" class=\"wpcf7-form-control wpcf7-email wpcf7-validates-as-required wpcf7-text wpcf7-validates-as-email\" aria-required=\"true\" aria-invalid=\"false\" placeholder=\"Eposta Adresiniz\" value=\"\" type=\"email\" name=\"email\" \/><\/span>\n\t\t<\/p>\n\t\t<p class=\"safiricon telefon\"><span class=\"wpcf7-form-control-wrap\" data-name=\"telefon\"><input size=\"40\" maxlength=\"400\" class=\"wpcf7-form-control wpcf7-tel wpcf7-validates-as-required wpcf7-text wpcf7-validates-as-tel\" aria-required=\"true\" aria-invalid=\"false\" placeholder=\"Telefon Numaran\u0131z\" value=\"\" type=\"tel\" name=\"telefon\" \/><\/span>\n\t\t<\/p>\n\t\t<p class=\"safiricon arti\"><span class=\"wpcf7-form-control-wrap\" data-name=\"adet\"><input size=\"40\" maxlength=\"400\" class=\"wpcf7-form-control wpcf7-text\" aria-invalid=\"false\" placeholder=\"\u00dcr\u00fcn adedi\" value=\"\" type=\"text\" name=\"adet\" \/><\/span>\n\t\t<\/p>\n\t<\/div>\n\t<div class=\"safirRight\">\n\t\t<p class=\"safiricon alinti\"><span class=\"wpcf7-form-control-wrap\" data-name=\"mesaj\"><textarea cols=\"40\" rows=\"10\" maxlength=\"2000\" class=\"wpcf7-form-control wpcf7-textarea\" aria-invalid=\"false\" placeholder=\"Varsa mesaj\u0131n\u0131z\u0131 buraya yaz\u0131n\u0131z\" name=\"mesaj\"><\/textarea><\/span>\n\t\t<\/p>\n\t<span class=\"wpcf7-form-control-wrap recaptcha\" data-name=\"recaptcha\"><span data-sitekey=\"6LeVaC0qAAAAAJPIjS3SF-4dSge36oYL4k62-QcJ\" class=\"wpcf7-form-control wpcf7-recaptcha g-recaptcha\"><\/span>\r\n<noscript>\r\n\t<div class=\"grecaptcha-noscript\">\r\n\t\t<iframe loading=\"lazy\" src=\"https:\/\/www.google.com\/recaptcha\/api\/fallback?k=6LeVaC0qAAAAAJPIjS3SF-4dSge36oYL4k62-QcJ\" frameborder=\"0\" scrolling=\"no\" width=\"310\" height=\"430\">\r\n\t\t<\/iframe>\r\n\t\t<textarea name=\"g-recaptcha-response\" rows=\"3\" cols=\"40\" placeholder=\"reCaptcha Response Here\">\r\n\t\t<\/textarea>\r\n\t<\/div>\r\n<\/noscript>\r\n<\/span>\n\t\t<p><input class=\"wpcf7-form-control wpcf7-submit has-spinner safirButton\" type=\"submit\" value=\"TEKL\u0130F FORMUNU G\u00d6NDER\" \/>\n\t\t<\/p>\n\t<\/div>\n<\/div><div class=\"wpcf7-response-output\" aria-hidden=\"true\"><\/div>\n<\/form>\n<\/div>\n\n\n\n<p><img loading=\"lazy\" decoding=\"async\" src=\"https:\/\/www.aygen.com.tr\/wp-content\/uploads\/2024\/06\/6-1-768x768.png\" sizes=\"auto, (max-width: 768px) 100vw, 768px\" srcset=\"https:\/\/www.aygen.com.tr\/wp-content\/uploads\/2024\/06\/6-1-768x768.png 768w, https:\/\/www.aygen.com.tr\/wp-content\/uploads\/2024\/06\/6-1-300x300.png 300w, https:\/\/www.aygen.com.tr\/wp-content\/uploads\/2024\/06\/6-1-1024x1024.png 1024w, https:\/\/www.aygen.com.tr\/wp-content\/uploads\/2024\/06\/6-1-150x150.png 150w, https:\/\/www.aygen.com.tr\/wp-content\/uploads\/2024\/06\/6-1-1536x1536.png 1536w, https:\/\/www.aygen.com.tr\/wp-content\/uploads\/2024\/06\/6-1-2048x2048.png 2048w\" alt=\"\" width=\"768\" height=\"768\" \/><\/p>","protected":false},"excerpt":{"rendered":"<p>Proje Ta\u015f\u0131mac\u0131l\u0131\u011f\u0131 i\u00e7in G\u00fcvenilir Ta\u015f\u0131mac\u0131l\u0131k Uluslararas\u0131 ta\u015f\u0131mac\u0131l\u0131kta a\u011f\u0131r, havaleli, hacimli yani gabari d\u0131\u015f\u0131 y\u00fcklerinizin zaman\u0131nda ve sorunsuz bir \u015fekilde istedi\u011finiz yere ula\u015fmas\u0131n\u0131 sa\u011flamak i\u00e7in uzman bir ta\u015f\u0131mac\u0131l\u0131k hizmetine ihtiyac\u0131n\u0131z varsa, planlama, organizasyon ve b\u00fct\u00e7e s\u00fcre\u00e7lerini profesyonel olarak y\u00f6neten Aygen Logistics her zaman yan\u0131n\u0131zda. Aygen Logistics olarak, a\u011f\u0131r ve hacimli y\u00fcklerinizin ta\u015f\u0131nmas\u0131nda uzman\u0131z. Planlama, organizasyon ve [&hellip;]<\/p>\n","protected":false},"author":1,"featured_media":1496,"parent":531,"menu_order":0,"comment_status":"closed","ping_status":"closed","template":"","meta":{"footnotes":""},"class_list":["post-1174","page","type-page","status-publish","has-post-thumbnail","hentry"],"yoast_head":"<!-- This site is optimized with the Yoast SEO plugin v26.3 - https:\/\/yoast.com\/wordpress\/plugins\/seo\/ -->\n<title>Proje Ta\u015f\u0131mac\u0131l\u0131\u011f\u0131 - AYGEN<\/title>\n<meta name=\"description\" content=\"Uluslararas\u0131 ta\u015f\u0131mac\u0131l\u0131kta a\u011f\u0131r, havaleli, hacimli yani gabari d\u0131\u015f\u0131 y\u00fcklerinizin zaman\u0131nda ve sorunsuz bir \u015fekilde istedi\u011finiz yere ula\u015fmas\u0131n\u0131 sa\u011flamak i\u00e7in uzman bir ta\u015f\u0131mac\u0131l\u0131k hizmetine ihtiyac\u0131n\u0131z varsa, planlama, organizasyon ve b\u00fct\u00e7e s\u00fcre\u00e7lerini profesyonel olarak y\u00f6neten Aygen Logistics her zaman yan\u0131n\u0131zda.\" \/>\n<meta name=\"robots\" content=\"index, follow, max-snippet:-1, max-image-preview:large, max-video-preview:-1\" \/>\n<link rel=\"canonical\" href=\"https:\/\/aygen.com.tr\/?page_id=1174\" \/>\n<meta property=\"og:locale\" content=\"tr_TR\" \/>\n<meta property=\"og:type\" content=\"article\" \/>\n<meta property=\"og:title\" content=\"Proje Ta\u015f\u0131mac\u0131l\u0131\u011f\u0131 - AYGEN\" \/>\n<meta property=\"og:description\" content=\"Uluslararas\u0131 ta\u015f\u0131mac\u0131l\u0131kta a\u011f\u0131r, havaleli, hacimli yani gabari d\u0131\u015f\u0131 y\u00fcklerinizin zaman\u0131nda ve sorunsuz bir \u015fekilde istedi\u011finiz yere ula\u015fmas\u0131n\u0131 sa\u011flamak i\u00e7in uzman bir ta\u015f\u0131mac\u0131l\u0131k hizmetine ihtiyac\u0131n\u0131z varsa, planlama, organizasyon ve b\u00fct\u00e7e s\u00fcre\u00e7lerini profesyonel olarak y\u00f6neten Aygen Logistics her zaman yan\u0131n\u0131zda.\" \/>\n<meta property=\"og:url\" content=\"https:\/\/aygen.com.tr\/?page_id=1174\" \/>\n<meta property=\"og:site_name\" content=\"AYGEN\" \/>\n<meta property=\"article:publisher\" content=\"https:\/\/www.facebook.com\/agl.corp\" \/>\n<meta property=\"article:modified_time\" content=\"2025-05-14T12:28:50+00:00\" \/>\n<meta property=\"og:image\" content=\"https:\/\/aygen.com.tr\/wp-content\/uploads\/2024\/08\/aygprojetasimaciligi.jpeg\" \/>\n\t<meta property=\"og:image:width\" content=\"1600\" \/>\n\t<meta property=\"og:image:height\" content=\"889\" \/>\n\t<meta property=\"og:image:type\" content=\"image\/jpeg\" \/>\n<meta name=\"twitter:card\" content=\"summary_large_image\" \/>\n<meta name=\"twitter:label1\" content=\"Tahmini okuma s\u00fcresi\" \/>\n\t<meta name=\"twitter:data1\" content=\"2 dakika\" \/>\n<script type=\"application\/ld+json\" class=\"yoast-schema-graph\">{\"@context\":\"https:\/\/schema.org\",\"@graph\":[{\"@type\":\"WebPage\",\"@id\":\"https:\/\/aygen.com.tr\/?page_id=1174\",\"url\":\"https:\/\/aygen.com.tr\/?page_id=1174\",\"name\":\"Proje Ta\u015f\u0131mac\u0131l\u0131\u011f\u0131 - AYGEN\",\"isPartOf\":{\"@id\":\"https:\/\/aygen.com.tr\/#website\"},\"primaryImageOfPage\":{\"@id\":\"https:\/\/aygen.com.tr\/?page_id=1174#primaryimage\"},\"image\":{\"@id\":\"https:\/\/aygen.com.tr\/?page_id=1174#primaryimage\"},\"thumbnailUrl\":\"https:\/\/aygen.com.tr\/wp-content\/uploads\/2024\/08\/aygprojetasimaciligi.jpeg\",\"datePublished\":\"2024-06-20T11:23:12+00:00\",\"dateModified\":\"2025-05-14T12:28:50+00:00\",\"description\":\"Uluslararas\u0131 ta\u015f\u0131mac\u0131l\u0131kta a\u011f\u0131r, havaleli, hacimli yani gabari d\u0131\u015f\u0131 y\u00fcklerinizin zaman\u0131nda ve sorunsuz bir \u015fekilde istedi\u011finiz yere ula\u015fmas\u0131n\u0131 sa\u011flamak i\u00e7in uzman bir ta\u015f\u0131mac\u0131l\u0131k hizmetine ihtiyac\u0131n\u0131z varsa, planlama, organizasyon ve b\u00fct\u00e7e s\u00fcre\u00e7lerini profesyonel olarak y\u00f6neten Aygen Logistics her zaman yan\u0131n\u0131zda.\",\"breadcrumb\":{\"@id\":\"https:\/\/aygen.com.tr\/?page_id=1174#breadcrumb\"},\"inLanguage\":\"tr\",\"potentialAction\":[{\"@type\":\"ReadAction\",\"target\":[\"https:\/\/aygen.com.tr\/?page_id=1174\"]}]},{\"@type\":\"ImageObject\",\"inLanguage\":\"tr\",\"@id\":\"https:\/\/aygen.com.tr\/?page_id=1174#primaryimage\",\"url\":\"https:\/\/aygen.com.tr\/wp-content\/uploads\/2024\/08\/aygprojetasimaciligi.jpeg\",\"contentUrl\":\"https:\/\/aygen.com.tr\/wp-content\/uploads\/2024\/08\/aygprojetasimaciligi.jpeg\",\"width\":1600,\"height\":889,\"caption\":\"Proje Ta\u015f\u0131mac\u0131l\u0131\u011f\u0131\"},{\"@type\":\"BreadcrumbList\",\"@id\":\"https:\/\/aygen.com.tr\/?page_id=1174#breadcrumb\",\"itemListElement\":[{\"@type\":\"ListItem\",\"position\":1,\"name\":\"Anasayfa\",\"item\":\"https:\/\/aygen.com.tr\/\"},{\"@type\":\"ListItem\",\"position\":2,\"name\":\"Hizmetlerimiz\",\"item\":\"https:\/\/aygen.com.tr\/?page_id=453\"},{\"@type\":\"ListItem\",\"position\":3,\"name\":\"Lojistik Hizmetleri\",\"item\":\"https:\/\/aygen.com.tr\/?page_id=531\"},{\"@type\":\"ListItem\",\"position\":4,\"name\":\"Proje Ta\u015f\u0131mac\u0131l\u0131\u011f\u0131\"}]},{\"@type\":\"WebSite\",\"@id\":\"https:\/\/aygen.com.tr\/#website\",\"url\":\"https:\/\/aygen.com.tr\/\",\"name\":\"AYGEN\",\"description\":\"\u0130novatif G\u00fcmr\u00fckleme I Global Lojistik I Depolama \u00c7\u00f6z\u00fcmleri\",\"publisher\":{\"@id\":\"https:\/\/aygen.com.tr\/#organization\"},\"potentialAction\":[{\"@type\":\"SearchAction\",\"target\":{\"@type\":\"EntryPoint\",\"urlTemplate\":\"https:\/\/aygen.com.tr\/?s={search_term_string}\"},\"query-input\":{\"@type\":\"PropertyValueSpecification\",\"valueRequired\":true,\"valueName\":\"search_term_string\"}}],\"inLanguage\":\"tr\"},{\"@type\":\"Organization\",\"@id\":\"https:\/\/aygen.com.tr\/#organization\",\"name\":\"AYGEN\",\"url\":\"https:\/\/aygen.com.tr\/\",\"logo\":{\"@type\":\"ImageObject\",\"inLanguage\":\"tr\",\"@id\":\"https:\/\/aygen.com.tr\/#\/schema\/logo\/image\/\",\"url\":\"https:\/\/aygen.com.tr\/wp-content\/uploads\/2024\/08\/a00.png\",\"contentUrl\":\"https:\/\/aygen.com.tr\/wp-content\/uploads\/2024\/08\/a00.png\",\"width\":1121,\"height\":457,\"caption\":\"AYGEN\"},\"image\":{\"@id\":\"https:\/\/aygen.com.tr\/#\/schema\/logo\/image\/\"},\"sameAs\":[\"https:\/\/www.facebook.com\/agl.corp\",\"https:\/\/www.linkedin.com\/company\/aygen-global-lojistik-ve-gmrk-mavirlii\/\",\"https:\/\/www.instagram.com\/aygengloballojistik\/\",\"https:\/\/www.youtube.com\/@AygenGlobalLojistikveGumruk\"]}]}<\/script>\n<!-- \/ Yoast SEO plugin. -->","yoast_head_json":{"title":"Proje Ta\u015f\u0131mac\u0131l\u0131\u011f\u0131 - AYGEN","description":"Uluslararas\u0131 ta\u015f\u0131mac\u0131l\u0131kta a\u011f\u0131r, havaleli, hacimli yani gabari d\u0131\u015f\u0131 y\u00fcklerinizin zaman\u0131nda ve sorunsuz bir \u015fekilde istedi\u011finiz yere ula\u015fmas\u0131n\u0131 sa\u011flamak i\u00e7in uzman bir ta\u015f\u0131mac\u0131l\u0131k hizmetine ihtiyac\u0131n\u0131z varsa, planlama, organizasyon ve b\u00fct\u00e7e s\u00fcre\u00e7lerini profesyonel olarak y\u00f6neten Aygen Logistics her zaman yan\u0131n\u0131zda.","robots":{"index":"index","follow":"follow","max-snippet":"max-snippet:-1","max-image-preview":"max-image-preview:large","max-video-preview":"max-video-preview:-1"},"canonical":"https:\/\/aygen.com.tr\/?page_id=1174","og_locale":"tr_TR","og_type":"article","og_title":"Proje Ta\u015f\u0131mac\u0131l\u0131\u011f\u0131 - AYGEN","og_description":"Uluslararas\u0131 ta\u015f\u0131mac\u0131l\u0131kta a\u011f\u0131r, havaleli, hacimli yani gabari d\u0131\u015f\u0131 y\u00fcklerinizin zaman\u0131nda ve sorunsuz bir \u015fekilde istedi\u011finiz yere ula\u015fmas\u0131n\u0131 sa\u011flamak i\u00e7in uzman bir ta\u015f\u0131mac\u0131l\u0131k hizmetine ihtiyac\u0131n\u0131z varsa, planlama, organizasyon ve b\u00fct\u00e7e s\u00fcre\u00e7lerini profesyonel olarak y\u00f6neten Aygen Logistics her zaman yan\u0131n\u0131zda.","og_url":"https:\/\/aygen.com.tr\/?page_id=1174","og_site_name":"AYGEN","article_publisher":"https:\/\/www.facebook.com\/agl.corp","article_modified_time":"2025-05-14T12:28:50+00:00","og_image":[{"width":1600,"height":889,"url":"https:\/\/aygen.com.tr\/wp-content\/uploads\/2024\/08\/aygprojetasimaciligi.jpeg","type":"image\/jpeg"}],"twitter_card":"summary_large_image","twitter_misc":{"Tahmini okuma s\u00fcresi":"2 dakika"},"schema":{"@context":"https:\/\/schema.org","@graph":[{"@type":"WebPage","@id":"https:\/\/aygen.com.tr\/?page_id=1174","url":"https:\/\/aygen.com.tr\/?page_id=1174","name":"Proje Ta\u015f\u0131mac\u0131l\u0131\u011f\u0131 - AYGEN","isPartOf":{"@id":"https:\/\/aygen.com.tr\/#website"},"primaryImageOfPage":{"@id":"https:\/\/aygen.com.tr\/?page_id=1174#primaryimage"},"image":{"@id":"https:\/\/aygen.com.tr\/?page_id=1174#primaryimage"},"thumbnailUrl":"https:\/\/aygen.com.tr\/wp-content\/uploads\/2024\/08\/aygprojetasimaciligi.jpeg","datePublished":"2024-06-20T11:23:12+00:00","dateModified":"2025-05-14T12:28:50+00:00","description":"Uluslararas\u0131 ta\u015f\u0131mac\u0131l\u0131kta a\u011f\u0131r, havaleli, hacimli yani gabari d\u0131\u015f\u0131 y\u00fcklerinizin zaman\u0131nda ve sorunsuz bir \u015fekilde istedi\u011finiz yere ula\u015fmas\u0131n\u0131 sa\u011flamak i\u00e7in uzman bir ta\u015f\u0131mac\u0131l\u0131k hizmetine ihtiyac\u0131n\u0131z varsa, planlama, organizasyon ve b\u00fct\u00e7e s\u00fcre\u00e7lerini profesyonel olarak y\u00f6neten Aygen Logistics her zaman yan\u0131n\u0131zda.","breadcrumb":{"@id":"https:\/\/aygen.com.tr\/?page_id=1174#breadcrumb"},"inLanguage":"tr","potentialAction":[{"@type":"ReadAction","target":["https:\/\/aygen.com.tr\/?page_id=1174"]}]},{"@type":"ImageObject","inLanguage":"tr","@id":"https:\/\/aygen.com.tr\/?page_id=1174#primaryimage","url":"https:\/\/aygen.com.tr\/wp-content\/uploads\/2024\/08\/aygprojetasimaciligi.jpeg","contentUrl":"https:\/\/aygen.com.tr\/wp-content\/uploads\/2024\/08\/aygprojetasimaciligi.jpeg","width":1600,"height":889,"caption":"Proje Ta\u015f\u0131mac\u0131l\u0131\u011f\u0131"},{"@type":"BreadcrumbList","@id":"https:\/\/aygen.com.tr\/?page_id=1174#breadcrumb","itemListElement":[{"@type":"ListItem","position":1,"name":"Anasayfa","item":"https:\/\/aygen.com.tr\/"},{"@type":"ListItem","position":2,"name":"Hizmetlerimiz","item":"https:\/\/aygen.com.tr\/?page_id=453"},{"@type":"ListItem","position":3,"name":"Lojistik Hizmetleri","item":"https:\/\/aygen.com.tr\/?page_id=531"},{"@type":"ListItem","position":4,"name":"Proje Ta\u015f\u0131mac\u0131l\u0131\u011f\u0131"}]},{"@type":"WebSite","@id":"https:\/\/aygen.com.tr\/#website","url":"https:\/\/aygen.com.tr\/","name":"AYGEN","description":"\u0130novatif G\u00fcmr\u00fckleme I Global Lojistik I Depolama \u00c7\u00f6z\u00fcmleri","publisher":{"@id":"https:\/\/aygen.com.tr\/#organization"},"potentialAction":[{"@type":"SearchAction","target":{"@type":"EntryPoint","urlTemplate":"https:\/\/aygen.com.tr\/?s={search_term_string}"},"query-input":{"@type":"PropertyValueSpecification","valueRequired":true,"valueName":"search_term_string"}}],"inLanguage":"tr"},{"@type":"Organization","@id":"https:\/\/aygen.com.tr\/#organization","name":"AYGEN","url":"https:\/\/aygen.com.tr\/","logo":{"@type":"ImageObject","inLanguage":"tr","@id":"https:\/\/aygen.com.tr\/#\/schema\/logo\/image\/","url":"https:\/\/aygen.com.tr\/wp-content\/uploads\/2024\/08\/a00.png","contentUrl":"https:\/\/aygen.com.tr\/wp-content\/uploads\/2024\/08\/a00.png","width":1121,"height":457,"caption":"AYGEN"},"image":{"@id":"https:\/\/aygen.com.tr\/#\/schema\/logo\/image\/"},"sameAs":["https:\/\/www.facebook.com\/agl.corp","https:\/\/www.linkedin.com\/company\/aygen-global-lojistik-ve-gmrk-mavirlii\/","https:\/\/www.instagram.com\/aygengloballojistik\/","https:\/\/www.youtube.com\/@AygenGlobalLojistikveGumruk"]}]}},"_links":{"self":[{"href":"https:\/\/aygen.com.tr\/index.php?rest_route=\/wp\/v2\/pages\/1174","targetHints":{"allow":["GET"]}}],"collection":[{"href":"https:\/\/aygen.com.tr\/index.php?rest_route=\/wp\/v2\/pages"}],"about":[{"href":"https:\/\/aygen.com.tr\/index.php?rest_route=\/wp\/v2\/types\/page"}],"author":[{"embeddable":true,"href":"https:\/\/aygen.com.tr\/index.php?rest_route=\/wp\/v2\/users\/1"}],"replies":[{"embeddable":true,"href":"https:\/\/aygen.com.tr\/index.php?rest_route=%2Fwp%2Fv2%2Fcomments&post=1174"}],"version-history":[{"count":3,"href":"https:\/\/aygen.com.tr\/index.php?rest_route=\/wp\/v2\/pages\/1174\/revisions"}],"predecessor-version":[{"id":1579,"href":"https:\/\/aygen.com.tr\/index.php?rest_route=\/wp\/v2\/pages\/1174\/revisions\/1579"}],"up":[{"embeddable":true,"href":"https:\/\/aygen.com.tr\/index.php?rest_route=\/wp\/v2\/pages\/531"}],"wp:featuredmedia":[{"embeddable":true,"href":"https:\/\/aygen.com.tr\/index.php?rest_route=\/wp\/v2\/media\/1496"}],"wp:attachment":[{"href":"https:\/\/aygen.com.tr\/index.php?rest_route=%2Fwp%2Fv2%2Fmedia&parent=1174"}],"curies":[{"name":"wp","href":"https:\/\/api.w.org\/{rel}","templated":true}]}}