{"id":448,"date":"2023-02-28T16:55:37","date_gmt":"2023-02-28T13:55:37","guid":{"rendered":"https:\/\/www.aygen.com.tr\/?page_id=438"},"modified":"2025-08-01T14:19:33","modified_gmt":"2025-08-01T11:19:33","slug":"belgelerimiz","status":"publish","type":"page","link":"https:\/\/aygen.com.tr\/?page_id=448","title":{"rendered":"Belgelerimiz"},"content":{"rendered":"\n<figure class=\"wp-block-gallery has-nested-images columns-3 is-cropped wp-block-gallery-1 is-layout-flex wp-block-gallery-is-layout-flex\">\n<figure class=\"wp-block-image size-full\"><a href=\"https:\/\/aygen.com.tr\/wp-content\/uploads\/2025\/03\/Ekran-goruntusu-2025-03-12-134358.png\"><img loading=\"lazy\" decoding=\"async\" width=\"566\" height=\"799\" data-id=\"1569\" src=\"https:\/\/aygen.com.tr\/wp-content\/uploads\/2025\/03\/Ekran-goruntusu-2025-03-12-134358.png\" alt=\"\" class=\"wp-image-1569\" srcset=\"https:\/\/aygen.com.tr\/wp-content\/uploads\/2025\/03\/Ekran-goruntusu-2025-03-12-134358.png 566w, https:\/\/aygen.com.tr\/wp-content\/uploads\/2025\/03\/Ekran-goruntusu-2025-03-12-134358-213x300.png 213w\" sizes=\"auto, (max-width: 566px) 100vw, 566px\" \/><\/a><\/figure>\n\n\n\n<figure class=\"wp-block-image size-large\"><a href=\"https:\/\/aygen.com.tr\/wp-content\/uploads\/2024\/08\/belge555.jpg\"><img loading=\"lazy\" decoding=\"async\" width=\"271\" height=\"394\" data-id=\"1395\" src=\"https:\/\/aygen.com.tr\/wp-content\/uploads\/2024\/08\/belge555.jpg\" alt=\"\" class=\"wp-image-1395\" srcset=\"https:\/\/aygen.com.tr\/wp-content\/uploads\/2024\/08\/belge555.jpg 271w, https:\/\/aygen.com.tr\/wp-content\/uploads\/2024\/08\/belge555-206x300.jpg 206w\" sizes=\"auto, (max-width: 271px) 100vw, 271px\" \/><\/a><\/figure>\n\n\n\n<figure class=\"wp-block-image size-full\"><a href=\"https:\/\/aygen.com.tr\/wp-content\/uploads\/2025\/03\/Ekran-goruntusu-2025-03-12-134542.png\"><img loading=\"lazy\" decoding=\"async\" width=\"565\" height=\"799\" data-id=\"1571\" src=\"https:\/\/aygen.com.tr\/wp-content\/uploads\/2025\/03\/Ekran-goruntusu-2025-03-12-134542.png\" alt=\"\" class=\"wp-image-1571\" srcset=\"https:\/\/aygen.com.tr\/wp-content\/uploads\/2025\/03\/Ekran-goruntusu-2025-03-12-134542.png 565w, https:\/\/aygen.com.tr\/wp-content\/uploads\/2025\/03\/Ekran-goruntusu-2025-03-12-134542-212x300.png 212w\" sizes=\"auto, (max-width: 565px) 100vw, 565px\" \/><\/a><\/figure>\n\n\n\n<figure class=\"wp-block-image size-full\"><a href=\"https:\/\/aygen.com.tr\/wp-content\/uploads\/2025\/03\/Ekran-goruntusu-2025-03-12-135039.png\"><img loading=\"lazy\" decoding=\"async\" width=\"564\" height=\"798\" data-id=\"1572\" src=\"https:\/\/aygen.com.tr\/wp-content\/uploads\/2025\/03\/Ekran-goruntusu-2025-03-12-135039.png\" alt=\"\" class=\"wp-image-1572\" srcset=\"https:\/\/aygen.com.tr\/wp-content\/uploads\/2025\/03\/Ekran-goruntusu-2025-03-12-135039.png 564w, https:\/\/aygen.com.tr\/wp-content\/uploads\/2025\/03\/Ekran-goruntusu-2025-03-12-135039-212x300.png 212w\" sizes=\"auto, (max-width: 564px) 100vw, 564px\" \/><\/a><\/figure>\n\n\n\n<figure class=\"wp-block-image size-full\"><a href=\"https:\/\/aygen.com.tr\/wp-content\/uploads\/2025\/03\/Ekran-goruntusu-2025-03-12-135140.png\"><img loading=\"lazy\" decoding=\"async\" width=\"564\" height=\"799\" data-id=\"1573\" src=\"https:\/\/aygen.com.tr\/wp-content\/uploads\/2025\/03\/Ekran-goruntusu-2025-03-12-135140.png\" alt=\"\" class=\"wp-image-1573\" srcset=\"https:\/\/aygen.com.tr\/wp-content\/uploads\/2025\/03\/Ekran-goruntusu-2025-03-12-135140.png 564w, https:\/\/aygen.com.tr\/wp-content\/uploads\/2025\/03\/Ekran-goruntusu-2025-03-12-135140-212x300.png 212w\" sizes=\"auto, (max-width: 564px) 100vw, 564px\" \/><\/a><\/figure>\n\n\n\n<figure class=\"wp-block-image size-large\"><a href=\"https:\/\/aygen.com.tr\/wp-content\/uploads\/2025\/01\/250024379-goruntuler-1-scaled.jpg\"><img loading=\"lazy\" decoding=\"async\" width=\"724\" height=\"1024\" data-id=\"1565\" src=\"https:\/\/aygen.com.tr\/wp-content\/uploads\/2025\/01\/250024379-goruntuler-1-724x1024.jpg\" alt=\"\" class=\"wp-image-1565\" srcset=\"https:\/\/aygen.com.tr\/wp-content\/uploads\/2025\/01\/250024379-goruntuler-1-724x1024.jpg 724w, https:\/\/aygen.com.tr\/wp-content\/uploads\/2025\/01\/250024379-goruntuler-1-212x300.jpg 212w, https:\/\/aygen.com.tr\/wp-content\/uploads\/2025\/01\/250024379-goruntuler-1-768x1087.jpg 768w, https:\/\/aygen.com.tr\/wp-content\/uploads\/2025\/01\/250024379-goruntuler-1-1086x1536.jpg 1086w, https:\/\/aygen.com.tr\/wp-content\/uploads\/2025\/01\/250024379-goruntuler-1-1447x2048.jpg 1447w, https:\/\/aygen.com.tr\/wp-content\/uploads\/2025\/01\/250024379-goruntuler-1-scaled.jpg 1809w\" sizes=\"auto, (max-width: 724px) 100vw, 724px\" \/><\/a><\/figure>\n\n\n\n<figure class=\"wp-block-image size-large\"><a href=\"https:\/\/aygen.com.tr\/wp-content\/uploads\/2024\/09\/aygenpatent-scaled.jpg\"><img loading=\"lazy\" decoding=\"async\" width=\"724\" height=\"1024\" data-id=\"1563\" src=\"https:\/\/aygen.com.tr\/wp-content\/uploads\/2024\/09\/aygenpatent-724x1024.jpg\" alt=\"\" class=\"wp-image-1563\" srcset=\"https:\/\/aygen.com.tr\/wp-content\/uploads\/2024\/09\/aygenpatent-724x1024.jpg 724w, https:\/\/aygen.com.tr\/wp-content\/uploads\/2024\/09\/aygenpatent-212x300.jpg 212w, https:\/\/aygen.com.tr\/wp-content\/uploads\/2024\/09\/aygenpatent-768x1087.jpg 768w, https:\/\/aygen.com.tr\/wp-content\/uploads\/2024\/09\/aygenpatent-1085x1536.jpg 1085w, https:\/\/aygen.com.tr\/wp-content\/uploads\/2024\/09\/aygenpatent-1447x2048.jpg 1447w, https:\/\/aygen.com.tr\/wp-content\/uploads\/2024\/09\/aygenpatent-scaled.jpg 1809w\" sizes=\"auto, (max-width: 724px) 100vw, 724px\" \/><\/a><\/figure>\n\n\n\n<figure class=\"wp-block-image size-large\"><a href=\"https:\/\/aygen.com.tr\/wp-content\/uploads\/2024\/08\/belge111.jpg\"><img loading=\"lazy\" decoding=\"async\" width=\"436\" height=\"305\" data-id=\"1393\" src=\"https:\/\/aygen.com.tr\/wp-content\/uploads\/2024\/08\/belge111.jpg\" alt=\"\" class=\"wp-image-1393\" srcset=\"https:\/\/aygen.com.tr\/wp-content\/uploads\/2024\/08\/belge111.jpg 436w, https:\/\/aygen.com.tr\/wp-content\/uploads\/2024\/08\/belge111-300x210.jpg 300w\" sizes=\"auto, (max-width: 436px) 100vw, 436px\" \/><\/a><\/figure>\n\n\n\n<figure class=\"wp-block-image size-large\"><a href=\"https:\/\/aygen.com.tr\/wp-content\/uploads\/2024\/08\/belge888.jpg\"><img loading=\"lazy\" decoding=\"async\" width=\"281\" height=\"397\" data-id=\"1397\" src=\"https:\/\/aygen.com.tr\/wp-content\/uploads\/2024\/08\/belge888.jpg\" alt=\"\" class=\"wp-image-1397\" srcset=\"https:\/\/aygen.com.tr\/wp-content\/uploads\/2024\/08\/belge888.jpg 281w, https:\/\/aygen.com.tr\/wp-content\/uploads\/2024\/08\/belge888-212x300.jpg 212w\" sizes=\"auto, (max-width: 281px) 100vw, 281px\" \/><\/a><\/figure>\n\n\n\n<figure class=\"wp-block-image size-large\"><a href=\"https:\/\/aygen.com.tr\/wp-content\/uploads\/2024\/08\/belge1444.jpg\"><img loading=\"lazy\" decoding=\"async\" width=\"449\" height=\"317\" data-id=\"1401\" src=\"https:\/\/aygen.com.tr\/wp-content\/uploads\/2024\/08\/belge1444.jpg\" alt=\"\" class=\"wp-image-1401\" srcset=\"https:\/\/aygen.com.tr\/wp-content\/uploads\/2024\/08\/belge1444.jpg 449w, https:\/\/aygen.com.tr\/wp-content\/uploads\/2024\/08\/belge1444-300x212.jpg 300w\" sizes=\"auto, (max-width: 449px) 100vw, 449px\" \/><\/a><\/figure>\n\n\n\n<figure class=\"wp-block-image size-large\"><a href=\"https:\/\/aygen.com.tr\/wp-content\/uploads\/2024\/08\/belge1333.jpg\"><img loading=\"lazy\" decoding=\"async\" width=\"446\" height=\"317\" data-id=\"1400\" src=\"https:\/\/aygen.com.tr\/wp-content\/uploads\/2024\/08\/belge1333.jpg\" alt=\"\" class=\"wp-image-1400\" srcset=\"https:\/\/aygen.com.tr\/wp-content\/uploads\/2024\/08\/belge1333.jpg 446w, https:\/\/aygen.com.tr\/wp-content\/uploads\/2024\/08\/belge1333-300x213.jpg 300w\" sizes=\"auto, (max-width: 446px) 100vw, 446px\" \/><\/a><\/figure>\n\n\n\n<figure class=\"wp-block-image size-large\"><a href=\"https:\/\/aygen.com.tr\/wp-content\/uploads\/2024\/08\/belge1222.jpg\"><img loading=\"lazy\" decoding=\"async\" width=\"427\" height=\"296\" data-id=\"1399\" src=\"https:\/\/aygen.com.tr\/wp-content\/uploads\/2024\/08\/belge1222.jpg\" alt=\"\" class=\"wp-image-1399\" srcset=\"https:\/\/aygen.com.tr\/wp-content\/uploads\/2024\/08\/belge1222.jpg 427w, https:\/\/aygen.com.tr\/wp-content\/uploads\/2024\/08\/belge1222-300x208.jpg 300w\" sizes=\"auto, (max-width: 427px) 100vw, 427px\" \/><\/a><\/figure>\n\n\n\n<figure class=\"wp-block-image size-large\"><a href=\"https:\/\/aygen.com.tr\/wp-content\/uploads\/2024\/08\/belge999.jpg\"><img loading=\"lazy\" decoding=\"async\" width=\"394\" height=\"397\" data-id=\"1398\" src=\"https:\/\/aygen.com.tr\/wp-content\/uploads\/2024\/08\/belge999.jpg\" alt=\"\" class=\"wp-image-1398\" srcset=\"https:\/\/aygen.com.tr\/wp-content\/uploads\/2024\/08\/belge999.jpg 394w, https:\/\/aygen.com.tr\/wp-content\/uploads\/2024\/08\/belge999-298x300.jpg 298w, https:\/\/aygen.com.tr\/wp-content\/uploads\/2024\/08\/belge999-150x150.jpg 150w\" sizes=\"auto, (max-width: 394px) 100vw, 394px\" \/><\/a><\/figure>\n\n\n\n<figure class=\"wp-block-image size-large\"><a href=\"https:\/\/aygen.com.tr\/wp-content\/uploads\/2024\/08\/belge666.jpg\"><img loading=\"lazy\" decoding=\"async\" width=\"271\" height=\"394\" data-id=\"1396\" src=\"https:\/\/aygen.com.tr\/wp-content\/uploads\/2024\/08\/belge666.jpg\" alt=\"\" class=\"wp-image-1396\" srcset=\"https:\/\/aygen.com.tr\/wp-content\/uploads\/2024\/08\/belge666.jpg 271w, https:\/\/aygen.com.tr\/wp-content\/uploads\/2024\/08\/belge666-206x300.jpg 206w\" sizes=\"auto, (max-width: 271px) 100vw, 271px\" \/><\/a><\/figure>\n\n\n\n<figure class=\"wp-block-image size-large\"><a href=\"https:\/\/aygen.com.tr\/wp-content\/uploads\/2024\/08\/belge100.png\"><img loading=\"lazy\" decoding=\"async\" width=\"446\" height=\"305\" data-id=\"1392\" src=\"https:\/\/aygen.com.tr\/wp-content\/uploads\/2024\/08\/belge100.png\" alt=\"\" class=\"wp-image-1392\" srcset=\"https:\/\/aygen.com.tr\/wp-content\/uploads\/2024\/08\/belge100.png 446w, https:\/\/aygen.com.tr\/wp-content\/uploads\/2024\/08\/belge100-300x205.png 300w\" sizes=\"auto, (max-width: 446px) 100vw, 446px\" \/><\/a><\/figure>\n\n\n\n<figure class=\"wp-block-image size-large\"><a href=\"https:\/\/aygen.com.tr\/wp-content\/uploads\/2024\/08\/belge1666.jpg\"><img loading=\"lazy\" decoding=\"async\" width=\"461\" height=\"342\" data-id=\"1403\" src=\"https:\/\/aygen.com.tr\/wp-content\/uploads\/2024\/08\/belge1666.jpg\" alt=\"\" class=\"wp-image-1403\" srcset=\"https:\/\/aygen.com.tr\/wp-content\/uploads\/2024\/08\/belge1666.jpg 461w, https:\/\/aygen.com.tr\/wp-content\/uploads\/2024\/08\/belge1666-300x223.jpg 300w\" sizes=\"auto, (max-width: 461px) 100vw, 461px\" \/><\/a><\/figure>\n\n\n\n<figure class=\"wp-block-image size-large\"><a href=\"https:\/\/aygen.com.tr\/wp-content\/uploads\/2024\/08\/belge1555.png\"><img loading=\"lazy\" decoding=\"async\" width=\"421\" height=\"314\" data-id=\"1402\" src=\"https:\/\/aygen.com.tr\/wp-content\/uploads\/2024\/08\/belge1555.png\" alt=\"\" class=\"wp-image-1402\" srcset=\"https:\/\/aygen.com.tr\/wp-content\/uploads\/2024\/08\/belge1555.png 421w, https:\/\/aygen.com.tr\/wp-content\/uploads\/2024\/08\/belge1555-300x224.png 300w\" sizes=\"auto, (max-width: 421px) 100vw, 421px\" \/><\/a><\/figure>\n\n\n\n<figure class=\"wp-block-image size-large\"><a href=\"https:\/\/aygen.com.tr\/wp-content\/uploads\/2024\/08\/belge77.jpg\"><img loading=\"lazy\" decoding=\"async\" width=\"275\" height=\"397\" data-id=\"1391\" src=\"https:\/\/aygen.com.tr\/wp-content\/uploads\/2024\/08\/belge77.jpg\" alt=\"\" class=\"wp-image-1391\" srcset=\"https:\/\/aygen.com.tr\/wp-content\/uploads\/2024\/08\/belge77.jpg 275w, https:\/\/aygen.com.tr\/wp-content\/uploads\/2024\/08\/belge77-208x300.jpg 208w\" sizes=\"auto, (max-width: 275px) 100vw, 275px\" \/><\/a><\/figure>\n\n\n\n<figure class=\"wp-block-image size-large\"><a href=\"https:\/\/aygen.com.tr\/wp-content\/uploads\/2025\/08\/MAD-CERTIFICATE-CARGO-88474120000-scaled.jpg\"><img loading=\"lazy\" decoding=\"async\" width=\"1024\" height=\"724\" data-id=\"1594\" src=\"https:\/\/aygen.com.tr\/wp-content\/uploads\/2025\/08\/MAD-CERTIFICATE-CARGO-88474120000-1024x724.jpg\" alt=\"\" class=\"wp-image-1594\" srcset=\"https:\/\/aygen.com.tr\/wp-content\/uploads\/2025\/08\/MAD-CERTIFICATE-CARGO-88474120000-1024x724.jpg 1024w, https:\/\/aygen.com.tr\/wp-content\/uploads\/2025\/08\/MAD-CERTIFICATE-CARGO-88474120000-300x212.jpg 300w, https:\/\/aygen.com.tr\/wp-content\/uploads\/2025\/08\/MAD-CERTIFICATE-CARGO-88474120000-768x543.jpg 768w, https:\/\/aygen.com.tr\/wp-content\/uploads\/2025\/08\/MAD-CERTIFICATE-CARGO-88474120000-1536x1086.jpg 1536w, https:\/\/aygen.com.tr\/wp-content\/uploads\/2025\/08\/MAD-CERTIFICATE-CARGO-88474120000-2048x1448.jpg 2048w\" sizes=\"auto, (max-width: 1024px) 100vw, 1024px\" \/><\/a><\/figure>\n\n\n\n<figure class=\"wp-block-image size-large\"><a href=\"https:\/\/aygen.com.tr\/wp-content\/uploads\/2025\/08\/AYGEN-LOJISTIK-HIZMETLERI-ANONIM-SIRKETI-scaled.jpg\"><img loading=\"lazy\" decoding=\"async\" width=\"1024\" height=\"724\" data-id=\"1595\" src=\"https:\/\/aygen.com.tr\/wp-content\/uploads\/2025\/08\/AYGEN-LOJISTIK-HIZMETLERI-ANONIM-SIRKETI-1024x724.jpg\" alt=\"\" class=\"wp-image-1595\" srcset=\"https:\/\/aygen.com.tr\/wp-content\/uploads\/2025\/08\/AYGEN-LOJISTIK-HIZMETLERI-ANONIM-SIRKETI-1024x724.jpg 1024w, https:\/\/aygen.com.tr\/wp-content\/uploads\/2025\/08\/AYGEN-LOJISTIK-HIZMETLERI-ANONIM-SIRKETI-300x212.jpg 300w, https:\/\/aygen.com.tr\/wp-content\/uploads\/2025\/08\/AYGEN-LOJISTIK-HIZMETLERI-ANONIM-SIRKETI-768x543.jpg 768w, https:\/\/aygen.com.tr\/wp-content\/uploads\/2025\/08\/AYGEN-LOJISTIK-HIZMETLERI-ANONIM-SIRKETI-1536x1085.jpg 1536w, https:\/\/aygen.com.tr\/wp-content\/uploads\/2025\/08\/AYGEN-LOJISTIK-HIZMETLERI-ANONIM-SIRKETI-2048x1447.jpg 2048w\" sizes=\"auto, (max-width: 1024px) 100vw, 1024px\" \/><\/a><\/figure>\n<\/figure>\n","protected":false},"excerpt":{"rendered":"","protected":false},"author":1,"featured_media":1300,"parent":0,"menu_order":0,"comment_status":"closed","ping_status":"closed","template":"","meta":{"footnotes":""},"class_list":["post-448","page","type-page","status-publish","has-post-thumbnail","hentry"],"yoast_head":"<!-- This site is optimized with the Yoast SEO plugin v26.3 - https:\/\/yoast.com\/wordpress\/plugins\/seo\/ -->\n<title>Belgelerimiz - AYGEN<\/title>\n<meta name=\"description\" content=\"AYGEN Global Lojistik Yetki, Kalite ve Uzmanl\u0131k Belgeleri Hakk\u0131nda Merak Ettikleriniz.\" \/>\n<meta name=\"robots\" content=\"index, follow, max-snippet:-1, max-image-preview:large, max-video-preview:-1\" \/>\n<link rel=\"canonical\" href=\"https:\/\/aygen.com.tr\/?page_id=448\" \/>\n<meta property=\"og:locale\" content=\"tr_TR\" \/>\n<meta property=\"og:type\" content=\"article\" \/>\n<meta property=\"og:title\" content=\"Belgelerimiz - AYGEN\" \/>\n<meta property=\"og:description\" content=\"AYGEN Global Lojistik Yetki, Kalite ve Uzmanl\u0131k Belgeleri Hakk\u0131nda Merak Ettikleriniz.\" \/>\n<meta property=\"og:url\" content=\"https:\/\/aygen.com.tr\/?page_id=448\" \/>\n<meta property=\"og:site_name\" content=\"AYGEN\" \/>\n<meta property=\"article:publisher\" content=\"https:\/\/www.facebook.com\/agl.corp\" \/>\n<meta property=\"article:modified_time\" content=\"2025-08-01T11:19:33+00:00\" \/>\n<meta property=\"og:image\" content=\"https:\/\/aygen.com.tr\/wp-content\/uploads\/2024\/08\/Adsiz-tasarim-39.png\" \/>\n\t<meta property=\"og:image:width\" content=\"1920\" \/>\n\t<meta property=\"og:image:height\" content=\"1080\" \/>\n\t<meta property=\"og:image:type\" content=\"image\/png\" \/>\n<meta name=\"twitter:card\" content=\"summary_large_image\" \/>\n<meta name=\"twitter:label1\" content=\"Tahmini okuma s\u00fcresi\" \/>\n\t<meta name=\"twitter:data1\" content=\"5 dakika\" \/>\n<script type=\"application\/ld+json\" class=\"yoast-schema-graph\">{\"@context\":\"https:\/\/schema.org\",\"@graph\":[{\"@type\":\"WebPage\",\"@id\":\"https:\/\/aygen.com.tr\/?page_id=448\",\"url\":\"https:\/\/aygen.com.tr\/?page_id=448\",\"name\":\"Belgelerimiz - AYGEN\",\"isPartOf\":{\"@id\":\"https:\/\/aygen.com.tr\/#website\"},\"primaryImageOfPage\":{\"@id\":\"https:\/\/aygen.com.tr\/?page_id=448#primaryimage\"},\"image\":{\"@id\":\"https:\/\/aygen.com.tr\/?page_id=448#primaryimage\"},\"thumbnailUrl\":\"https:\/\/aygen.com.tr\/wp-content\/uploads\/2024\/08\/Adsiz-tasarim-39.png\",\"datePublished\":\"2023-02-28T13:55:37+00:00\",\"dateModified\":\"2025-08-01T11:19:33+00:00\",\"description\":\"AYGEN Global Lojistik Yetki, Kalite ve Uzmanl\u0131k Belgeleri Hakk\u0131nda Merak Ettikleriniz.\",\"breadcrumb\":{\"@id\":\"https:\/\/aygen.com.tr\/?page_id=448#breadcrumb\"},\"inLanguage\":\"tr\",\"potentialAction\":[{\"@type\":\"ReadAction\",\"target\":[\"https:\/\/aygen.com.tr\/?page_id=448\"]}]},{\"@type\":\"ImageObject\",\"inLanguage\":\"tr\",\"@id\":\"https:\/\/aygen.com.tr\/?page_id=448#primaryimage\",\"url\":\"https:\/\/aygen.com.tr\/wp-content\/uploads\/2024\/08\/Adsiz-tasarim-39.png\",\"contentUrl\":\"https:\/\/aygen.com.tr\/wp-content\/uploads\/2024\/08\/Adsiz-tasarim-39.png\",\"width\":1920,\"height\":1080},{\"@type\":\"BreadcrumbList\",\"@id\":\"https:\/\/aygen.com.tr\/?page_id=448#breadcrumb\",\"itemListElement\":[{\"@type\":\"ListItem\",\"position\":1,\"name\":\"Anasayfa\",\"item\":\"https:\/\/aygen.com.tr\/\"},{\"@type\":\"ListItem\",\"position\":2,\"name\":\"Belgelerimiz\"}]},{\"@type\":\"WebSite\",\"@id\":\"https:\/\/aygen.com.tr\/#website\",\"url\":\"https:\/\/aygen.com.tr\/\",\"name\":\"AYGEN\",\"description\":\"\u0130novatif G\u00fcmr\u00fckleme I Global Lojistik I Depolama \u00c7\u00f6z\u00fcmleri\",\"publisher\":{\"@id\":\"https:\/\/aygen.com.tr\/#organization\"},\"potentialAction\":[{\"@type\":\"SearchAction\",\"target\":{\"@type\":\"EntryPoint\",\"urlTemplate\":\"https:\/\/aygen.com.tr\/?s={search_term_string}\"},\"query-input\":{\"@type\":\"PropertyValueSpecification\",\"valueRequired\":true,\"valueName\":\"search_term_string\"}}],\"inLanguage\":\"tr\"},{\"@type\":\"Organization\",\"@id\":\"https:\/\/aygen.com.tr\/#organization\",\"name\":\"AYGEN\",\"url\":\"https:\/\/aygen.com.tr\/\",\"logo\":{\"@type\":\"ImageObject\",\"inLanguage\":\"tr\",\"@id\":\"https:\/\/aygen.com.tr\/#\/schema\/logo\/image\/\",\"url\":\"https:\/\/aygen.com.tr\/wp-content\/uploads\/2024\/08\/a00.png\",\"contentUrl\":\"https:\/\/aygen.com.tr\/wp-content\/uploads\/2024\/08\/a00.png\",\"width\":1121,\"height\":457,\"caption\":\"AYGEN\"},\"image\":{\"@id\":\"https:\/\/aygen.com.tr\/#\/schema\/logo\/image\/\"},\"sameAs\":[\"https:\/\/www.facebook.com\/agl.corp\",\"https:\/\/www.linkedin.com\/company\/aygen-global-lojistik-ve-gmrk-mavirlii\/\",\"https:\/\/www.instagram.com\/aygengloballojistik\/\",\"https:\/\/www.youtube.com\/@AygenGlobalLojistikveGumruk\"]}]}<\/script>\n<!-- \/ Yoast SEO plugin. -->","yoast_head_json":{"title":"Belgelerimiz - AYGEN","description":"AYGEN Global Lojistik Yetki, Kalite ve Uzmanl\u0131k Belgeleri Hakk\u0131nda Merak Ettikleriniz.","robots":{"index":"index","follow":"follow","max-snippet":"max-snippet:-1","max-image-preview":"max-image-preview:large","max-video-preview":"max-video-preview:-1"},"canonical":"https:\/\/aygen.com.tr\/?page_id=448","og_locale":"tr_TR","og_type":"article","og_title":"Belgelerimiz - AYGEN","og_description":"AYGEN Global Lojistik Yetki, Kalite ve Uzmanl\u0131k Belgeleri Hakk\u0131nda Merak Ettikleriniz.","og_url":"https:\/\/aygen.com.tr\/?page_id=448","og_site_name":"AYGEN","article_publisher":"https:\/\/www.facebook.com\/agl.corp","article_modified_time":"2025-08-01T11:19:33+00:00","og_image":[{"width":1920,"height":1080,"url":"https:\/\/aygen.com.tr\/wp-content\/uploads\/2024\/08\/Adsiz-tasarim-39.png","type":"image\/png"}],"twitter_card":"summary_large_image","twitter_misc":{"Tahmini okuma s\u00fcresi":"5 dakika"},"schema":{"@context":"https:\/\/schema.org","@graph":[{"@type":"WebPage","@id":"https:\/\/aygen.com.tr\/?page_id=448","url":"https:\/\/aygen.com.tr\/?page_id=448","name":"Belgelerimiz - AYGEN","isPartOf":{"@id":"https:\/\/aygen.com.tr\/#website"},"primaryImageOfPage":{"@id":"https:\/\/aygen.com.tr\/?page_id=448#primaryimage"},"image":{"@id":"https:\/\/aygen.com.tr\/?page_id=448#primaryimage"},"thumbnailUrl":"https:\/\/aygen.com.tr\/wp-content\/uploads\/2024\/08\/Adsiz-tasarim-39.png","datePublished":"2023-02-28T13:55:37+00:00","dateModified":"2025-08-01T11:19:33+00:00","description":"AYGEN Global Lojistik Yetki, Kalite ve Uzmanl\u0131k Belgeleri Hakk\u0131nda Merak Ettikleriniz.","breadcrumb":{"@id":"https:\/\/aygen.com.tr\/?page_id=448#breadcrumb"},"inLanguage":"tr","potentialAction":[{"@type":"ReadAction","target":["https:\/\/aygen.com.tr\/?page_id=448"]}]},{"@type":"ImageObject","inLanguage":"tr","@id":"https:\/\/aygen.com.tr\/?page_id=448#primaryimage","url":"https:\/\/aygen.com.tr\/wp-content\/uploads\/2024\/08\/Adsiz-tasarim-39.png","contentUrl":"https:\/\/aygen.com.tr\/wp-content\/uploads\/2024\/08\/Adsiz-tasarim-39.png","width":1920,"height":1080},{"@type":"BreadcrumbList","@id":"https:\/\/aygen.com.tr\/?page_id=448#breadcrumb","itemListElement":[{"@type":"ListItem","position":1,"name":"Anasayfa","item":"https:\/\/aygen.com.tr\/"},{"@type":"ListItem","position":2,"name":"Belgelerimiz"}]},{"@type":"WebSite","@id":"https:\/\/aygen.com.tr\/#website","url":"https:\/\/aygen.com.tr\/","name":"AYGEN","description":"\u0130novatif G\u00fcmr\u00fckleme I Global Lojistik I Depolama \u00c7\u00f6z\u00fcmleri","publisher":{"@id":"https:\/\/aygen.com.tr\/#organization"},"potentialAction":[{"@type":"SearchAction","target":{"@type":"EntryPoint","urlTemplate":"https:\/\/aygen.com.tr\/?s={search_term_string}"},"query-input":{"@type":"PropertyValueSpecification","valueRequired":true,"valueName":"search_term_string"}}],"inLanguage":"tr"},{"@type":"Organization","@id":"https:\/\/aygen.com.tr\/#organization","name":"AYGEN","url":"https:\/\/aygen.com.tr\/","logo":{"@type":"ImageObject","inLanguage":"tr","@id":"https:\/\/aygen.com.tr\/#\/schema\/logo\/image\/","url":"https:\/\/aygen.com.tr\/wp-content\/uploads\/2024\/08\/a00.png","contentUrl":"https:\/\/aygen.com.tr\/wp-content\/uploads\/2024\/08\/a00.png","width":1121,"height":457,"caption":"AYGEN"},"image":{"@id":"https:\/\/aygen.com.tr\/#\/schema\/logo\/image\/"},"sameAs":["https:\/\/www.facebook.com\/agl.corp","https:\/\/www.linkedin.com\/company\/aygen-global-lojistik-ve-gmrk-mavirlii\/","https:\/\/www.instagram.com\/aygengloballojistik\/","https:\/\/www.youtube.com\/@AygenGlobalLojistikveGumruk"]}]}},"_links":{"self":[{"href":"https:\/\/aygen.com.tr\/index.php?rest_route=\/wp\/v2\/pages\/448","targetHints":{"allow":["GET"]}}],"collection":[{"href":"https:\/\/aygen.com.tr\/index.php?rest_route=\/wp\/v2\/pages"}],"about":[{"href":"https:\/\/aygen.com.tr\/index.php?rest_route=\/wp\/v2\/types\/page"}],"author":[{"embeddable":true,"href":"https:\/\/aygen.com.tr\/index.php?rest_route=\/wp\/v2\/users\/1"}],"replies":[{"embeddable":true,"href":"https:\/\/aygen.com.tr\/index.php?rest_route=%2Fwp%2Fv2%2Fcomments&post=448"}],"version-history":[{"count":12,"href":"https:\/\/aygen.com.tr\/index.php?rest_route=\/wp\/v2\/pages\/448\/revisions"}],"predecessor-version":[{"id":1601,"href":"https:\/\/aygen.com.tr\/index.php?rest_route=\/wp\/v2\/pages\/448\/revisions\/1601"}],"wp:featuredmedia":[{"embeddable":true,"href":"https:\/\/aygen.com.tr\/index.php?rest_route=\/wp\/v2\/media\/1300"}],"wp:attachment":[{"href":"https:\/\/aygen.com.tr\/index.php?rest_route=%2Fwp%2Fv2%2Fmedia&parent=448"}],"curies":[{"name":"wp","href":"https:\/\/api.w.org\/{rel}","templated":true}]}}