{"id":451,"date":"2023-02-28T16:56:29","date_gmt":"2023-02-28T13:56:29","guid":{"rendered":"https:\/\/www.aygen.com.tr\/?page_id=444"},"modified":"2023-02-28T16:56:29","modified_gmt":"2023-02-28T13:56:29","slug":"cerezler-hakkinda","status":"publish","type":"page","link":"https:\/\/aygen.com.tr\/?page_id=451","title":{"rendered":"\u00c7erezler Hakk\u0131nda"},"content":{"rendered":"<p style=\"font-weight: 400;\">AYGEN olarak, web sitemizin kullan\u0131m\u0131n\u0131 kolayla\u015ft\u0131rmak ve sitemizin kullan\u0131m\u0131n\u0131 ki\u015fiselle\u015ftirmek amac\u0131yla \u00e7erezler, piksel etiketleri (&#8220;pikseller&#8221;) ve yerel saklama teknolojileri kullanmaktay\u0131z. Bu sayfan\u0131n, an\u0131lan teknolojilerin ni\u00e7in kullan\u0131ld\u0131klar\u0131n\u0131 ve bunlar\u0131 kontrol etmeyi veya -tercihiniz bu y\u00f6ndeyse- silmeyi anlaman\u0131za yard\u0131mc\u0131 olmas\u0131n\u0131 istiyoruz.<\/p>\n<p><strong>\u00c7erez Nedir?<\/strong><br \/>\nG\u00fcn\u00fcm\u00fczde neredeyse her web sitesi \u00e7erez kullanmaktad\u0131r. Size daha iyi, h\u0131zl\u0131 ve g\u00fcvenli bir deneyim sa\u011flamak i\u00e7in, \u00e7o\u011fu internet sitesi gibi biz de \u00e7erezler kullan\u0131yoruz. \u00c7erez, bir web sitesini ziyaret etti\u011finizde cihaz\u0131n\u0131za (\u00f6rne\u011fin; bilgisayar veya cep telefonu) depolanan k\u00fc\u00e7\u00fck bir metin dosyas\u0131d\u0131r. \u00c7erezler, bir web sitesini ilk ziyaretiniz s\u0131ras\u0131nda taray\u0131c\u0131n\u0131z arac\u0131l\u0131\u011f\u0131yla cihaz\u0131n\u0131za depolanabilirler. Ayn\u0131 siteyi ayn\u0131 cihazla tekrar ziyaret etti\u011finizde taray\u0131c\u0131n\u0131z cihaz\u0131n\u0131zda site ad\u0131na kay\u0131tl\u0131 bir \u00e7erez olup olmad\u0131\u011f\u0131n\u0131 kontrol eder. E\u011fer kay\u0131t var ise, kayd\u0131n i\u00e7indeki veriyi ziyaret etmekte oldu\u011funuz web sitesine iletir. Bu sayede web sitesi, sizin siteyi daha \u00f6nce ziyaret etti\u011finizi anlar ve size iletilecek i\u00e7eri\u011fi de ona g\u00f6re tayin eder.<\/p>\n<p><strong>\u00c7erezler Neden Kullan\u0131l\u0131r?<\/strong><br \/>\nBaz\u0131 \u00e7erezler, daha \u00f6nceki ziyaretlerinizde kulland\u0131\u011f\u0131n\u0131z tercihlerin web sitesi taraf\u0131ndan hat\u0131rlanmas\u0131n\u0131 sa\u011flayarak, sonraki ziyaretlerinizin \u00e7ok daha kullan\u0131c\u0131 dostu ve ki\u015fiselle\u015ftirilmi\u015f bir deneyim sunmas\u0131n\u0131 sa\u011flar.<\/p>\n<p><strong>\u00c7erezleri Kontrol Etme ve Silme<\/strong><br \/>\n\u00c7erezlerin kullan\u0131m\u0131na ili\u015fkin tercihlerinizi de\u011fi\u015ftirmek ya da \u00e7erezleri engellemek veya silmek i\u00e7in taray\u0131c\u0131n\u0131z\u0131n ayarlar\u0131n\u0131 de\u011fi\u015ftirmeniz yeterlidir.<br \/>\nBir\u00e7ok taray\u0131c\u0131 \u00e7erezleri kontrol edebilmeniz i\u00e7in size \u00e7erezleri kabul etme veya reddetme, yaln\u0131zca belirli t\u00fcrdeki \u00e7erezleri kabul etme ya da bir web sitesi cihaz\u0131n\u0131za \u00e7erez depolamay\u0131 talep etti\u011finde taray\u0131c\u0131 taraf\u0131ndan uyar\u0131lma se\u00e7ene\u011fi sunar. Ayn\u0131 zamanda daha \u00f6nce taray\u0131c\u0131n\u0131za kaydedilmi\u015f \u00e7erezlerin silinmesi de m\u00fcmk\u00fcnd\u00fcr.<br \/>\n\u00c7erezleri kontrol edilmesine veya silinmesine ili\u015fkin i\u015flemler kulland\u0131\u011f\u0131n\u0131z taray\u0131c\u0131ya g\u00f6re de\u011fi\u015febilmektedir. Baz\u0131 pop\u00fcler taray\u0131c\u0131lar\u0131n \u00e7erezlere izin verme ya da \u00e7erezleri engelleme veya silme talimatlar\u0131na a\u015fa\u011f\u0131daki linklerden ula\u015f\u0131lmas\u0131 m\u00fcmk\u00fcnd\u00fcr:<\/p>\n<p style=\"font-weight: 400;\"><strong>Aygen Taraf\u0131ndan Kullan\u0131lan \u00c7erezler<\/strong><br \/>\nWeb sitemizde kullan\u0131lan hi\u00e7bir \u00e7erez, kimli\u011finizin saptanmas\u0131na yarayacak verileri i\u015flememektedir.<\/p>\n<p style=\"font-weight: 400;\">\n","protected":false},"excerpt":{"rendered":"<p>AYGEN olarak, web sitemizin kullan\u0131m\u0131n\u0131 kolayla\u015ft\u0131rmak ve sitemizin kullan\u0131m\u0131n\u0131 ki\u015fiselle\u015ftirmek amac\u0131yla \u00e7erezler, piksel etiketleri (&#8220;pikseller&#8221;) ve yerel saklama teknolojileri kullanmaktay\u0131z. Bu sayfan\u0131n, an\u0131lan teknolojilerin ni\u00e7in kullan\u0131ld\u0131klar\u0131n\u0131 ve bunlar\u0131 kontrol etmeyi veya -tercihiniz bu y\u00f6ndeyse- silmeyi anlaman\u0131za yard\u0131mc\u0131 olmas\u0131n\u0131 istiyoruz. \u00c7erez Nedir? G\u00fcn\u00fcm\u00fczde neredeyse her web sitesi \u00e7erez kullanmaktad\u0131r. Size daha iyi, h\u0131zl\u0131 ve g\u00fcvenli bir [&hellip;]<\/p>\n","protected":false},"author":1,"featured_media":0,"parent":0,"menu_order":0,"comment_status":"closed","ping_status":"closed","template":"pages\/page-full.php","meta":{"footnotes":""},"class_list":["post-451","page","type-page","status-publish","hentry"],"yoast_head":"<!-- This site is optimized with the Yoast SEO plugin v26.3 - https:\/\/yoast.com\/wordpress\/plugins\/seo\/ -->\n<title>\u00c7erezler Hakk\u0131nda - AYGEN<\/title>\n<meta name=\"description\" content=\"Aygen Taraf\u0131ndan Kullan\u0131lan \u00c7erezler Web sitemizde kullan\u0131lan hi\u00e7bir \u00e7erez, kimli\u011finizin saptanmas\u0131na yarayacak verileri i\u015flememektedir.\" \/>\n<meta name=\"robots\" content=\"index, follow, max-snippet:-1, max-image-preview:large, max-video-preview:-1\" \/>\n<link rel=\"canonical\" href=\"https:\/\/aygen.com.tr\/?page_id=451\" \/>\n<meta property=\"og:locale\" content=\"tr_TR\" \/>\n<meta property=\"og:type\" content=\"article\" \/>\n<meta property=\"og:title\" content=\"\u00c7erezler Hakk\u0131nda - AYGEN\" \/>\n<meta property=\"og:description\" content=\"Aygen Taraf\u0131ndan Kullan\u0131lan \u00c7erezler Web sitemizde kullan\u0131lan hi\u00e7bir \u00e7erez, kimli\u011finizin saptanmas\u0131na yarayacak verileri i\u015flememektedir.\" \/>\n<meta property=\"og:url\" content=\"https:\/\/aygen.com.tr\/?page_id=451\" \/>\n<meta property=\"og:site_name\" content=\"AYGEN\" \/>\n<meta property=\"article:publisher\" content=\"https:\/\/www.facebook.com\/agl.corp\" \/>\n<meta name=\"twitter:card\" content=\"summary_large_image\" \/>\n<meta name=\"twitter:label1\" content=\"Tahmini okuma s\u00fcresi\" \/>\n\t<meta name=\"twitter:data1\" content=\"2 dakika\" \/>\n<script type=\"application\/ld+json\" class=\"yoast-schema-graph\">{\"@context\":\"https:\/\/schema.org\",\"@graph\":[{\"@type\":\"WebPage\",\"@id\":\"https:\/\/aygen.com.tr\/?page_id=451\",\"url\":\"https:\/\/aygen.com.tr\/?page_id=451\",\"name\":\"\u00c7erezler Hakk\u0131nda - AYGEN\",\"isPartOf\":{\"@id\":\"https:\/\/aygen.com.tr\/#website\"},\"datePublished\":\"2023-02-28T13:56:29+00:00\",\"description\":\"Aygen Taraf\u0131ndan Kullan\u0131lan \u00c7erezler Web sitemizde kullan\u0131lan hi\u00e7bir \u00e7erez, kimli\u011finizin saptanmas\u0131na yarayacak verileri i\u015flememektedir.\",\"breadcrumb\":{\"@id\":\"https:\/\/aygen.com.tr\/?page_id=451#breadcrumb\"},\"inLanguage\":\"tr\",\"potentialAction\":[{\"@type\":\"ReadAction\",\"target\":[\"https:\/\/aygen.com.tr\/?page_id=451\"]}]},{\"@type\":\"BreadcrumbList\",\"@id\":\"https:\/\/aygen.com.tr\/?page_id=451#breadcrumb\",\"itemListElement\":[{\"@type\":\"ListItem\",\"position\":1,\"name\":\"Anasayfa\",\"item\":\"https:\/\/aygen.com.tr\/\"},{\"@type\":\"ListItem\",\"position\":2,\"name\":\"\u00c7erezler Hakk\u0131nda\"}]},{\"@type\":\"WebSite\",\"@id\":\"https:\/\/aygen.com.tr\/#website\",\"url\":\"https:\/\/aygen.com.tr\/\",\"name\":\"AYGEN\",\"description\":\"\u0130novatif G\u00fcmr\u00fckleme I Global Lojistik I Depolama \u00c7\u00f6z\u00fcmleri\",\"publisher\":{\"@id\":\"https:\/\/aygen.com.tr\/#organization\"},\"potentialAction\":[{\"@type\":\"SearchAction\",\"target\":{\"@type\":\"EntryPoint\",\"urlTemplate\":\"https:\/\/aygen.com.tr\/?s={search_term_string}\"},\"query-input\":{\"@type\":\"PropertyValueSpecification\",\"valueRequired\":true,\"valueName\":\"search_term_string\"}}],\"inLanguage\":\"tr\"},{\"@type\":\"Organization\",\"@id\":\"https:\/\/aygen.com.tr\/#organization\",\"name\":\"AYGEN\",\"url\":\"https:\/\/aygen.com.tr\/\",\"logo\":{\"@type\":\"ImageObject\",\"inLanguage\":\"tr\",\"@id\":\"https:\/\/aygen.com.tr\/#\/schema\/logo\/image\/\",\"url\":\"https:\/\/aygen.com.tr\/wp-content\/uploads\/2024\/08\/a00.png\",\"contentUrl\":\"https:\/\/aygen.com.tr\/wp-content\/uploads\/2024\/08\/a00.png\",\"width\":1121,\"height\":457,\"caption\":\"AYGEN\"},\"image\":{\"@id\":\"https:\/\/aygen.com.tr\/#\/schema\/logo\/image\/\"},\"sameAs\":[\"https:\/\/www.facebook.com\/agl.corp\",\"https:\/\/www.linkedin.com\/company\/aygen-global-lojistik-ve-gmrk-mavirlii\/\",\"https:\/\/www.instagram.com\/aygengloballojistik\/\",\"https:\/\/www.youtube.com\/@AygenGlobalLojistikveGumruk\"]}]}<\/script>\n<!-- \/ Yoast SEO plugin. -->","yoast_head_json":{"title":"\u00c7erezler Hakk\u0131nda - AYGEN","description":"Aygen Taraf\u0131ndan Kullan\u0131lan \u00c7erezler Web sitemizde kullan\u0131lan hi\u00e7bir \u00e7erez, kimli\u011finizin saptanmas\u0131na yarayacak verileri i\u015flememektedir.","robots":{"index":"index","follow":"follow","max-snippet":"max-snippet:-1","max-image-preview":"max-image-preview:large","max-video-preview":"max-video-preview:-1"},"canonical":"https:\/\/aygen.com.tr\/?page_id=451","og_locale":"tr_TR","og_type":"article","og_title":"\u00c7erezler Hakk\u0131nda - AYGEN","og_description":"Aygen Taraf\u0131ndan Kullan\u0131lan \u00c7erezler Web sitemizde kullan\u0131lan hi\u00e7bir \u00e7erez, kimli\u011finizin saptanmas\u0131na yarayacak verileri i\u015flememektedir.","og_url":"https:\/\/aygen.com.tr\/?page_id=451","og_site_name":"AYGEN","article_publisher":"https:\/\/www.facebook.com\/agl.corp","twitter_card":"summary_large_image","twitter_misc":{"Tahmini okuma s\u00fcresi":"2 dakika"},"schema":{"@context":"https:\/\/schema.org","@graph":[{"@type":"WebPage","@id":"https:\/\/aygen.com.tr\/?page_id=451","url":"https:\/\/aygen.com.tr\/?page_id=451","name":"\u00c7erezler Hakk\u0131nda - AYGEN","isPartOf":{"@id":"https:\/\/aygen.com.tr\/#website"},"datePublished":"2023-02-28T13:56:29+00:00","description":"Aygen Taraf\u0131ndan Kullan\u0131lan \u00c7erezler Web sitemizde kullan\u0131lan hi\u00e7bir \u00e7erez, kimli\u011finizin saptanmas\u0131na yarayacak verileri i\u015flememektedir.","breadcrumb":{"@id":"https:\/\/aygen.com.tr\/?page_id=451#breadcrumb"},"inLanguage":"tr","potentialAction":[{"@type":"ReadAction","target":["https:\/\/aygen.com.tr\/?page_id=451"]}]},{"@type":"BreadcrumbList","@id":"https:\/\/aygen.com.tr\/?page_id=451#breadcrumb","itemListElement":[{"@type":"ListItem","position":1,"name":"Anasayfa","item":"https:\/\/aygen.com.tr\/"},{"@type":"ListItem","position":2,"name":"\u00c7erezler Hakk\u0131nda"}]},{"@type":"WebSite","@id":"https:\/\/aygen.com.tr\/#website","url":"https:\/\/aygen.com.tr\/","name":"AYGEN","description":"\u0130novatif G\u00fcmr\u00fckleme I Global Lojistik I Depolama \u00c7\u00f6z\u00fcmleri","publisher":{"@id":"https:\/\/aygen.com.tr\/#organization"},"potentialAction":[{"@type":"SearchAction","target":{"@type":"EntryPoint","urlTemplate":"https:\/\/aygen.com.tr\/?s={search_term_string}"},"query-input":{"@type":"PropertyValueSpecification","valueRequired":true,"valueName":"search_term_string"}}],"inLanguage":"tr"},{"@type":"Organization","@id":"https:\/\/aygen.com.tr\/#organization","name":"AYGEN","url":"https:\/\/aygen.com.tr\/","logo":{"@type":"ImageObject","inLanguage":"tr","@id":"https:\/\/aygen.com.tr\/#\/schema\/logo\/image\/","url":"https:\/\/aygen.com.tr\/wp-content\/uploads\/2024\/08\/a00.png","contentUrl":"https:\/\/aygen.com.tr\/wp-content\/uploads\/2024\/08\/a00.png","width":1121,"height":457,"caption":"AYGEN"},"image":{"@id":"https:\/\/aygen.com.tr\/#\/schema\/logo\/image\/"},"sameAs":["https:\/\/www.facebook.com\/agl.corp","https:\/\/www.linkedin.com\/company\/aygen-global-lojistik-ve-gmrk-mavirlii\/","https:\/\/www.instagram.com\/aygengloballojistik\/","https:\/\/www.youtube.com\/@AygenGlobalLojistikveGumruk"]}]}},"_links":{"self":[{"href":"https:\/\/aygen.com.tr\/index.php?rest_route=\/wp\/v2\/pages\/451","targetHints":{"allow":["GET"]}}],"collection":[{"href":"https:\/\/aygen.com.tr\/index.php?rest_route=\/wp\/v2\/pages"}],"about":[{"href":"https:\/\/aygen.com.tr\/index.php?rest_route=\/wp\/v2\/types\/page"}],"author":[{"embeddable":true,"href":"https:\/\/aygen.com.tr\/index.php?rest_route=\/wp\/v2\/users\/1"}],"replies":[{"embeddable":true,"href":"https:\/\/aygen.com.tr\/index.php?rest_route=%2Fwp%2Fv2%2Fcomments&post=451"}],"version-history":[{"count":0,"href":"https:\/\/aygen.com.tr\/index.php?rest_route=\/wp\/v2\/pages\/451\/revisions"}],"wp:attachment":[{"href":"https:\/\/aygen.com.tr\/index.php?rest_route=%2Fwp%2Fv2%2Fmedia&parent=451"}],"curies":[{"name":"wp","href":"https:\/\/api.w.org\/{rel}","templated":true}]}}