{"id":527,"date":"2023-03-01T11:52:06","date_gmt":"2023-03-01T08:52:06","guid":{"rendered":"https:\/\/www.aygen.com.tr\/?page_id=527"},"modified":"2024-08-20T10:20:55","modified_gmt":"2024-08-20T07:20:55","slug":"gumruk-musavirligi","status":"publish","type":"page","link":"https:\/\/aygen.com.tr\/?page_id=527","title":{"rendered":"G\u00fcmr\u00fck M\u00fc\u015favirli\u011fi"},"content":{"rendered":"<div class=\"wp-block-image\">\n<figure class=\"aligncenter\"><img loading=\"lazy\" decoding=\"async\" width=\"570\" height=\"268\" src=\"https:\/\/aygen.com.tr\/wp-content\/uploads\/2024\/08\/gumk.png\" alt=\"\" class=\"wp-image-1425\" srcset=\"https:\/\/aygen.com.tr\/wp-content\/uploads\/2024\/08\/gumk.png 570w, https:\/\/aygen.com.tr\/wp-content\/uploads\/2024\/08\/gumk-300x141.png 300w\" sizes=\"auto, (max-width: 570px) 100vw, 570px\" \/><\/figure>\n<\/div>\n\n\n<p>Etik ilkeler ve ahlaki de\u011ferlere ba\u011fl\u0131l\u0131\u011f\u0131m\u0131z, Teknolojik altyap\u0131m\u0131z, uzman kadromuz, i\u015flemleri h\u0131zl\u0131 sonu\u00e7land\u0131rma ve \u00e7\u00f6z\u00fcm \u00fcretme kabiliyetimiz ve farkl\u0131 lokasyonlarda m\u00fc\u015fteri odakl\u0131 hizmet sunma politikam\u0131z sayesinde, m\u00fc\u015fterilerimize butik hizmet sunarak, sekt\u00f6re ve d\u0131\u015f ticarete en etkili \u015fekilde destek olan y\u00f6n veren d\u00fcr\u00fcst ve \u015feffaf politikam\u0131z ile hizmet vermekteyiz.<\/p>\n\n\n\n<figure class=\"wp-block-gallery has-nested-images columns-default is-cropped wp-block-gallery-1 is-layout-flex wp-block-gallery-is-layout-flex\">\n<figure class=\"wp-block-image size-large is-style-rounded\"><img loading=\"lazy\" decoding=\"async\" width=\"152\" height=\"152\" data-id=\"1430\" src=\"https:\/\/aygen.com.tr\/wp-content\/uploads\/2024\/08\/1.png\" alt=\"\" class=\"wp-image-1430\" srcset=\"https:\/\/aygen.com.tr\/wp-content\/uploads\/2024\/08\/1.png 152w, https:\/\/aygen.com.tr\/wp-content\/uploads\/2024\/08\/1-150x150.png 150w\" sizes=\"auto, (max-width: 152px) 100vw, 152px\" \/><figcaption class=\"wp-element-caption\">BEYANNAME SORGULAMA<\/figcaption><\/figure>\n\n\n\n<figure class=\"wp-block-image size-large is-style-rounded\"><img loading=\"lazy\" decoding=\"async\" width=\"152\" height=\"152\" data-id=\"1435\" src=\"https:\/\/aygen.com.tr\/wp-content\/uploads\/2024\/08\/2.png\" alt=\"\" class=\"wp-image-1435\" srcset=\"https:\/\/aygen.com.tr\/wp-content\/uploads\/2024\/08\/2.png 152w, https:\/\/aygen.com.tr\/wp-content\/uploads\/2024\/08\/2-150x150.png 150w\" sizes=\"auto, (max-width: 152px) 100vw, 152px\" \/><figcaption class=\"wp-element-caption\">BEYANNAME DATAYLI SORGULAMA<\/figcaption><\/figure>\n\n\n\n<figure class=\"wp-block-image size-large is-style-rounded\"><img loading=\"lazy\" decoding=\"async\" width=\"152\" height=\"152\" data-id=\"1429\" src=\"https:\/\/aygen.com.tr\/wp-content\/uploads\/2024\/08\/3.png\" alt=\"\" class=\"wp-image-1429\" srcset=\"https:\/\/aygen.com.tr\/wp-content\/uploads\/2024\/08\/3.png 152w, https:\/\/aygen.com.tr\/wp-content\/uploads\/2024\/08\/3-150x150.png 150w\" sizes=\"auto, (max-width: 152px) 100vw, 152px\" \/><figcaption class=\"wp-element-caption\">AR\u015e\u0130V S\u0130STEM\u0130<\/figcaption><\/figure>\n\n\n\n<figure class=\"wp-block-image size-large is-style-rounded\"><img loading=\"lazy\" decoding=\"async\" width=\"152\" height=\"152\" data-id=\"1431\" src=\"https:\/\/aygen.com.tr\/wp-content\/uploads\/2024\/08\/4.png\" alt=\"\" class=\"wp-image-1431\" srcset=\"https:\/\/aygen.com.tr\/wp-content\/uploads\/2024\/08\/4.png 152w, https:\/\/aygen.com.tr\/wp-content\/uploads\/2024\/08\/4-150x150.png 150w\" sizes=\"auto, (max-width: 152px) 100vw, 152px\" \/><figcaption class=\"wp-element-caption\">GRAF\u0130K RAPORLAMALAR<\/figcaption><\/figure>\n\n\n\n<figure class=\"wp-block-image size-large is-style-rounded\"><img loading=\"lazy\" decoding=\"async\" width=\"152\" height=\"152\" data-id=\"1433\" src=\"https:\/\/aygen.com.tr\/wp-content\/uploads\/2024\/08\/5.png\" alt=\"\" class=\"wp-image-1433\" srcset=\"https:\/\/aygen.com.tr\/wp-content\/uploads\/2024\/08\/5.png 152w, https:\/\/aygen.com.tr\/wp-content\/uploads\/2024\/08\/5-150x150.png 150w\" sizes=\"auto, (max-width: 152px) 100vw, 152px\" \/><figcaption class=\"wp-element-caption\">AKILLI BI SERV\u0130SLER\u0130<\/figcaption><\/figure>\n\n\n\n<figure class=\"wp-block-image size-large is-style-rounded\"><img loading=\"lazy\" decoding=\"async\" width=\"152\" height=\"152\" data-id=\"1427\" src=\"https:\/\/aygen.com.tr\/wp-content\/uploads\/2024\/08\/6.png\" alt=\"\" class=\"wp-image-1427\" srcset=\"https:\/\/aygen.com.tr\/wp-content\/uploads\/2024\/08\/6.png 152w, https:\/\/aygen.com.tr\/wp-content\/uploads\/2024\/08\/6-150x150.png 150w\" sizes=\"auto, (max-width: 152px) 100vw, 152px\" \/><figcaption class=\"wp-element-caption\">Dahilde \u0130\u015fleme Rejimi Uygulamalar\u0131<\/figcaption><\/figure>\n\n\n\n<figure class=\"wp-block-image size-large is-style-rounded\"><img loading=\"lazy\" decoding=\"async\" width=\"152\" height=\"152\" data-id=\"1432\" src=\"https:\/\/aygen.com.tr\/wp-content\/uploads\/2024\/08\/7.png\" alt=\"\" class=\"wp-image-1432\" srcset=\"https:\/\/aygen.com.tr\/wp-content\/uploads\/2024\/08\/7.png 152w, https:\/\/aygen.com.tr\/wp-content\/uploads\/2024\/08\/7-150x150.png 150w\" sizes=\"auto, (max-width: 152px) 100vw, 152px\" \/><figcaption class=\"wp-element-caption\">OTOMA\u0130L SERV\u0130SLER\u0130<\/figcaption><\/figure>\n\n\n\n<figure class=\"wp-block-image size-large is-style-rounded\"><img loading=\"lazy\" decoding=\"async\" width=\"152\" height=\"152\" data-id=\"1428\" src=\"https:\/\/aygen.com.tr\/wp-content\/uploads\/2024\/08\/8.png\" alt=\"\" class=\"wp-image-1428\" srcset=\"https:\/\/aygen.com.tr\/wp-content\/uploads\/2024\/08\/8.png 152w, https:\/\/aygen.com.tr\/wp-content\/uploads\/2024\/08\/8-150x150.png 150w\" sizes=\"auto, (max-width: 152px) 100vw, 152px\" \/><figcaption class=\"wp-element-caption\">\u00dcR\u00dcN BANKASI<\/figcaption><\/figure>\n\n\n\n<figure class=\"wp-block-image size-large is-style-rounded\"><img loading=\"lazy\" decoding=\"async\" width=\"152\" height=\"152\" data-id=\"1436\" src=\"https:\/\/aygen.com.tr\/wp-content\/uploads\/2024\/08\/9.png\" alt=\"\" class=\"wp-image-1436\" srcset=\"https:\/\/aygen.com.tr\/wp-content\/uploads\/2024\/08\/9.png 152w, https:\/\/aygen.com.tr\/wp-content\/uploads\/2024\/08\/9-150x150.png 150w\" sizes=\"auto, (max-width: 152px) 100vw, 152px\" \/><figcaption class=\"wp-element-caption\">MEVZUAT<\/figcaption><\/figure>\n\n\n\n<figure class=\"wp-block-image size-large is-style-rounded\"><img loading=\"lazy\" decoding=\"async\" width=\"152\" height=\"152\" data-id=\"1434\" src=\"https:\/\/aygen.com.tr\/wp-content\/uploads\/2024\/08\/10.png\" alt=\"\" class=\"wp-image-1434\" srcset=\"https:\/\/aygen.com.tr\/wp-content\/uploads\/2024\/08\/10.png 152w, https:\/\/aygen.com.tr\/wp-content\/uploads\/2024\/08\/10-150x150.png 150w\" sizes=\"auto, (max-width: 152px) 100vw, 152px\" \/><figcaption class=\"wp-element-caption\">F\u0130NANS Y\u00d6NET\u0130M\u0130<\/figcaption><\/figure>\n\n\n\n<figure class=\"wp-block-image size-large is-style-rounded\"><img loading=\"lazy\" decoding=\"async\" width=\"152\" height=\"152\" data-id=\"1439\" src=\"https:\/\/aygen.com.tr\/wp-content\/uploads\/2024\/08\/11.png\" alt=\"\" class=\"wp-image-1439\" srcset=\"https:\/\/aygen.com.tr\/wp-content\/uploads\/2024\/08\/11.png 152w, https:\/\/aygen.com.tr\/wp-content\/uploads\/2024\/08\/11-150x150.png 150w\" sizes=\"auto, (max-width: 152px) 100vw, 152px\" \/><figcaption class=\"wp-element-caption\">ENTEGRASYON<\/figcaption><\/figure>\n\n\n\n<figure class=\"wp-block-image size-large is-style-rounded\"><img loading=\"lazy\" decoding=\"async\" width=\"152\" height=\"152\" data-id=\"1442\" src=\"https:\/\/aygen.com.tr\/wp-content\/uploads\/2024\/08\/12.png\" alt=\"\" class=\"wp-image-1442\" srcset=\"https:\/\/aygen.com.tr\/wp-content\/uploads\/2024\/08\/12.png 152w, https:\/\/aygen.com.tr\/wp-content\/uploads\/2024\/08\/12-150x150.png 150w\" sizes=\"auto, (max-width: 152px) 100vw, 152px\" \/><figcaption class=\"wp-element-caption\">SOSYAL \u0130\u00c7ER\u0130KLER<\/figcaption><\/figure>\n\n\n\n<figure class=\"wp-block-image size-large is-style-rounded\"><img loading=\"lazy\" decoding=\"async\" width=\"152\" height=\"152\" data-id=\"1441\" src=\"https:\/\/aygen.com.tr\/wp-content\/uploads\/2024\/08\/13.png\" alt=\"\" class=\"wp-image-1441\" srcset=\"https:\/\/aygen.com.tr\/wp-content\/uploads\/2024\/08\/13.png 152w, https:\/\/aygen.com.tr\/wp-content\/uploads\/2024\/08\/13-150x150.png 150w\" sizes=\"auto, (max-width: 152px) 100vw, 152px\" \/><figcaption class=\"wp-element-caption\">E\u011e\u0130T\u0130M \u0130\u00c7ER\u0130KLER\u0130<\/figcaption><\/figure>\n\n\n\n<figure class=\"wp-block-image size-large is-style-rounded\"><img loading=\"lazy\" decoding=\"async\" width=\"152\" height=\"152\" data-id=\"1438\" src=\"https:\/\/aygen.com.tr\/wp-content\/uploads\/2024\/08\/14.png\" alt=\"\" class=\"wp-image-1438\" srcset=\"https:\/\/aygen.com.tr\/wp-content\/uploads\/2024\/08\/14.png 152w, https:\/\/aygen.com.tr\/wp-content\/uploads\/2024\/08\/14-150x150.png 150w\" sizes=\"auto, (max-width: 152px) 100vw, 152px\" \/><figcaption class=\"wp-element-caption\">EVRAK TAK\u0130B\u0130<\/figcaption><\/figure>\n\n\n\n<figure class=\"wp-block-image size-large is-style-rounded\"><img loading=\"lazy\" decoding=\"async\" width=\"152\" height=\"152\" data-id=\"1437\" src=\"https:\/\/aygen.com.tr\/wp-content\/uploads\/2024\/08\/15.png\" alt=\"\" class=\"wp-image-1437\" srcset=\"https:\/\/aygen.com.tr\/wp-content\/uploads\/2024\/08\/15.png 152w, https:\/\/aygen.com.tr\/wp-content\/uploads\/2024\/08\/15-150x150.png 150w\" sizes=\"auto, (max-width: 152px) 100vw, 152px\" \/><figcaption class=\"wp-element-caption\">G\u00fcmr\u00fck ve D\u0131\u015f Ticaret Mevzuat\u0131 Hakk\u0131nda Her T\u00fcrl\u00fc \u0130htilaf<\/figcaption><\/figure>\n\n\n\n<figure class=\"wp-block-image size-large is-style-rounded\"><img loading=\"lazy\" decoding=\"async\" width=\"152\" height=\"152\" data-id=\"1444\" src=\"https:\/\/aygen.com.tr\/wp-content\/uploads\/2024\/08\/16.png\" alt=\"\" class=\"wp-image-1444\" srcset=\"https:\/\/aygen.com.tr\/wp-content\/uploads\/2024\/08\/16.png 152w, https:\/\/aygen.com.tr\/wp-content\/uploads\/2024\/08\/16-150x150.png 150w\" sizes=\"auto, (max-width: 152px) 100vw, 152px\" \/><figcaption class=\"wp-element-caption\">Raporlama ve Analiz S\u00fcre\u00e7 Takibi<\/figcaption><\/figure>\n\n\n\n<figure class=\"wp-block-image size-large is-style-rounded\"><img loading=\"lazy\" decoding=\"async\" width=\"152\" height=\"152\" data-id=\"1443\" src=\"https:\/\/aygen.com.tr\/wp-content\/uploads\/2024\/08\/17.png\" alt=\"\" class=\"wp-image-1443\" srcset=\"https:\/\/aygen.com.tr\/wp-content\/uploads\/2024\/08\/17.png 152w, https:\/\/aygen.com.tr\/wp-content\/uploads\/2024\/08\/17-150x150.png 150w\" sizes=\"auto, (max-width: 152px) 100vw, 152px\" \/><figcaption class=\"wp-element-caption\">Liman Transit \u0130\u015flemleri<\/figcaption><\/figure>\n\n\n\n<figure class=\"wp-block-image size-large is-style-rounded\"><img loading=\"lazy\" decoding=\"async\" width=\"152\" height=\"152\" data-id=\"1440\" src=\"https:\/\/aygen.com.tr\/wp-content\/uploads\/2024\/08\/18.png\" alt=\"\" class=\"wp-image-1440\" srcset=\"https:\/\/aygen.com.tr\/wp-content\/uploads\/2024\/08\/18.png 152w, https:\/\/aygen.com.tr\/wp-content\/uploads\/2024\/08\/18-150x150.png 150w\" sizes=\"auto, (max-width: 152px) 100vw, 152px\" \/><figcaption class=\"wp-element-caption\">BTK Ba\u015fvuru \u0130\u015flemleri<\/figcaption><\/figure>\n\n\n\n<figure class=\"wp-block-image size-large is-style-rounded\"><img loading=\"lazy\" decoding=\"async\" width=\"152\" height=\"152\" data-id=\"1446\" src=\"https:\/\/aygen.com.tr\/wp-content\/uploads\/2024\/08\/19.png\" alt=\"\" class=\"wp-image-1446\" srcset=\"https:\/\/aygen.com.tr\/wp-content\/uploads\/2024\/08\/19.png 152w, https:\/\/aygen.com.tr\/wp-content\/uploads\/2024\/08\/19-150x150.png 150w\" sizes=\"auto, (max-width: 152px) 100vw, 152px\" \/><figcaption class=\"wp-element-caption\">\u0130TK\u0130B Tek Pencere Ba\u015fvuru \u0130\u015flemleri<\/figcaption><\/figure>\n\n\n\n<figure class=\"wp-block-image size-large is-style-rounded\"><img loading=\"lazy\" decoding=\"async\" width=\"152\" height=\"152\" data-id=\"1449\" src=\"https:\/\/aygen.com.tr\/wp-content\/uploads\/2024\/08\/20.png\" alt=\"\" class=\"wp-image-1449\" srcset=\"https:\/\/aygen.com.tr\/wp-content\/uploads\/2024\/08\/20.png 152w, https:\/\/aygen.com.tr\/wp-content\/uploads\/2024\/08\/20-150x150.png 150w\" sizes=\"auto, (max-width: 152px) 100vw, 152px\" \/><figcaption class=\"wp-element-caption\">Geri Verme Kald\u0131rma \u0130\u015flemleri<\/figcaption><\/figure>\n\n\n\n<figure class=\"wp-block-image size-large is-style-rounded\"><img loading=\"lazy\" decoding=\"async\" width=\"152\" height=\"152\" data-id=\"1452\" src=\"https:\/\/aygen.com.tr\/wp-content\/uploads\/2024\/08\/22.png\" alt=\"\" class=\"wp-image-1452\" srcset=\"https:\/\/aygen.com.tr\/wp-content\/uploads\/2024\/08\/22.png 152w, https:\/\/aygen.com.tr\/wp-content\/uploads\/2024\/08\/22-150x150.png 150w\" sizes=\"auto, (max-width: 152px) 100vw, 152px\" \/><figcaption class=\"wp-element-caption\">\u00d6l\u00e7\u00fc Ayar \u0130\u015flemleri<\/figcaption><\/figure>\n\n\n\n<figure class=\"wp-block-image size-large is-style-rounded\"><img loading=\"lazy\" decoding=\"async\" width=\"152\" height=\"152\" data-id=\"1445\" src=\"https:\/\/aygen.com.tr\/wp-content\/uploads\/2024\/08\/23.png\" alt=\"\" class=\"wp-image-1445\" srcset=\"https:\/\/aygen.com.tr\/wp-content\/uploads\/2024\/08\/23.png 152w, https:\/\/aygen.com.tr\/wp-content\/uploads\/2024\/08\/23-150x150.png 150w\" sizes=\"auto, (max-width: 152px) 100vw, 152px\" \/><figcaption class=\"wp-element-caption\">Karayolu Uygunluk \u0130\u015flemleri<\/figcaption><\/figure>\n\n\n\n<figure class=\"wp-block-image size-large is-style-rounded\"><img loading=\"lazy\" decoding=\"async\" width=\"152\" height=\"152\" data-id=\"1450\" src=\"https:\/\/aygen.com.tr\/wp-content\/uploads\/2024\/08\/24.png\" alt=\"\" class=\"wp-image-1450\" srcset=\"https:\/\/aygen.com.tr\/wp-content\/uploads\/2024\/08\/24.png 152w, https:\/\/aygen.com.tr\/wp-content\/uploads\/2024\/08\/24-150x150.png 150w\" sizes=\"auto, (max-width: 152px) 100vw, 152px\" \/><figcaption class=\"wp-element-caption\">BTB Ba\u015fvuru \u0130\u015flemleri<\/figcaption><\/figure>\n\n\n\n<figure class=\"wp-block-image size-large is-style-rounded\"><img loading=\"lazy\" decoding=\"async\" width=\"152\" height=\"152\" data-id=\"1448\" src=\"https:\/\/aygen.com.tr\/wp-content\/uploads\/2024\/08\/25.png\" alt=\"\" class=\"wp-image-1448\" srcset=\"https:\/\/aygen.com.tr\/wp-content\/uploads\/2024\/08\/25.png 152w, https:\/\/aygen.com.tr\/wp-content\/uploads\/2024\/08\/25-150x150.png 150w\" sizes=\"auto, (max-width: 152px) 100vw, 152px\" \/><figcaption class=\"wp-element-caption\">TAREKS ve \u00dcr\u00fcn G\u00fcvenli\u011fi<\/figcaption><\/figure>\n\n\n\n<figure class=\"wp-block-image size-large is-style-rounded\"><img loading=\"lazy\" decoding=\"async\" width=\"152\" height=\"152\" data-id=\"1447\" src=\"https:\/\/aygen.com.tr\/wp-content\/uploads\/2024\/08\/26.png\" alt=\"\" class=\"wp-image-1447\" srcset=\"https:\/\/aygen.com.tr\/wp-content\/uploads\/2024\/08\/26.png 152w, https:\/\/aygen.com.tr\/wp-content\/uploads\/2024\/08\/26-150x150.png 150w\" sizes=\"auto, (max-width: 152px) 100vw, 152px\" \/><figcaption class=\"wp-element-caption\">TSE ve \u00dcr\u00fcn Denetmenleri<\/figcaption><\/figure>\n\n\n\n<figure class=\"wp-block-image size-large is-style-rounded\"><img loading=\"lazy\" decoding=\"async\" width=\"152\" height=\"152\" data-id=\"1451\" src=\"https:\/\/aygen.com.tr\/wp-content\/uploads\/2024\/08\/27.png\" alt=\"\" class=\"wp-image-1451\" srcset=\"https:\/\/aygen.com.tr\/wp-content\/uploads\/2024\/08\/27.png 152w, https:\/\/aygen.com.tr\/wp-content\/uploads\/2024\/08\/27-150x150.png 150w\" sizes=\"auto, (max-width: 152px) 100vw, 152px\" \/><figcaption class=\"wp-element-caption\">DTS \u0130\u015flemleri<\/figcaption><\/figure>\n<\/figure>\n\n\n\n<p>&nbsp;<\/p>\n\n\n\n<p>&nbsp;<\/p>\n\n\n\n<p>&nbsp;<\/p>\n","protected":false},"excerpt":{"rendered":"<p>Etik ilkeler ve ahlaki de\u011ferlere ba\u011fl\u0131l\u0131\u011f\u0131m\u0131z, Teknolojik altyap\u0131m\u0131z, uzman kadromuz, i\u015flemleri h\u0131zl\u0131 sonu\u00e7land\u0131rma ve \u00e7\u00f6z\u00fcm \u00fcretme kabiliyetimiz ve farkl\u0131 lokasyonlarda m\u00fc\u015fteri odakl\u0131 hizmet sunma politikam\u0131z sayesinde, m\u00fc\u015fterilerimize butik hizmet sunarak, sekt\u00f6re ve d\u0131\u015f ticarete en etkili \u015fekilde destek olan y\u00f6n veren d\u00fcr\u00fcst ve \u015feffaf politikam\u0131z ile hizmet vermekteyiz. &nbsp; &nbsp; &nbsp;<\/p>\n","protected":false},"author":1,"featured_media":476,"parent":453,"menu_order":0,"comment_status":"closed","ping_status":"closed","template":"","meta":{"footnotes":""},"class_list":["post-527","page","type-page","status-publish","has-post-thumbnail","hentry"],"yoast_head":"<!-- This site is optimized with the Yoast SEO plugin v26.3 - https:\/\/yoast.com\/wordpress\/plugins\/seo\/ -->\n<title>G\u00fcmr\u00fck M\u00fc\u015favirli\u011fi - AYGEN<\/title>\n<meta name=\"description\" content=\"1955 Y\u0131l\u0131nda G\u00fcmr\u00fckleme hizmet sekt\u00f6r\u00fcne ba\u015flayan firmam\u0131z, Aygen Global Lojistik ve G\u00fcmr\u00fck M\u00fc\u015favirli\u011fi \u00e7at\u0131s\u0131 alt\u0131nda hizmetlerine devam etmektedir.\" \/>\n<meta name=\"robots\" content=\"index, follow, max-snippet:-1, max-image-preview:large, max-video-preview:-1\" \/>\n<link rel=\"canonical\" href=\"https:\/\/aygen.com.tr\/?page_id=527\" \/>\n<meta property=\"og:locale\" content=\"tr_TR\" \/>\n<meta property=\"og:type\" content=\"article\" \/>\n<meta property=\"og:title\" content=\"G\u00fcmr\u00fck M\u00fc\u015favirli\u011fi - AYGEN\" \/>\n<meta property=\"og:description\" content=\"1955 Y\u0131l\u0131nda G\u00fcmr\u00fckleme hizmet sekt\u00f6r\u00fcne ba\u015flayan firmam\u0131z, Aygen Global Lojistik ve G\u00fcmr\u00fck M\u00fc\u015favirli\u011fi \u00e7at\u0131s\u0131 alt\u0131nda hizmetlerine devam etmektedir.\" \/>\n<meta property=\"og:url\" content=\"https:\/\/aygen.com.tr\/?page_id=527\" \/>\n<meta property=\"og:site_name\" content=\"AYGEN\" \/>\n<meta property=\"article:publisher\" content=\"https:\/\/www.facebook.com\/agl.corp\" \/>\n<meta property=\"article:modified_time\" content=\"2024-08-20T07:20:55+00:00\" \/>\n<meta name=\"twitter:card\" content=\"summary_large_image\" \/>\n<meta name=\"twitter:label1\" content=\"Tahmini okuma s\u00fcresi\" \/>\n\t<meta name=\"twitter:data1\" content=\"7 dakika\" \/>\n<script type=\"application\/ld+json\" class=\"yoast-schema-graph\">{\"@context\":\"https:\/\/schema.org\",\"@graph\":[{\"@type\":\"WebPage\",\"@id\":\"https:\/\/aygen.com.tr\/?page_id=527\",\"url\":\"https:\/\/aygen.com.tr\/?page_id=527\",\"name\":\"G\u00fcmr\u00fck M\u00fc\u015favirli\u011fi - AYGEN\",\"isPartOf\":{\"@id\":\"https:\/\/aygen.com.tr\/#website\"},\"primaryImageOfPage\":{\"@id\":\"https:\/\/aygen.com.tr\/?page_id=527#primaryimage\"},\"image\":{\"@id\":\"https:\/\/aygen.com.tr\/?page_id=527#primaryimage\"},\"thumbnailUrl\":\"\",\"datePublished\":\"2023-03-01T08:52:06+00:00\",\"dateModified\":\"2024-08-20T07:20:55+00:00\",\"description\":\"1955 Y\u0131l\u0131nda G\u00fcmr\u00fckleme hizmet sekt\u00f6r\u00fcne ba\u015flayan firmam\u0131z, Aygen Global Lojistik ve G\u00fcmr\u00fck M\u00fc\u015favirli\u011fi \u00e7at\u0131s\u0131 alt\u0131nda hizmetlerine devam etmektedir.\",\"breadcrumb\":{\"@id\":\"https:\/\/aygen.com.tr\/?page_id=527#breadcrumb\"},\"inLanguage\":\"tr\",\"potentialAction\":[{\"@type\":\"ReadAction\",\"target\":[\"https:\/\/aygen.com.tr\/?page_id=527\"]}]},{\"@type\":\"ImageObject\",\"inLanguage\":\"tr\",\"@id\":\"https:\/\/aygen.com.tr\/?page_id=527#primaryimage\",\"url\":\"\",\"contentUrl\":\"\"},{\"@type\":\"BreadcrumbList\",\"@id\":\"https:\/\/aygen.com.tr\/?page_id=527#breadcrumb\",\"itemListElement\":[{\"@type\":\"ListItem\",\"position\":1,\"name\":\"Anasayfa\",\"item\":\"https:\/\/aygen.com.tr\/\"},{\"@type\":\"ListItem\",\"position\":2,\"name\":\"Hizmetlerimiz\",\"item\":\"https:\/\/aygen.com.tr\/?page_id=453\"},{\"@type\":\"ListItem\",\"position\":3,\"name\":\"G\u00fcmr\u00fck M\u00fc\u015favirli\u011fi\"}]},{\"@type\":\"WebSite\",\"@id\":\"https:\/\/aygen.com.tr\/#website\",\"url\":\"https:\/\/aygen.com.tr\/\",\"name\":\"AYGEN\",\"description\":\"\u0130novatif G\u00fcmr\u00fckleme I Global Lojistik I Depolama \u00c7\u00f6z\u00fcmleri\",\"publisher\":{\"@id\":\"https:\/\/aygen.com.tr\/#organization\"},\"potentialAction\":[{\"@type\":\"SearchAction\",\"target\":{\"@type\":\"EntryPoint\",\"urlTemplate\":\"https:\/\/aygen.com.tr\/?s={search_term_string}\"},\"query-input\":{\"@type\":\"PropertyValueSpecification\",\"valueRequired\":true,\"valueName\":\"search_term_string\"}}],\"inLanguage\":\"tr\"},{\"@type\":\"Organization\",\"@id\":\"https:\/\/aygen.com.tr\/#organization\",\"name\":\"AYGEN\",\"url\":\"https:\/\/aygen.com.tr\/\",\"logo\":{\"@type\":\"ImageObject\",\"inLanguage\":\"tr\",\"@id\":\"https:\/\/aygen.com.tr\/#\/schema\/logo\/image\/\",\"url\":\"https:\/\/aygen.com.tr\/wp-content\/uploads\/2024\/08\/a00.png\",\"contentUrl\":\"https:\/\/aygen.com.tr\/wp-content\/uploads\/2024\/08\/a00.png\",\"width\":1121,\"height\":457,\"caption\":\"AYGEN\"},\"image\":{\"@id\":\"https:\/\/aygen.com.tr\/#\/schema\/logo\/image\/\"},\"sameAs\":[\"https:\/\/www.facebook.com\/agl.corp\",\"https:\/\/www.linkedin.com\/company\/aygen-global-lojistik-ve-gmrk-mavirlii\/\",\"https:\/\/www.instagram.com\/aygengloballojistik\/\",\"https:\/\/www.youtube.com\/@AygenGlobalLojistikveGumruk\"]}]}<\/script>\n<!-- \/ Yoast SEO plugin. -->","yoast_head_json":{"title":"G\u00fcmr\u00fck M\u00fc\u015favirli\u011fi - AYGEN","description":"1955 Y\u0131l\u0131nda G\u00fcmr\u00fckleme hizmet sekt\u00f6r\u00fcne ba\u015flayan firmam\u0131z, Aygen Global Lojistik ve G\u00fcmr\u00fck M\u00fc\u015favirli\u011fi \u00e7at\u0131s\u0131 alt\u0131nda hizmetlerine devam etmektedir.","robots":{"index":"index","follow":"follow","max-snippet":"max-snippet:-1","max-image-preview":"max-image-preview:large","max-video-preview":"max-video-preview:-1"},"canonical":"https:\/\/aygen.com.tr\/?page_id=527","og_locale":"tr_TR","og_type":"article","og_title":"G\u00fcmr\u00fck M\u00fc\u015favirli\u011fi - AYGEN","og_description":"1955 Y\u0131l\u0131nda G\u00fcmr\u00fckleme hizmet sekt\u00f6r\u00fcne ba\u015flayan firmam\u0131z, Aygen Global Lojistik ve G\u00fcmr\u00fck M\u00fc\u015favirli\u011fi \u00e7at\u0131s\u0131 alt\u0131nda hizmetlerine devam etmektedir.","og_url":"https:\/\/aygen.com.tr\/?page_id=527","og_site_name":"AYGEN","article_publisher":"https:\/\/www.facebook.com\/agl.corp","article_modified_time":"2024-08-20T07:20:55+00:00","twitter_card":"summary_large_image","twitter_misc":{"Tahmini okuma s\u00fcresi":"7 dakika"},"schema":{"@context":"https:\/\/schema.org","@graph":[{"@type":"WebPage","@id":"https:\/\/aygen.com.tr\/?page_id=527","url":"https:\/\/aygen.com.tr\/?page_id=527","name":"G\u00fcmr\u00fck M\u00fc\u015favirli\u011fi - AYGEN","isPartOf":{"@id":"https:\/\/aygen.com.tr\/#website"},"primaryImageOfPage":{"@id":"https:\/\/aygen.com.tr\/?page_id=527#primaryimage"},"image":{"@id":"https:\/\/aygen.com.tr\/?page_id=527#primaryimage"},"thumbnailUrl":"","datePublished":"2023-03-01T08:52:06+00:00","dateModified":"2024-08-20T07:20:55+00:00","description":"1955 Y\u0131l\u0131nda G\u00fcmr\u00fckleme hizmet sekt\u00f6r\u00fcne ba\u015flayan firmam\u0131z, Aygen Global Lojistik ve G\u00fcmr\u00fck M\u00fc\u015favirli\u011fi \u00e7at\u0131s\u0131 alt\u0131nda hizmetlerine devam etmektedir.","breadcrumb":{"@id":"https:\/\/aygen.com.tr\/?page_id=527#breadcrumb"},"inLanguage":"tr","potentialAction":[{"@type":"ReadAction","target":["https:\/\/aygen.com.tr\/?page_id=527"]}]},{"@type":"ImageObject","inLanguage":"tr","@id":"https:\/\/aygen.com.tr\/?page_id=527#primaryimage","url":"","contentUrl":""},{"@type":"BreadcrumbList","@id":"https:\/\/aygen.com.tr\/?page_id=527#breadcrumb","itemListElement":[{"@type":"ListItem","position":1,"name":"Anasayfa","item":"https:\/\/aygen.com.tr\/"},{"@type":"ListItem","position":2,"name":"Hizmetlerimiz","item":"https:\/\/aygen.com.tr\/?page_id=453"},{"@type":"ListItem","position":3,"name":"G\u00fcmr\u00fck M\u00fc\u015favirli\u011fi"}]},{"@type":"WebSite","@id":"https:\/\/aygen.com.tr\/#website","url":"https:\/\/aygen.com.tr\/","name":"AYGEN","description":"\u0130novatif G\u00fcmr\u00fckleme I Global Lojistik I Depolama \u00c7\u00f6z\u00fcmleri","publisher":{"@id":"https:\/\/aygen.com.tr\/#organization"},"potentialAction":[{"@type":"SearchAction","target":{"@type":"EntryPoint","urlTemplate":"https:\/\/aygen.com.tr\/?s={search_term_string}"},"query-input":{"@type":"PropertyValueSpecification","valueRequired":true,"valueName":"search_term_string"}}],"inLanguage":"tr"},{"@type":"Organization","@id":"https:\/\/aygen.com.tr\/#organization","name":"AYGEN","url":"https:\/\/aygen.com.tr\/","logo":{"@type":"ImageObject","inLanguage":"tr","@id":"https:\/\/aygen.com.tr\/#\/schema\/logo\/image\/","url":"https:\/\/aygen.com.tr\/wp-content\/uploads\/2024\/08\/a00.png","contentUrl":"https:\/\/aygen.com.tr\/wp-content\/uploads\/2024\/08\/a00.png","width":1121,"height":457,"caption":"AYGEN"},"image":{"@id":"https:\/\/aygen.com.tr\/#\/schema\/logo\/image\/"},"sameAs":["https:\/\/www.facebook.com\/agl.corp","https:\/\/www.linkedin.com\/company\/aygen-global-lojistik-ve-gmrk-mavirlii\/","https:\/\/www.instagram.com\/aygengloballojistik\/","https:\/\/www.youtube.com\/@AygenGlobalLojistikveGumruk"]}]}},"_links":{"self":[{"href":"https:\/\/aygen.com.tr\/index.php?rest_route=\/wp\/v2\/pages\/527","targetHints":{"allow":["GET"]}}],"collection":[{"href":"https:\/\/aygen.com.tr\/index.php?rest_route=\/wp\/v2\/pages"}],"about":[{"href":"https:\/\/aygen.com.tr\/index.php?rest_route=\/wp\/v2\/types\/page"}],"author":[{"embeddable":true,"href":"https:\/\/aygen.com.tr\/index.php?rest_route=\/wp\/v2\/users\/1"}],"replies":[{"embeddable":true,"href":"https:\/\/aygen.com.tr\/index.php?rest_route=%2Fwp%2Fv2%2Fcomments&post=527"}],"version-history":[{"count":3,"href":"https:\/\/aygen.com.tr\/index.php?rest_route=\/wp\/v2\/pages\/527\/revisions"}],"predecessor-version":[{"id":1486,"href":"https:\/\/aygen.com.tr\/index.php?rest_route=\/wp\/v2\/pages\/527\/revisions\/1486"}],"up":[{"embeddable":true,"href":"https:\/\/aygen.com.tr\/index.php?rest_route=\/wp\/v2\/pages\/453"}],"wp:featuredmedia":[{"embeddable":true,"href":"https:\/\/aygen.com.tr\/index.php?rest_route=\/"}],"wp:attachment":[{"href":"https:\/\/aygen.com.tr\/index.php?rest_route=%2Fwp%2Fv2%2Fmedia&parent=527"}],"curies":[{"name":"wp","href":"https:\/\/api.w.org\/{rel}","templated":true}]}}