{"id":529,"date":"2023-03-01T15:48:59","date_gmt":"2023-03-01T12:48:59","guid":{"rendered":"https:\/\/www.aygen.com.tr\/?page_id=529"},"modified":"2024-08-19T13:18:05","modified_gmt":"2024-08-19T10:18:05","slug":"depolama-hizmetleri","status":"publish","type":"page","link":"https:\/\/aygen.com.tr\/?page_id=529","title":{"rendered":"Depolama Hizmetleri"},"content":{"rendered":"<p><img loading=\"lazy\" decoding=\"async\" class=\"alignnone size-full wp-image-1457\" src=\"https:\/\/aygen.com.tr\/wp-content\/uploads\/2024\/08\/WhatsApp-Image-2024-08-19-at-13.17.19.jpeg\" alt=\"\" width=\"1024\" height=\"576\" srcset=\"https:\/\/aygen.com.tr\/wp-content\/uploads\/2024\/08\/WhatsApp-Image-2024-08-19-at-13.17.19.jpeg 1024w, https:\/\/aygen.com.tr\/wp-content\/uploads\/2024\/08\/WhatsApp-Image-2024-08-19-at-13.17.19-300x169.jpeg 300w, https:\/\/aygen.com.tr\/wp-content\/uploads\/2024\/08\/WhatsApp-Image-2024-08-19-at-13.17.19-768x432.jpeg 768w\" sizes=\"auto, (max-width: 1024px) 100vw, 1024px\" \/><\/p>\n<p>Lojistikte en \u00f6nemli noktalardan bir tanesi olan depolama, \u00fcr\u00fcnlerin g\u00fcvenli bir \u015fekilde korunmas\u0131n\u0131 ve kolay bir \u015fekilde takip edilmesini sa\u011flar. Depolama sayesinde \u00fcr\u00fcnlerin aktar\u0131m\u0131 da pratik ve h\u0131zl\u0131 bir \u015fekilde ger\u00e7ekle\u015ftirilir. Depolama hizmetleri \u00fcr\u00fcn\u00fcn \u00f6zelliklerine, kullan\u0131c\u0131lar\u0131n isteklerine ve ihtiyaca ba\u011fl\u0131 olarak \u015fekillenir.<\/p>\n<p><strong>AYGEN<\/strong> olarak, g\u00fcmr\u00fckl\u00fc ve g\u00fcmr\u00fcks\u00fcz, \u00e7ok m\u00fc\u015fterili ve m\u00fc\u015fteriye \u00f6zel lojistik tesisleri, m\u00fc\u015fteri depolar\u0131 i\u00e7erisindeki lojistik y\u00f6netimi ve aktarma merkezleri ile \u00e7ok y\u00f6nl\u00fc ve entegre depolama hizmetleri veriyoruz.<\/p>\n","protected":false},"excerpt":{"rendered":"<p>Lojistikte en \u00f6nemli noktalardan bir tanesi olan depolama, \u00fcr\u00fcnlerin g\u00fcvenli bir \u015fekilde korunmas\u0131n\u0131 ve kolay bir \u015fekilde takip edilmesini sa\u011flar. Depolama sayesinde \u00fcr\u00fcnlerin aktar\u0131m\u0131 da pratik ve h\u0131zl\u0131 bir \u015fekilde ger\u00e7ekle\u015ftirilir. Depolama hizmetleri \u00fcr\u00fcn\u00fcn \u00f6zelliklerine, kullan\u0131c\u0131lar\u0131n isteklerine ve ihtiyaca ba\u011fl\u0131 olarak \u015fekillenir. AYGEN olarak, g\u00fcmr\u00fckl\u00fc ve g\u00fcmr\u00fcks\u00fcz, \u00e7ok m\u00fc\u015fterili ve m\u00fc\u015fteriye \u00f6zel lojistik tesisleri, m\u00fc\u015fteri [&hellip;]<\/p>\n","protected":false},"author":1,"featured_media":657,"parent":453,"menu_order":0,"comment_status":"closed","ping_status":"closed","template":"","meta":{"footnotes":""},"class_list":["post-529","page","type-page","status-publish","has-post-thumbnail","hentry"],"yoast_head":"<!-- This site is optimized with the Yoast SEO plugin v26.3 - https:\/\/yoast.com\/wordpress\/plugins\/seo\/ -->\n<title>Depolama Hizmetleri - AYGEN<\/title>\n<meta name=\"robots\" content=\"index, follow, max-snippet:-1, max-image-preview:large, max-video-preview:-1\" \/>\n<link rel=\"canonical\" href=\"https:\/\/aygen.com.tr\/?page_id=529\" \/>\n<meta property=\"og:locale\" content=\"tr_TR\" \/>\n<meta property=\"og:type\" content=\"article\" \/>\n<meta property=\"og:title\" content=\"Depolama Hizmetleri - AYGEN\" \/>\n<meta property=\"og:description\" content=\"Lojistikte en \u00f6nemli noktalardan bir tanesi olan depolama, \u00fcr\u00fcnlerin g\u00fcvenli bir \u015fekilde korunmas\u0131n\u0131 ve kolay bir \u015fekilde takip edilmesini sa\u011flar. Depolama sayesinde \u00fcr\u00fcnlerin aktar\u0131m\u0131 da pratik ve h\u0131zl\u0131 bir \u015fekilde ger\u00e7ekle\u015ftirilir. Depolama hizmetleri \u00fcr\u00fcn\u00fcn \u00f6zelliklerine, kullan\u0131c\u0131lar\u0131n isteklerine ve ihtiyaca ba\u011fl\u0131 olarak \u015fekillenir. AYGEN olarak, g\u00fcmr\u00fckl\u00fc ve g\u00fcmr\u00fcks\u00fcz, \u00e7ok m\u00fc\u015fterili ve m\u00fc\u015fteriye \u00f6zel lojistik tesisleri, m\u00fc\u015fteri [&hellip;]\" \/>\n<meta property=\"og:url\" content=\"https:\/\/aygen.com.tr\/?page_id=529\" \/>\n<meta property=\"og:site_name\" content=\"AYGEN\" \/>\n<meta property=\"article:publisher\" content=\"https:\/\/www.facebook.com\/agl.corp\" \/>\n<meta property=\"article:modified_time\" content=\"2024-08-19T10:18:05+00:00\" \/>\n<meta name=\"twitter:card\" content=\"summary_large_image\" \/>\n<meta name=\"twitter:label1\" content=\"Tahmini okuma s\u00fcresi\" \/>\n\t<meta name=\"twitter:data1\" content=\"1 dakika\" \/>\n<script type=\"application\/ld+json\" class=\"yoast-schema-graph\">{\"@context\":\"https:\/\/schema.org\",\"@graph\":[{\"@type\":\"WebPage\",\"@id\":\"https:\/\/aygen.com.tr\/?page_id=529\",\"url\":\"https:\/\/aygen.com.tr\/?page_id=529\",\"name\":\"Depolama Hizmetleri - AYGEN\",\"isPartOf\":{\"@id\":\"https:\/\/aygen.com.tr\/#website\"},\"primaryImageOfPage\":{\"@id\":\"https:\/\/aygen.com.tr\/?page_id=529#primaryimage\"},\"image\":{\"@id\":\"https:\/\/aygen.com.tr\/?page_id=529#primaryimage\"},\"thumbnailUrl\":\"\",\"datePublished\":\"2023-03-01T12:48:59+00:00\",\"dateModified\":\"2024-08-19T10:18:05+00:00\",\"breadcrumb\":{\"@id\":\"https:\/\/aygen.com.tr\/?page_id=529#breadcrumb\"},\"inLanguage\":\"tr\",\"potentialAction\":[{\"@type\":\"ReadAction\",\"target\":[\"https:\/\/aygen.com.tr\/?page_id=529\"]}]},{\"@type\":\"ImageObject\",\"inLanguage\":\"tr\",\"@id\":\"https:\/\/aygen.com.tr\/?page_id=529#primaryimage\",\"url\":\"\",\"contentUrl\":\"\"},{\"@type\":\"BreadcrumbList\",\"@id\":\"https:\/\/aygen.com.tr\/?page_id=529#breadcrumb\",\"itemListElement\":[{\"@type\":\"ListItem\",\"position\":1,\"name\":\"Anasayfa\",\"item\":\"https:\/\/aygen.com.tr\/\"},{\"@type\":\"ListItem\",\"position\":2,\"name\":\"Hizmetlerimiz\",\"item\":\"https:\/\/aygen.com.tr\/?page_id=453\"},{\"@type\":\"ListItem\",\"position\":3,\"name\":\"Depolama Hizmetleri\"}]},{\"@type\":\"WebSite\",\"@id\":\"https:\/\/aygen.com.tr\/#website\",\"url\":\"https:\/\/aygen.com.tr\/\",\"name\":\"AYGEN\",\"description\":\"\u0130novatif G\u00fcmr\u00fckleme I Global Lojistik I Depolama \u00c7\u00f6z\u00fcmleri\",\"publisher\":{\"@id\":\"https:\/\/aygen.com.tr\/#organization\"},\"potentialAction\":[{\"@type\":\"SearchAction\",\"target\":{\"@type\":\"EntryPoint\",\"urlTemplate\":\"https:\/\/aygen.com.tr\/?s={search_term_string}\"},\"query-input\":{\"@type\":\"PropertyValueSpecification\",\"valueRequired\":true,\"valueName\":\"search_term_string\"}}],\"inLanguage\":\"tr\"},{\"@type\":\"Organization\",\"@id\":\"https:\/\/aygen.com.tr\/#organization\",\"name\":\"AYGEN\",\"url\":\"https:\/\/aygen.com.tr\/\",\"logo\":{\"@type\":\"ImageObject\",\"inLanguage\":\"tr\",\"@id\":\"https:\/\/aygen.com.tr\/#\/schema\/logo\/image\/\",\"url\":\"https:\/\/aygen.com.tr\/wp-content\/uploads\/2024\/08\/a00.png\",\"contentUrl\":\"https:\/\/aygen.com.tr\/wp-content\/uploads\/2024\/08\/a00.png\",\"width\":1121,\"height\":457,\"caption\":\"AYGEN\"},\"image\":{\"@id\":\"https:\/\/aygen.com.tr\/#\/schema\/logo\/image\/\"},\"sameAs\":[\"https:\/\/www.facebook.com\/agl.corp\",\"https:\/\/www.linkedin.com\/company\/aygen-global-lojistik-ve-gmrk-mavirlii\/\",\"https:\/\/www.instagram.com\/aygengloballojistik\/\",\"https:\/\/www.youtube.com\/@AygenGlobalLojistikveGumruk\"]}]}<\/script>\n<!-- \/ Yoast SEO plugin. -->","yoast_head_json":{"title":"Depolama Hizmetleri - AYGEN","robots":{"index":"index","follow":"follow","max-snippet":"max-snippet:-1","max-image-preview":"max-image-preview:large","max-video-preview":"max-video-preview:-1"},"canonical":"https:\/\/aygen.com.tr\/?page_id=529","og_locale":"tr_TR","og_type":"article","og_title":"Depolama Hizmetleri - AYGEN","og_description":"Lojistikte en \u00f6nemli noktalardan bir tanesi olan depolama, \u00fcr\u00fcnlerin g\u00fcvenli bir \u015fekilde korunmas\u0131n\u0131 ve kolay bir \u015fekilde takip edilmesini sa\u011flar. Depolama sayesinde \u00fcr\u00fcnlerin aktar\u0131m\u0131 da pratik ve h\u0131zl\u0131 bir \u015fekilde ger\u00e7ekle\u015ftirilir. Depolama hizmetleri \u00fcr\u00fcn\u00fcn \u00f6zelliklerine, kullan\u0131c\u0131lar\u0131n isteklerine ve ihtiyaca ba\u011fl\u0131 olarak \u015fekillenir. AYGEN olarak, g\u00fcmr\u00fckl\u00fc ve g\u00fcmr\u00fcks\u00fcz, \u00e7ok m\u00fc\u015fterili ve m\u00fc\u015fteriye \u00f6zel lojistik tesisleri, m\u00fc\u015fteri [&hellip;]","og_url":"https:\/\/aygen.com.tr\/?page_id=529","og_site_name":"AYGEN","article_publisher":"https:\/\/www.facebook.com\/agl.corp","article_modified_time":"2024-08-19T10:18:05+00:00","twitter_card":"summary_large_image","twitter_misc":{"Tahmini okuma s\u00fcresi":"1 dakika"},"schema":{"@context":"https:\/\/schema.org","@graph":[{"@type":"WebPage","@id":"https:\/\/aygen.com.tr\/?page_id=529","url":"https:\/\/aygen.com.tr\/?page_id=529","name":"Depolama Hizmetleri - AYGEN","isPartOf":{"@id":"https:\/\/aygen.com.tr\/#website"},"primaryImageOfPage":{"@id":"https:\/\/aygen.com.tr\/?page_id=529#primaryimage"},"image":{"@id":"https:\/\/aygen.com.tr\/?page_id=529#primaryimage"},"thumbnailUrl":"","datePublished":"2023-03-01T12:48:59+00:00","dateModified":"2024-08-19T10:18:05+00:00","breadcrumb":{"@id":"https:\/\/aygen.com.tr\/?page_id=529#breadcrumb"},"inLanguage":"tr","potentialAction":[{"@type":"ReadAction","target":["https:\/\/aygen.com.tr\/?page_id=529"]}]},{"@type":"ImageObject","inLanguage":"tr","@id":"https:\/\/aygen.com.tr\/?page_id=529#primaryimage","url":"","contentUrl":""},{"@type":"BreadcrumbList","@id":"https:\/\/aygen.com.tr\/?page_id=529#breadcrumb","itemListElement":[{"@type":"ListItem","position":1,"name":"Anasayfa","item":"https:\/\/aygen.com.tr\/"},{"@type":"ListItem","position":2,"name":"Hizmetlerimiz","item":"https:\/\/aygen.com.tr\/?page_id=453"},{"@type":"ListItem","position":3,"name":"Depolama Hizmetleri"}]},{"@type":"WebSite","@id":"https:\/\/aygen.com.tr\/#website","url":"https:\/\/aygen.com.tr\/","name":"AYGEN","description":"\u0130novatif G\u00fcmr\u00fckleme I Global Lojistik I Depolama \u00c7\u00f6z\u00fcmleri","publisher":{"@id":"https:\/\/aygen.com.tr\/#organization"},"potentialAction":[{"@type":"SearchAction","target":{"@type":"EntryPoint","urlTemplate":"https:\/\/aygen.com.tr\/?s={search_term_string}"},"query-input":{"@type":"PropertyValueSpecification","valueRequired":true,"valueName":"search_term_string"}}],"inLanguage":"tr"},{"@type":"Organization","@id":"https:\/\/aygen.com.tr\/#organization","name":"AYGEN","url":"https:\/\/aygen.com.tr\/","logo":{"@type":"ImageObject","inLanguage":"tr","@id":"https:\/\/aygen.com.tr\/#\/schema\/logo\/image\/","url":"https:\/\/aygen.com.tr\/wp-content\/uploads\/2024\/08\/a00.png","contentUrl":"https:\/\/aygen.com.tr\/wp-content\/uploads\/2024\/08\/a00.png","width":1121,"height":457,"caption":"AYGEN"},"image":{"@id":"https:\/\/aygen.com.tr\/#\/schema\/logo\/image\/"},"sameAs":["https:\/\/www.facebook.com\/agl.corp","https:\/\/www.linkedin.com\/company\/aygen-global-lojistik-ve-gmrk-mavirlii\/","https:\/\/www.instagram.com\/aygengloballojistik\/","https:\/\/www.youtube.com\/@AygenGlobalLojistikveGumruk"]}]}},"_links":{"self":[{"href":"https:\/\/aygen.com.tr\/index.php?rest_route=\/wp\/v2\/pages\/529","targetHints":{"allow":["GET"]}}],"collection":[{"href":"https:\/\/aygen.com.tr\/index.php?rest_route=\/wp\/v2\/pages"}],"about":[{"href":"https:\/\/aygen.com.tr\/index.php?rest_route=\/wp\/v2\/types\/page"}],"author":[{"embeddable":true,"href":"https:\/\/aygen.com.tr\/index.php?rest_route=\/wp\/v2\/users\/1"}],"replies":[{"embeddable":true,"href":"https:\/\/aygen.com.tr\/index.php?rest_route=%2Fwp%2Fv2%2Fcomments&post=529"}],"version-history":[{"count":1,"href":"https:\/\/aygen.com.tr\/index.php?rest_route=\/wp\/v2\/pages\/529\/revisions"}],"predecessor-version":[{"id":1458,"href":"https:\/\/aygen.com.tr\/index.php?rest_route=\/wp\/v2\/pages\/529\/revisions\/1458"}],"up":[{"embeddable":true,"href":"https:\/\/aygen.com.tr\/index.php?rest_route=\/wp\/v2\/pages\/453"}],"wp:featuredmedia":[{"embeddable":true,"href":"https:\/\/aygen.com.tr\/index.php?rest_route=\/"}],"wp:attachment":[{"href":"https:\/\/aygen.com.tr\/index.php?rest_route=%2Fwp%2Fv2%2Fmedia&parent=529"}],"curies":[{"name":"wp","href":"https:\/\/api.w.org\/{rel}","templated":true}]}}