{"id":531,"date":"2023-03-01T15:49:28","date_gmt":"2023-03-01T12:49:28","guid":{"rendered":"https:\/\/www.aygen.com.tr\/?page_id=531"},"modified":"2024-08-23T10:11:01","modified_gmt":"2024-08-23T07:11:01","slug":"lojistik-hizmetleri","status":"publish","type":"page","link":"https:\/\/aygen.com.tr\/?page_id=531","title":{"rendered":"Lojistik Hizmetleri"},"content":{"rendered":"\n<p>2023 y\u0131l\u0131nda kurulan <strong>Aygen Lojistik Hizmetleri A.\u015e.,<\/strong> hava ve denizyolu lojisti\u011finde uzmanla\u015fm\u0131\u015f, Uluslararas\u0131 Hava Ta\u015f\u0131mac\u0131l\u0131\u011f\u0131 Birli\u011fi (IATA) \u00fcyesi bir \u015firkettir. D\u00fcnya \u00e7ap\u0131nda sundu\u011fumuz lojistik \u00e7\u00f6z\u00fcmleriyle m\u00fc\u015fterilerimize en y\u00fcksek kalitede hizmet sunmay\u0131 hedefliyoruz.&nbsp;<\/p>\n\n\n\n<p>M\u00fc\u015fteri memnuniyetini her \u015feyin \u00f6n\u00fcnde tutarak, lojistik sekt\u00f6r\u00fcnde g\u00fcvenilir ve yenilik\u00e7i \u00e7\u00f6z\u00fcmler sunan bir firma olmak.&nbsp;<\/p>\n\n\n\n<p>M\u00fc\u015fterilerimize h\u0131zl\u0131, g\u00fcvenli ve esnek lojistik \u00e7\u00f6z\u00fcmler sunarak, onlar\u0131n tedarik zincirlerini g\u00fc\u00e7lendirmek ve i\u015f s\u00fcre\u00e7lerini optimize etmek.&nbsp;<\/p>\n\n\n\n<div class=\"wp-block-buttons is-vertical is-content-justification-center is-layout-flex wp-container-core-buttons-is-layout-9a7cdcfd wp-block-buttons-is-layout-flex\">\n<div class=\"wp-block-button has-custom-font-size has-medium-font-size\"><a class=\"wp-block-button__link has-white-color has-vivid-cyan-blue-background-color has-text-color has-background has-link-color wp-element-button\">Hizmetlerimiz<\/a><\/div>\n<\/div>\n\n\n\n<h2 class=\"wp-block-heading\">&nbsp;<\/h2>\n\n\n\n<hr class=\"wp-block-separator has-alpha-channel-opacity\"\/>\n\n\n\n<figure class=\"wp-block-gallery aligncenter has-nested-images columns-default is-cropped wp-block-gallery-1 is-layout-flex wp-block-gallery-is-layout-flex\">\n<figure class=\"wp-block-image size-large is-style-rounded\"><a href=\"https:\/\/aygen.com.tr\/?page_id=1140\"><img loading=\"lazy\" decoding=\"async\" width=\"654\" height=\"352\" data-id=\"1493\" src=\"https:\/\/aygen.com.tr\/wp-content\/uploads\/2024\/08\/aygair-freight-cargo-1.jpeg\" alt=\"\" class=\"wp-image-1493\" srcset=\"https:\/\/aygen.com.tr\/wp-content\/uploads\/2024\/08\/aygair-freight-cargo-1.jpeg 654w, https:\/\/aygen.com.tr\/wp-content\/uploads\/2024\/08\/aygair-freight-cargo-1-300x161.jpeg 300w\" sizes=\"auto, (max-width: 654px) 100vw, 654px\" \/><\/a><figcaption class=\"wp-element-caption\">Havayolu <\/figcaption><\/figure>\n\n\n\n<figure class=\"wp-block-image size-large is-style-rounded\"><a href=\"https:\/\/aygen.com.tr\/?page_id=1077\"><img loading=\"lazy\" decoding=\"async\" width=\"1024\" height=\"569\" data-id=\"1498\" src=\"https:\/\/aygen.com.tr\/wp-content\/uploads\/2024\/08\/aygen08-05-2017_4436_denizyolu-tasimaciligi-1024x569.jpeg\" alt=\"\" class=\"wp-image-1498\" srcset=\"https:\/\/aygen.com.tr\/wp-content\/uploads\/2024\/08\/aygen08-05-2017_4436_denizyolu-tasimaciligi-1024x569.jpeg 1024w, https:\/\/aygen.com.tr\/wp-content\/uploads\/2024\/08\/aygen08-05-2017_4436_denizyolu-tasimaciligi-300x167.jpeg 300w, https:\/\/aygen.com.tr\/wp-content\/uploads\/2024\/08\/aygen08-05-2017_4436_denizyolu-tasimaciligi-768x427.jpeg 768w, https:\/\/aygen.com.tr\/wp-content\/uploads\/2024\/08\/aygen08-05-2017_4436_denizyolu-tasimaciligi-1536x854.jpeg 1536w, https:\/\/aygen.com.tr\/wp-content\/uploads\/2024\/08\/aygen08-05-2017_4436_denizyolu-tasimaciligi.jpeg 1920w\" sizes=\"auto, (max-width: 1024px) 100vw, 1024px\" \/><\/a><figcaption class=\"wp-element-caption\">Denizyolu<\/figcaption><\/figure>\n\n\n\n<figure class=\"wp-block-image size-large is-style-rounded\"><a href=\"https:\/\/aygen.com.tr\/?page_id=1169\"><img loading=\"lazy\" decoding=\"async\" width=\"1024\" height=\"660\" data-id=\"1497\" src=\"https:\/\/aygen.com.tr\/wp-content\/uploads\/2024\/08\/tasidemiryolu-1024x660.jpeg\" alt=\"\" class=\"wp-image-1497\" srcset=\"https:\/\/aygen.com.tr\/wp-content\/uploads\/2024\/08\/tasidemiryolu-1024x660.jpeg 1024w, https:\/\/aygen.com.tr\/wp-content\/uploads\/2024\/08\/tasidemiryolu-300x193.jpeg 300w, https:\/\/aygen.com.tr\/wp-content\/uploads\/2024\/08\/tasidemiryolu-768x495.jpeg 768w, https:\/\/aygen.com.tr\/wp-content\/uploads\/2024\/08\/tasidemiryolu.jpeg 1500w\" sizes=\"auto, (max-width: 1024px) 100vw, 1024px\" \/><\/a><figcaption class=\"wp-element-caption\">Demiryolu<\/figcaption><\/figure>\n\n\n\n<figure class=\"wp-block-image size-large is-style-rounded\"><a href=\"https:\/\/aygen.com.tr\/?page_id=1164\"><img loading=\"lazy\" decoding=\"async\" width=\"730\" height=\"290\" data-id=\"1495\" src=\"https:\/\/aygen.com.tr\/wp-content\/uploads\/2024\/08\/aygLogistique_Perissables.jpeg\" alt=\"\" class=\"wp-image-1495\" srcset=\"https:\/\/aygen.com.tr\/wp-content\/uploads\/2024\/08\/aygLogistique_Perissables.jpeg 730w, https:\/\/aygen.com.tr\/wp-content\/uploads\/2024\/08\/aygLogistique_Perissables-300x119.jpeg 300w\" sizes=\"auto, (max-width: 730px) 100vw, 730px\" \/><\/a><figcaption class=\"wp-element-caption\">Bozulabilir Kargo Ta\u015f\u0131mac\u0131l\u0131\u011f\u0131<\/figcaption><\/figure>\n\n\n\n<figure class=\"wp-block-image size-large is-style-rounded\"><a href=\"https:\/\/aygen.com.tr\/?page_id=1174\"><img loading=\"lazy\" decoding=\"async\" width=\"1024\" height=\"569\" data-id=\"1496\" src=\"https:\/\/aygen.com.tr\/wp-content\/uploads\/2024\/08\/aygprojetasimaciligi-1024x569.jpeg\" alt=\"\" class=\"wp-image-1496\" srcset=\"https:\/\/aygen.com.tr\/wp-content\/uploads\/2024\/08\/aygprojetasimaciligi-1024x569.jpeg 1024w, https:\/\/aygen.com.tr\/wp-content\/uploads\/2024\/08\/aygprojetasimaciligi-300x167.jpeg 300w, https:\/\/aygen.com.tr\/wp-content\/uploads\/2024\/08\/aygprojetasimaciligi-768x427.jpeg 768w, https:\/\/aygen.com.tr\/wp-content\/uploads\/2024\/08\/aygprojetasimaciligi-1536x853.jpeg 1536w, https:\/\/aygen.com.tr\/wp-content\/uploads\/2024\/08\/aygprojetasimaciligi.jpeg 1600w\" sizes=\"auto, (max-width: 1024px) 100vw, 1024px\" \/><\/a><figcaption class=\"wp-element-caption\">Proje Ta\u015f\u0131mac\u0131l\u0131\u011f\u0131<\/figcaption><\/figure>\n\n\n\n<figure class=\"wp-block-image size-large is-style-rounded\"><a href=\"https:\/\/aygen.com.tr\/?page_id=1151\"><img loading=\"lazy\" decoding=\"async\" width=\"1024\" height=\"680\" data-id=\"1494\" src=\"https:\/\/aygen.com.tr\/wp-content\/uploads\/2024\/08\/aygexpress-kargo-1200x797-1-1024x680.jpeg\" alt=\"\" class=\"wp-image-1494\" srcset=\"https:\/\/aygen.com.tr\/wp-content\/uploads\/2024\/08\/aygexpress-kargo-1200x797-1-1024x680.jpeg 1024w, https:\/\/aygen.com.tr\/wp-content\/uploads\/2024\/08\/aygexpress-kargo-1200x797-1-300x199.jpeg 300w, https:\/\/aygen.com.tr\/wp-content\/uploads\/2024\/08\/aygexpress-kargo-1200x797-1-768x510.jpeg 768w, https:\/\/aygen.com.tr\/wp-content\/uploads\/2024\/08\/aygexpress-kargo-1200x797-1.jpeg 1200w\" sizes=\"auto, (max-width: 1024px) 100vw, 1024px\" \/><\/a><figcaption class=\"wp-element-caption\">Ekspres Kurye <\/figcaption><\/figure>\n<\/figure>\n\n\n\n<p>&nbsp;<\/p>\n\n\n\n<h2 class=\"wp-block-heading\">Bilgi Almak i\u00e7in Formu Doldurunuz<\/h2>\n\n\n\n<div class=\"wpcf7 no-js\" id=\"wpcf7-f161-o1\" lang=\"tr-TR\" dir=\"ltr\" data-wpcf7-id=\"161\">\n<div class=\"screen-reader-response\"><p role=\"status\" aria-live=\"polite\" aria-atomic=\"true\"><\/p> <ul><\/ul><\/div>\n<form action=\"\/index.php?rest_route=%2Fwp%2Fv2%2Fpages%2F531#wpcf7-f161-o1\" method=\"post\" class=\"wpcf7-form init\" aria-label=\"\u0130leti\u015fim Formu\" novalidate=\"novalidate\" data-status=\"init\">\n<fieldset class=\"hidden-fields-container\"><input type=\"hidden\" name=\"_wpcf7\" value=\"161\" \/><input type=\"hidden\" name=\"_wpcf7_version\" value=\"6.1.5\" \/><input type=\"hidden\" name=\"_wpcf7_locale\" value=\"tr_TR\" \/><input type=\"hidden\" name=\"_wpcf7_unit_tag\" value=\"wpcf7-f161-o1\" \/><input type=\"hidden\" name=\"_wpcf7_container_post\" value=\"0\" \/><input type=\"hidden\" name=\"_wpcf7_posted_data_hash\" value=\"\" \/><input type=\"hidden\" name=\"_wpcf7_recaptcha_response\" value=\"\" \/>\n<\/fieldset>\n<div class=\"safirForm\">\n\t<div class=\"safirLeft\">\n\t\t<p class=\"safiricon kurumsal\"><span class=\"wpcf7-form-control-wrap\" data-name=\"adsoyad\"><input size=\"40\" maxlength=\"400\" class=\"wpcf7-form-control wpcf7-text wpcf7-validates-as-required\" aria-required=\"true\" aria-invalid=\"false\" placeholder=\"Ad\u0131n\u0131z Soyad\u0131n\u0131z\" value=\"\" type=\"text\" name=\"adsoyad\" \/><\/span>\n\t\t<\/p>\n\t\t<p class=\"safiricon email\"><span class=\"wpcf7-form-control-wrap\" data-name=\"email\"><input size=\"40\" maxlength=\"400\" class=\"wpcf7-form-control wpcf7-email wpcf7-validates-as-required wpcf7-text wpcf7-validates-as-email\" aria-required=\"true\" aria-invalid=\"false\" placeholder=\"Eposta Adresiniz\" value=\"\" type=\"email\" name=\"email\" \/><\/span>\n\t\t<\/p>\n\t\t<p class=\"safiricon telefon\"><span class=\"wpcf7-form-control-wrap\" data-name=\"telefon\"><input size=\"40\" maxlength=\"400\" class=\"wpcf7-form-control wpcf7-tel wpcf7-validates-as-required wpcf7-text wpcf7-validates-as-tel\" aria-required=\"true\" aria-invalid=\"false\" placeholder=\"Telefon Numaran\u0131z\" value=\"\" type=\"tel\" name=\"telefon\" \/><\/span>\n\t\t<\/p>\n\t\t<p class=\"safiricon arti\"><span class=\"wpcf7-form-control-wrap\" data-name=\"adet\"><input size=\"40\" maxlength=\"400\" class=\"wpcf7-form-control wpcf7-text\" aria-invalid=\"false\" placeholder=\"\u00dcr\u00fcn adedi\" value=\"\" type=\"text\" name=\"adet\" \/><\/span>\n\t\t<\/p>\n\t<\/div>\n\t<div class=\"safirRight\">\n\t\t<p class=\"safiricon alinti\"><span class=\"wpcf7-form-control-wrap\" data-name=\"mesaj\"><textarea cols=\"40\" rows=\"10\" maxlength=\"2000\" class=\"wpcf7-form-control wpcf7-textarea\" aria-invalid=\"false\" placeholder=\"Varsa mesaj\u0131n\u0131z\u0131 buraya yaz\u0131n\u0131z\" name=\"mesaj\"><\/textarea><\/span>\n\t\t<\/p>\n\t<span class=\"wpcf7-form-control-wrap recaptcha\" data-name=\"recaptcha\"><span data-sitekey=\"6LeVaC0qAAAAAJPIjS3SF-4dSge36oYL4k62-QcJ\" class=\"wpcf7-form-control wpcf7-recaptcha g-recaptcha\"><\/span>\r\n<noscript>\r\n\t<div class=\"grecaptcha-noscript\">\r\n\t\t<iframe loading=\"lazy\" src=\"https:\/\/www.google.com\/recaptcha\/api\/fallback?k=6LeVaC0qAAAAAJPIjS3SF-4dSge36oYL4k62-QcJ\" frameborder=\"0\" scrolling=\"no\" width=\"310\" height=\"430\">\r\n\t\t<\/iframe>\r\n\t\t<textarea name=\"g-recaptcha-response\" rows=\"3\" cols=\"40\" placeholder=\"reCaptcha Response Here\">\r\n\t\t<\/textarea>\r\n\t<\/div>\r\n<\/noscript>\r\n<\/span>\n\t\t<p><input class=\"wpcf7-form-control wpcf7-submit has-spinner safirButton\" type=\"submit\" value=\"TEKL\u0130F FORMUNU G\u00d6NDER\" \/>\n\t\t<\/p>\n\t<\/div>\n<\/div><div class=\"wpcf7-response-output\" aria-hidden=\"true\"><\/div>\n<\/form>\n<\/div>\n\n","protected":false},"excerpt":{"rendered":"<p>2023 y\u0131l\u0131nda kurulan Aygen Lojistik Hizmetleri A.\u015e., hava ve denizyolu lojisti\u011finde uzmanla\u015fm\u0131\u015f, Uluslararas\u0131 Hava Ta\u015f\u0131mac\u0131l\u0131\u011f\u0131 Birli\u011fi (IATA) \u00fcyesi bir \u015firkettir. D\u00fcnya \u00e7ap\u0131nda sundu\u011fumuz lojistik \u00e7\u00f6z\u00fcmleriyle m\u00fc\u015fterilerimize en y\u00fcksek kalitede hizmet sunmay\u0131 hedefliyoruz.&nbsp; M\u00fc\u015fteri memnuniyetini her \u015feyin \u00f6n\u00fcnde tutarak, lojistik sekt\u00f6r\u00fcnde g\u00fcvenilir ve yenilik\u00e7i \u00e7\u00f6z\u00fcmler sunan bir firma olmak.&nbsp; M\u00fc\u015fterilerimize h\u0131zl\u0131, g\u00fcvenli ve esnek lojistik \u00e7\u00f6z\u00fcmler [&hellip;]<\/p>\n","protected":false},"author":1,"featured_media":643,"parent":453,"menu_order":0,"comment_status":"closed","ping_status":"closed","template":"","meta":{"footnotes":""},"class_list":["post-531","page","type-page","status-publish","has-post-thumbnail","hentry"],"yoast_head":"<!-- This site is optimized with the Yoast SEO plugin v26.3 - https:\/\/yoast.com\/wordpress\/plugins\/seo\/ -->\n<title>Lojistik Hizmetleri - AYGEN<\/title>\n<meta name=\"description\" content=\"AYGEN markan\u0131za de\u011fer katmak ve sekt\u00f6rde birlikte b\u00fcy\u00fcmek i\u00e7in siz de\u011ferli i\u015f ortaklar\u0131na lojistik s\u00fcre\u00e7 dan\u0131\u015fmanl\u0131\u011f\u0131 hizmeti vermektedir. Tedarik zincirinin etkin kullan\u0131m\u0131, maliyetlerin d\u00fc\u015f\u00fcr\u00fclmesi, i\u015f verimlili\u011finin artmas\u0131, denetim ve de\u011ferlendirmelerin daha sa\u011fl\u0131kl\u0131 yap\u0131lmas\u0131, yat\u0131r\u0131m\u0131n\u0131za uygun hareket etmek ve gerekli t\u00fcm raporlamalarla birlikte, bilgi ve teknoloji sistemlerini de aktif olarak kullanarak, i\u015f geli\u015ftirmeye y\u00f6nelik faaliyetleri sa\u011flamaktad\u0131r.\" \/>\n<meta name=\"robots\" content=\"index, follow, max-snippet:-1, max-image-preview:large, max-video-preview:-1\" \/>\n<link rel=\"canonical\" href=\"https:\/\/aygen.com.tr\/?page_id=531\" \/>\n<meta property=\"og:locale\" content=\"tr_TR\" \/>\n<meta property=\"og:type\" content=\"article\" \/>\n<meta property=\"og:title\" content=\"Lojistik Hizmetleri - AYGEN\" \/>\n<meta property=\"og:description\" content=\"AYGEN markan\u0131za de\u011fer katmak ve sekt\u00f6rde birlikte b\u00fcy\u00fcmek i\u00e7in siz de\u011ferli i\u015f ortaklar\u0131na lojistik s\u00fcre\u00e7 dan\u0131\u015fmanl\u0131\u011f\u0131 hizmeti vermektedir. Tedarik zincirinin etkin kullan\u0131m\u0131, maliyetlerin d\u00fc\u015f\u00fcr\u00fclmesi, i\u015f verimlili\u011finin artmas\u0131, denetim ve de\u011ferlendirmelerin daha sa\u011fl\u0131kl\u0131 yap\u0131lmas\u0131, yat\u0131r\u0131m\u0131n\u0131za uygun hareket etmek ve gerekli t\u00fcm raporlamalarla birlikte, bilgi ve teknoloji sistemlerini de aktif olarak kullanarak, i\u015f geli\u015ftirmeye y\u00f6nelik faaliyetleri sa\u011flamaktad\u0131r.\" \/>\n<meta property=\"og:url\" content=\"https:\/\/aygen.com.tr\/?page_id=531\" \/>\n<meta property=\"og:site_name\" content=\"AYGEN\" \/>\n<meta property=\"article:publisher\" content=\"https:\/\/www.facebook.com\/agl.corp\" \/>\n<meta property=\"article:modified_time\" content=\"2024-08-23T07:11:01+00:00\" \/>\n<meta name=\"twitter:card\" content=\"summary_large_image\" \/>\n<meta name=\"twitter:label1\" content=\"Tahmini okuma s\u00fcresi\" \/>\n\t<meta name=\"twitter:data1\" content=\"2 dakika\" \/>\n<script type=\"application\/ld+json\" class=\"yoast-schema-graph\">{\"@context\":\"https:\/\/schema.org\",\"@graph\":[{\"@type\":\"WebPage\",\"@id\":\"https:\/\/aygen.com.tr\/?page_id=531\",\"url\":\"https:\/\/aygen.com.tr\/?page_id=531\",\"name\":\"Lojistik Hizmetleri - AYGEN\",\"isPartOf\":{\"@id\":\"https:\/\/aygen.com.tr\/#website\"},\"primaryImageOfPage\":{\"@id\":\"https:\/\/aygen.com.tr\/?page_id=531#primaryimage\"},\"image\":{\"@id\":\"https:\/\/aygen.com.tr\/?page_id=531#primaryimage\"},\"thumbnailUrl\":\"\",\"datePublished\":\"2023-03-01T12:49:28+00:00\",\"dateModified\":\"2024-08-23T07:11:01+00:00\",\"description\":\"AYGEN markan\u0131za de\u011fer katmak ve sekt\u00f6rde birlikte b\u00fcy\u00fcmek i\u00e7in siz de\u011ferli i\u015f ortaklar\u0131na lojistik s\u00fcre\u00e7 dan\u0131\u015fmanl\u0131\u011f\u0131 hizmeti vermektedir. Tedarik zincirinin etkin kullan\u0131m\u0131, maliyetlerin d\u00fc\u015f\u00fcr\u00fclmesi, i\u015f verimlili\u011finin artmas\u0131, denetim ve de\u011ferlendirmelerin daha sa\u011fl\u0131kl\u0131 yap\u0131lmas\u0131, yat\u0131r\u0131m\u0131n\u0131za uygun hareket etmek ve gerekli t\u00fcm raporlamalarla birlikte, bilgi ve teknoloji sistemlerini de aktif olarak kullanarak, i\u015f geli\u015ftirmeye y\u00f6nelik faaliyetleri sa\u011flamaktad\u0131r.\",\"breadcrumb\":{\"@id\":\"https:\/\/aygen.com.tr\/?page_id=531#breadcrumb\"},\"inLanguage\":\"tr\",\"potentialAction\":[{\"@type\":\"ReadAction\",\"target\":[\"https:\/\/aygen.com.tr\/?page_id=531\"]}]},{\"@type\":\"ImageObject\",\"inLanguage\":\"tr\",\"@id\":\"https:\/\/aygen.com.tr\/?page_id=531#primaryimage\",\"url\":\"\",\"contentUrl\":\"\"},{\"@type\":\"BreadcrumbList\",\"@id\":\"https:\/\/aygen.com.tr\/?page_id=531#breadcrumb\",\"itemListElement\":[{\"@type\":\"ListItem\",\"position\":1,\"name\":\"Anasayfa\",\"item\":\"https:\/\/aygen.com.tr\/\"},{\"@type\":\"ListItem\",\"position\":2,\"name\":\"Hizmetlerimiz\",\"item\":\"https:\/\/aygen.com.tr\/?page_id=453\"},{\"@type\":\"ListItem\",\"position\":3,\"name\":\"Lojistik Hizmetleri\"}]},{\"@type\":\"WebSite\",\"@id\":\"https:\/\/aygen.com.tr\/#website\",\"url\":\"https:\/\/aygen.com.tr\/\",\"name\":\"AYGEN\",\"description\":\"\u0130novatif G\u00fcmr\u00fckleme I Global Lojistik I Depolama \u00c7\u00f6z\u00fcmleri\",\"publisher\":{\"@id\":\"https:\/\/aygen.com.tr\/#organization\"},\"potentialAction\":[{\"@type\":\"SearchAction\",\"target\":{\"@type\":\"EntryPoint\",\"urlTemplate\":\"https:\/\/aygen.com.tr\/?s={search_term_string}\"},\"query-input\":{\"@type\":\"PropertyValueSpecification\",\"valueRequired\":true,\"valueName\":\"search_term_string\"}}],\"inLanguage\":\"tr\"},{\"@type\":\"Organization\",\"@id\":\"https:\/\/aygen.com.tr\/#organization\",\"name\":\"AYGEN\",\"url\":\"https:\/\/aygen.com.tr\/\",\"logo\":{\"@type\":\"ImageObject\",\"inLanguage\":\"tr\",\"@id\":\"https:\/\/aygen.com.tr\/#\/schema\/logo\/image\/\",\"url\":\"https:\/\/aygen.com.tr\/wp-content\/uploads\/2024\/08\/a00.png\",\"contentUrl\":\"https:\/\/aygen.com.tr\/wp-content\/uploads\/2024\/08\/a00.png\",\"width\":1121,\"height\":457,\"caption\":\"AYGEN\"},\"image\":{\"@id\":\"https:\/\/aygen.com.tr\/#\/schema\/logo\/image\/\"},\"sameAs\":[\"https:\/\/www.facebook.com\/agl.corp\",\"https:\/\/www.linkedin.com\/company\/aygen-global-lojistik-ve-gmrk-mavirlii\/\",\"https:\/\/www.instagram.com\/aygengloballojistik\/\",\"https:\/\/www.youtube.com\/@AygenGlobalLojistikveGumruk\"]}]}<\/script>\n<!-- \/ Yoast SEO plugin. -->","yoast_head_json":{"title":"Lojistik Hizmetleri - AYGEN","description":"AYGEN markan\u0131za de\u011fer katmak ve sekt\u00f6rde birlikte b\u00fcy\u00fcmek i\u00e7in siz de\u011ferli i\u015f ortaklar\u0131na lojistik s\u00fcre\u00e7 dan\u0131\u015fmanl\u0131\u011f\u0131 hizmeti vermektedir. Tedarik zincirinin etkin kullan\u0131m\u0131, maliyetlerin d\u00fc\u015f\u00fcr\u00fclmesi, i\u015f verimlili\u011finin artmas\u0131, denetim ve de\u011ferlendirmelerin daha sa\u011fl\u0131kl\u0131 yap\u0131lmas\u0131, yat\u0131r\u0131m\u0131n\u0131za uygun hareket etmek ve gerekli t\u00fcm raporlamalarla birlikte, bilgi ve teknoloji sistemlerini de aktif olarak kullanarak, i\u015f geli\u015ftirmeye y\u00f6nelik faaliyetleri sa\u011flamaktad\u0131r.","robots":{"index":"index","follow":"follow","max-snippet":"max-snippet:-1","max-image-preview":"max-image-preview:large","max-video-preview":"max-video-preview:-1"},"canonical":"https:\/\/aygen.com.tr\/?page_id=531","og_locale":"tr_TR","og_type":"article","og_title":"Lojistik Hizmetleri - AYGEN","og_description":"AYGEN markan\u0131za de\u011fer katmak ve sekt\u00f6rde birlikte b\u00fcy\u00fcmek i\u00e7in siz de\u011ferli i\u015f ortaklar\u0131na lojistik s\u00fcre\u00e7 dan\u0131\u015fmanl\u0131\u011f\u0131 hizmeti vermektedir. Tedarik zincirinin etkin kullan\u0131m\u0131, maliyetlerin d\u00fc\u015f\u00fcr\u00fclmesi, i\u015f verimlili\u011finin artmas\u0131, denetim ve de\u011ferlendirmelerin daha sa\u011fl\u0131kl\u0131 yap\u0131lmas\u0131, yat\u0131r\u0131m\u0131n\u0131za uygun hareket etmek ve gerekli t\u00fcm raporlamalarla birlikte, bilgi ve teknoloji sistemlerini de aktif olarak kullanarak, i\u015f geli\u015ftirmeye y\u00f6nelik faaliyetleri sa\u011flamaktad\u0131r.","og_url":"https:\/\/aygen.com.tr\/?page_id=531","og_site_name":"AYGEN","article_publisher":"https:\/\/www.facebook.com\/agl.corp","article_modified_time":"2024-08-23T07:11:01+00:00","twitter_card":"summary_large_image","twitter_misc":{"Tahmini okuma s\u00fcresi":"2 dakika"},"schema":{"@context":"https:\/\/schema.org","@graph":[{"@type":"WebPage","@id":"https:\/\/aygen.com.tr\/?page_id=531","url":"https:\/\/aygen.com.tr\/?page_id=531","name":"Lojistik Hizmetleri - AYGEN","isPartOf":{"@id":"https:\/\/aygen.com.tr\/#website"},"primaryImageOfPage":{"@id":"https:\/\/aygen.com.tr\/?page_id=531#primaryimage"},"image":{"@id":"https:\/\/aygen.com.tr\/?page_id=531#primaryimage"},"thumbnailUrl":"","datePublished":"2023-03-01T12:49:28+00:00","dateModified":"2024-08-23T07:11:01+00:00","description":"AYGEN markan\u0131za de\u011fer katmak ve sekt\u00f6rde birlikte b\u00fcy\u00fcmek i\u00e7in siz de\u011ferli i\u015f ortaklar\u0131na lojistik s\u00fcre\u00e7 dan\u0131\u015fmanl\u0131\u011f\u0131 hizmeti vermektedir. Tedarik zincirinin etkin kullan\u0131m\u0131, maliyetlerin d\u00fc\u015f\u00fcr\u00fclmesi, i\u015f verimlili\u011finin artmas\u0131, denetim ve de\u011ferlendirmelerin daha sa\u011fl\u0131kl\u0131 yap\u0131lmas\u0131, yat\u0131r\u0131m\u0131n\u0131za uygun hareket etmek ve gerekli t\u00fcm raporlamalarla birlikte, bilgi ve teknoloji sistemlerini de aktif olarak kullanarak, i\u015f geli\u015ftirmeye y\u00f6nelik faaliyetleri sa\u011flamaktad\u0131r.","breadcrumb":{"@id":"https:\/\/aygen.com.tr\/?page_id=531#breadcrumb"},"inLanguage":"tr","potentialAction":[{"@type":"ReadAction","target":["https:\/\/aygen.com.tr\/?page_id=531"]}]},{"@type":"ImageObject","inLanguage":"tr","@id":"https:\/\/aygen.com.tr\/?page_id=531#primaryimage","url":"","contentUrl":""},{"@type":"BreadcrumbList","@id":"https:\/\/aygen.com.tr\/?page_id=531#breadcrumb","itemListElement":[{"@type":"ListItem","position":1,"name":"Anasayfa","item":"https:\/\/aygen.com.tr\/"},{"@type":"ListItem","position":2,"name":"Hizmetlerimiz","item":"https:\/\/aygen.com.tr\/?page_id=453"},{"@type":"ListItem","position":3,"name":"Lojistik Hizmetleri"}]},{"@type":"WebSite","@id":"https:\/\/aygen.com.tr\/#website","url":"https:\/\/aygen.com.tr\/","name":"AYGEN","description":"\u0130novatif G\u00fcmr\u00fckleme I Global Lojistik I Depolama \u00c7\u00f6z\u00fcmleri","publisher":{"@id":"https:\/\/aygen.com.tr\/#organization"},"potentialAction":[{"@type":"SearchAction","target":{"@type":"EntryPoint","urlTemplate":"https:\/\/aygen.com.tr\/?s={search_term_string}"},"query-input":{"@type":"PropertyValueSpecification","valueRequired":true,"valueName":"search_term_string"}}],"inLanguage":"tr"},{"@type":"Organization","@id":"https:\/\/aygen.com.tr\/#organization","name":"AYGEN","url":"https:\/\/aygen.com.tr\/","logo":{"@type":"ImageObject","inLanguage":"tr","@id":"https:\/\/aygen.com.tr\/#\/schema\/logo\/image\/","url":"https:\/\/aygen.com.tr\/wp-content\/uploads\/2024\/08\/a00.png","contentUrl":"https:\/\/aygen.com.tr\/wp-content\/uploads\/2024\/08\/a00.png","width":1121,"height":457,"caption":"AYGEN"},"image":{"@id":"https:\/\/aygen.com.tr\/#\/schema\/logo\/image\/"},"sameAs":["https:\/\/www.facebook.com\/agl.corp","https:\/\/www.linkedin.com\/company\/aygen-global-lojistik-ve-gmrk-mavirlii\/","https:\/\/www.instagram.com\/aygengloballojistik\/","https:\/\/www.youtube.com\/@AygenGlobalLojistikveGumruk"]}]}},"_links":{"self":[{"href":"https:\/\/aygen.com.tr\/index.php?rest_route=\/wp\/v2\/pages\/531","targetHints":{"allow":["GET"]}}],"collection":[{"href":"https:\/\/aygen.com.tr\/index.php?rest_route=\/wp\/v2\/pages"}],"about":[{"href":"https:\/\/aygen.com.tr\/index.php?rest_route=\/wp\/v2\/types\/page"}],"author":[{"embeddable":true,"href":"https:\/\/aygen.com.tr\/index.php?rest_route=\/wp\/v2\/users\/1"}],"replies":[{"embeddable":true,"href":"https:\/\/aygen.com.tr\/index.php?rest_route=%2Fwp%2Fv2%2Fcomments&post=531"}],"version-history":[{"count":11,"href":"https:\/\/aygen.com.tr\/index.php?rest_route=\/wp\/v2\/pages\/531\/revisions"}],"predecessor-version":[{"id":1553,"href":"https:\/\/aygen.com.tr\/index.php?rest_route=\/wp\/v2\/pages\/531\/revisions\/1553"}],"up":[{"embeddable":true,"href":"https:\/\/aygen.com.tr\/index.php?rest_route=\/wp\/v2\/pages\/453"}],"wp:featuredmedia":[{"embeddable":true,"href":"https:\/\/aygen.com.tr\/index.php?rest_route=\/"}],"wp:attachment":[{"href":"https:\/\/aygen.com.tr\/index.php?rest_route=%2Fwp%2Fv2%2Fmedia&parent=531"}],"curies":[{"name":"wp","href":"https:\/\/api.w.org\/{rel}","templated":true}]}}