{"id":533,"date":"2023-03-01T15:50:01","date_gmt":"2023-03-01T12:50:01","guid":{"rendered":"https:\/\/www.aygen.com.tr\/?page_id=533"},"modified":"2024-08-19T13:22:55","modified_gmt":"2024-08-19T10:22:55","slug":"yys-aeo-danismanlik","status":"publish","type":"page","link":"https:\/\/aygen.com.tr\/?page_id=533","title":{"rendered":"YYS (AEO) Dan\u0131\u015fmanl\u0131\u011f\u0131"},"content":{"rendered":"<p><img loading=\"lazy\" decoding=\"async\" class=\"alignnone size-full wp-image-1462\" src=\"https:\/\/aygen.com.tr\/wp-content\/uploads\/2024\/08\/yysaeo.gif\" alt=\"\" width=\"790\" height=\"470\" \/><br \/>\n\u2022 G\u00fcmr\u00fck \u0130\u015flemlerini Kolayla\u015ft\u0131rma Y\u00f6netmeli\u011fi do\u011frultusunda, bu y\u00f6netmelikle ama\u00e7lanan\u0131n, Yetkili Y\u00fck\u00fcml\u00fcn\u00fcn ne oldu\u011funun anlat\u0131lmas\u0131.<br \/>\n\u2022 Yetkili y\u00fck\u00fcml\u00fc olarak sertifika alabilmenin ko\u015fullar\u0131n\u0131n aktar\u0131m\u0131.<br \/>\n\u2022 YYS almak isteyen firman\u0131n incelenmesi, eksikliklerin saptanarak \u00f6nerilerde bulunulmas\u0131.<br \/>\n\u2022 YYS alabilmek i\u00e7in gerekli ko\u015fullar\u0131n ta\u015f\u0131nd\u0131\u011f\u0131n\u0131 g\u00f6sterir Y\u00f6netmelik 2 nolu ekini olu\u015fturan soru formunun yan\u0131tlanmas\u0131 i\u00e7in g\u00f6r\u00fc\u015fmelerde bulunularak, de\u011ferlendirmeler yap\u0131lmas\u0131.<br \/>\n\u2022 Ba\u015fvurudan \u00f6nce soru formundaki yan\u0131tlar do\u011frultusunda denetleme yap\u0131larak, eksiklik ve aksakl\u0131klar\u0131n saptanmas\u0131 ve giderilmesine y\u00f6nelik \u00f6nerilerde bulunulmas\u0131.<br \/>\n\u2022 Ba\u015fvurunun sonu\u00e7lanmas\u0131na kadar ki s\u00fcre\u00e7te firmayla ileti\u015fimi devam ettirerek, \u0130dareden olas\u0131 d\u00f6n\u00fc\u015flere ili\u015fkin hususlarda ve yerinde inceleme s\u0131ras\u0131nda mevcut doruma ili\u015fkin \u00f6nerilerde bulunulmas\u0131.<br \/>\n\u2022 Sertifika al\u0131nd\u0131ktan sonra, Y\u00f6netmelik kapsam\u0131nda yap\u0131lacak ve istenilecek i\u015f ve i\u015flemlerin yerine getirilmesine yard\u0131mc\u0131 olunmas\u0131.<\/p>\n","protected":false},"excerpt":{"rendered":"<p>\u2022 G\u00fcmr\u00fck \u0130\u015flemlerini Kolayla\u015ft\u0131rma Y\u00f6netmeli\u011fi do\u011frultusunda, bu y\u00f6netmelikle ama\u00e7lanan\u0131n, Yetkili Y\u00fck\u00fcml\u00fcn\u00fcn ne oldu\u011funun anlat\u0131lmas\u0131. \u2022 Yetkili y\u00fck\u00fcml\u00fc olarak sertifika alabilmenin ko\u015fullar\u0131n\u0131n aktar\u0131m\u0131. \u2022 YYS almak isteyen firman\u0131n incelenmesi, eksikliklerin saptanarak \u00f6nerilerde bulunulmas\u0131. \u2022 YYS alabilmek i\u00e7in gerekli ko\u015fullar\u0131n ta\u015f\u0131nd\u0131\u011f\u0131n\u0131 g\u00f6sterir Y\u00f6netmelik 2 nolu ekini olu\u015fturan soru formunun yan\u0131tlanmas\u0131 i\u00e7in g\u00f6r\u00fc\u015fmelerde bulunularak, de\u011ferlendirmeler yap\u0131lmas\u0131. \u2022 Ba\u015fvurudan [&hellip;]<\/p>\n","protected":false},"author":1,"featured_media":494,"parent":453,"menu_order":0,"comment_status":"closed","ping_status":"closed","template":"pages\/page-full.php","meta":{"footnotes":""},"class_list":["post-533","page","type-page","status-publish","has-post-thumbnail","hentry"],"yoast_head":"<!-- This site is optimized with the Yoast SEO plugin v26.3 - https:\/\/yoast.com\/wordpress\/plugins\/seo\/ -->\n<title>YYS (AEO) Dan\u0131\u015fmanl\u0131\u011f\u0131 - AYGEN<\/title>\n<meta name=\"description\" content=\"G\u00fcmr\u00fck \u0130\u015flemlerini Kolayla\u015ft\u0131rma Y\u00f6netmeli\u011fi do\u011frultusunda, bu y\u00f6netmelikle ama\u00e7lanan\u0131n, Yetkili Y\u00fck\u00fcml\u00fcn\u00fcn ne oldu\u011funun anlat\u0131lmas\u0131.\" \/>\n<meta name=\"robots\" content=\"index, follow, max-snippet:-1, max-image-preview:large, max-video-preview:-1\" \/>\n<link rel=\"canonical\" href=\"https:\/\/aygen.com.tr\/?page_id=533\" \/>\n<meta property=\"og:locale\" content=\"tr_TR\" \/>\n<meta property=\"og:type\" content=\"article\" \/>\n<meta property=\"og:title\" content=\"YYS (AEO) Dan\u0131\u015fmanl\u0131\u011f\u0131 - AYGEN\" \/>\n<meta property=\"og:description\" content=\"G\u00fcmr\u00fck \u0130\u015flemlerini Kolayla\u015ft\u0131rma Y\u00f6netmeli\u011fi do\u011frultusunda, bu y\u00f6netmelikle ama\u00e7lanan\u0131n, Yetkili Y\u00fck\u00fcml\u00fcn\u00fcn ne oldu\u011funun anlat\u0131lmas\u0131.\" \/>\n<meta property=\"og:url\" content=\"https:\/\/aygen.com.tr\/?page_id=533\" \/>\n<meta property=\"og:site_name\" content=\"AYGEN\" \/>\n<meta property=\"article:publisher\" content=\"https:\/\/www.facebook.com\/agl.corp\" \/>\n<meta property=\"article:modified_time\" content=\"2024-08-19T10:22:55+00:00\" \/>\n<meta name=\"twitter:card\" content=\"summary_large_image\" \/>\n<meta name=\"twitter:label1\" content=\"Tahmini okuma s\u00fcresi\" \/>\n\t<meta name=\"twitter:data1\" content=\"1 dakika\" \/>\n<script type=\"application\/ld+json\" class=\"yoast-schema-graph\">{\"@context\":\"https:\/\/schema.org\",\"@graph\":[{\"@type\":\"WebPage\",\"@id\":\"https:\/\/aygen.com.tr\/?page_id=533\",\"url\":\"https:\/\/aygen.com.tr\/?page_id=533\",\"name\":\"YYS (AEO) Dan\u0131\u015fmanl\u0131\u011f\u0131 - AYGEN\",\"isPartOf\":{\"@id\":\"https:\/\/aygen.com.tr\/#website\"},\"primaryImageOfPage\":{\"@id\":\"https:\/\/aygen.com.tr\/?page_id=533#primaryimage\"},\"image\":{\"@id\":\"https:\/\/aygen.com.tr\/?page_id=533#primaryimage\"},\"thumbnailUrl\":\"\",\"datePublished\":\"2023-03-01T12:50:01+00:00\",\"dateModified\":\"2024-08-19T10:22:55+00:00\",\"description\":\"G\u00fcmr\u00fck \u0130\u015flemlerini Kolayla\u015ft\u0131rma Y\u00f6netmeli\u011fi do\u011frultusunda, bu y\u00f6netmelikle ama\u00e7lanan\u0131n, Yetkili Y\u00fck\u00fcml\u00fcn\u00fcn ne oldu\u011funun anlat\u0131lmas\u0131.\",\"breadcrumb\":{\"@id\":\"https:\/\/aygen.com.tr\/?page_id=533#breadcrumb\"},\"inLanguage\":\"tr\",\"potentialAction\":[{\"@type\":\"ReadAction\",\"target\":[\"https:\/\/aygen.com.tr\/?page_id=533\"]}]},{\"@type\":\"ImageObject\",\"inLanguage\":\"tr\",\"@id\":\"https:\/\/aygen.com.tr\/?page_id=533#primaryimage\",\"url\":\"\",\"contentUrl\":\"\"},{\"@type\":\"BreadcrumbList\",\"@id\":\"https:\/\/aygen.com.tr\/?page_id=533#breadcrumb\",\"itemListElement\":[{\"@type\":\"ListItem\",\"position\":1,\"name\":\"Anasayfa\",\"item\":\"https:\/\/aygen.com.tr\/\"},{\"@type\":\"ListItem\",\"position\":2,\"name\":\"Hizmetlerimiz\",\"item\":\"https:\/\/aygen.com.tr\/?page_id=453\"},{\"@type\":\"ListItem\",\"position\":3,\"name\":\"YYS (AEO) Dan\u0131\u015fmanl\u0131\u011f\u0131\"}]},{\"@type\":\"WebSite\",\"@id\":\"https:\/\/aygen.com.tr\/#website\",\"url\":\"https:\/\/aygen.com.tr\/\",\"name\":\"AYGEN\",\"description\":\"\u0130novatif G\u00fcmr\u00fckleme I Global Lojistik I Depolama \u00c7\u00f6z\u00fcmleri\",\"publisher\":{\"@id\":\"https:\/\/aygen.com.tr\/#organization\"},\"potentialAction\":[{\"@type\":\"SearchAction\",\"target\":{\"@type\":\"EntryPoint\",\"urlTemplate\":\"https:\/\/aygen.com.tr\/?s={search_term_string}\"},\"query-input\":{\"@type\":\"PropertyValueSpecification\",\"valueRequired\":true,\"valueName\":\"search_term_string\"}}],\"inLanguage\":\"tr\"},{\"@type\":\"Organization\",\"@id\":\"https:\/\/aygen.com.tr\/#organization\",\"name\":\"AYGEN\",\"url\":\"https:\/\/aygen.com.tr\/\",\"logo\":{\"@type\":\"ImageObject\",\"inLanguage\":\"tr\",\"@id\":\"https:\/\/aygen.com.tr\/#\/schema\/logo\/image\/\",\"url\":\"https:\/\/aygen.com.tr\/wp-content\/uploads\/2024\/08\/a00.png\",\"contentUrl\":\"https:\/\/aygen.com.tr\/wp-content\/uploads\/2024\/08\/a00.png\",\"width\":1121,\"height\":457,\"caption\":\"AYGEN\"},\"image\":{\"@id\":\"https:\/\/aygen.com.tr\/#\/schema\/logo\/image\/\"},\"sameAs\":[\"https:\/\/www.facebook.com\/agl.corp\",\"https:\/\/www.linkedin.com\/company\/aygen-global-lojistik-ve-gmrk-mavirlii\/\",\"https:\/\/www.instagram.com\/aygengloballojistik\/\",\"https:\/\/www.youtube.com\/@AygenGlobalLojistikveGumruk\"]}]}<\/script>\n<!-- \/ Yoast SEO plugin. -->","yoast_head_json":{"title":"YYS (AEO) Dan\u0131\u015fmanl\u0131\u011f\u0131 - AYGEN","description":"G\u00fcmr\u00fck \u0130\u015flemlerini Kolayla\u015ft\u0131rma Y\u00f6netmeli\u011fi do\u011frultusunda, bu y\u00f6netmelikle ama\u00e7lanan\u0131n, Yetkili Y\u00fck\u00fcml\u00fcn\u00fcn ne oldu\u011funun anlat\u0131lmas\u0131.","robots":{"index":"index","follow":"follow","max-snippet":"max-snippet:-1","max-image-preview":"max-image-preview:large","max-video-preview":"max-video-preview:-1"},"canonical":"https:\/\/aygen.com.tr\/?page_id=533","og_locale":"tr_TR","og_type":"article","og_title":"YYS (AEO) Dan\u0131\u015fmanl\u0131\u011f\u0131 - AYGEN","og_description":"G\u00fcmr\u00fck \u0130\u015flemlerini Kolayla\u015ft\u0131rma Y\u00f6netmeli\u011fi do\u011frultusunda, bu y\u00f6netmelikle ama\u00e7lanan\u0131n, Yetkili Y\u00fck\u00fcml\u00fcn\u00fcn ne oldu\u011funun anlat\u0131lmas\u0131.","og_url":"https:\/\/aygen.com.tr\/?page_id=533","og_site_name":"AYGEN","article_publisher":"https:\/\/www.facebook.com\/agl.corp","article_modified_time":"2024-08-19T10:22:55+00:00","twitter_card":"summary_large_image","twitter_misc":{"Tahmini okuma s\u00fcresi":"1 dakika"},"schema":{"@context":"https:\/\/schema.org","@graph":[{"@type":"WebPage","@id":"https:\/\/aygen.com.tr\/?page_id=533","url":"https:\/\/aygen.com.tr\/?page_id=533","name":"YYS (AEO) Dan\u0131\u015fmanl\u0131\u011f\u0131 - AYGEN","isPartOf":{"@id":"https:\/\/aygen.com.tr\/#website"},"primaryImageOfPage":{"@id":"https:\/\/aygen.com.tr\/?page_id=533#primaryimage"},"image":{"@id":"https:\/\/aygen.com.tr\/?page_id=533#primaryimage"},"thumbnailUrl":"","datePublished":"2023-03-01T12:50:01+00:00","dateModified":"2024-08-19T10:22:55+00:00","description":"G\u00fcmr\u00fck \u0130\u015flemlerini Kolayla\u015ft\u0131rma Y\u00f6netmeli\u011fi do\u011frultusunda, bu y\u00f6netmelikle ama\u00e7lanan\u0131n, Yetkili Y\u00fck\u00fcml\u00fcn\u00fcn ne oldu\u011funun anlat\u0131lmas\u0131.","breadcrumb":{"@id":"https:\/\/aygen.com.tr\/?page_id=533#breadcrumb"},"inLanguage":"tr","potentialAction":[{"@type":"ReadAction","target":["https:\/\/aygen.com.tr\/?page_id=533"]}]},{"@type":"ImageObject","inLanguage":"tr","@id":"https:\/\/aygen.com.tr\/?page_id=533#primaryimage","url":"","contentUrl":""},{"@type":"BreadcrumbList","@id":"https:\/\/aygen.com.tr\/?page_id=533#breadcrumb","itemListElement":[{"@type":"ListItem","position":1,"name":"Anasayfa","item":"https:\/\/aygen.com.tr\/"},{"@type":"ListItem","position":2,"name":"Hizmetlerimiz","item":"https:\/\/aygen.com.tr\/?page_id=453"},{"@type":"ListItem","position":3,"name":"YYS (AEO) Dan\u0131\u015fmanl\u0131\u011f\u0131"}]},{"@type":"WebSite","@id":"https:\/\/aygen.com.tr\/#website","url":"https:\/\/aygen.com.tr\/","name":"AYGEN","description":"\u0130novatif G\u00fcmr\u00fckleme I Global Lojistik I Depolama \u00c7\u00f6z\u00fcmleri","publisher":{"@id":"https:\/\/aygen.com.tr\/#organization"},"potentialAction":[{"@type":"SearchAction","target":{"@type":"EntryPoint","urlTemplate":"https:\/\/aygen.com.tr\/?s={search_term_string}"},"query-input":{"@type":"PropertyValueSpecification","valueRequired":true,"valueName":"search_term_string"}}],"inLanguage":"tr"},{"@type":"Organization","@id":"https:\/\/aygen.com.tr\/#organization","name":"AYGEN","url":"https:\/\/aygen.com.tr\/","logo":{"@type":"ImageObject","inLanguage":"tr","@id":"https:\/\/aygen.com.tr\/#\/schema\/logo\/image\/","url":"https:\/\/aygen.com.tr\/wp-content\/uploads\/2024\/08\/a00.png","contentUrl":"https:\/\/aygen.com.tr\/wp-content\/uploads\/2024\/08\/a00.png","width":1121,"height":457,"caption":"AYGEN"},"image":{"@id":"https:\/\/aygen.com.tr\/#\/schema\/logo\/image\/"},"sameAs":["https:\/\/www.facebook.com\/agl.corp","https:\/\/www.linkedin.com\/company\/aygen-global-lojistik-ve-gmrk-mavirlii\/","https:\/\/www.instagram.com\/aygengloballojistik\/","https:\/\/www.youtube.com\/@AygenGlobalLojistikveGumruk"]}]}},"_links":{"self":[{"href":"https:\/\/aygen.com.tr\/index.php?rest_route=\/wp\/v2\/pages\/533","targetHints":{"allow":["GET"]}}],"collection":[{"href":"https:\/\/aygen.com.tr\/index.php?rest_route=\/wp\/v2\/pages"}],"about":[{"href":"https:\/\/aygen.com.tr\/index.php?rest_route=\/wp\/v2\/types\/page"}],"author":[{"embeddable":true,"href":"https:\/\/aygen.com.tr\/index.php?rest_route=\/wp\/v2\/users\/1"}],"replies":[{"embeddable":true,"href":"https:\/\/aygen.com.tr\/index.php?rest_route=%2Fwp%2Fv2%2Fcomments&post=533"}],"version-history":[{"count":1,"href":"https:\/\/aygen.com.tr\/index.php?rest_route=\/wp\/v2\/pages\/533\/revisions"}],"predecessor-version":[{"id":1463,"href":"https:\/\/aygen.com.tr\/index.php?rest_route=\/wp\/v2\/pages\/533\/revisions\/1463"}],"up":[{"embeddable":true,"href":"https:\/\/aygen.com.tr\/index.php?rest_route=\/wp\/v2\/pages\/453"}],"wp:featuredmedia":[{"embeddable":true,"href":"https:\/\/aygen.com.tr\/index.php?rest_route=\/"}],"wp:attachment":[{"href":"https:\/\/aygen.com.tr\/index.php?rest_route=%2Fwp%2Fv2%2Fmedia&parent=533"}],"curies":[{"name":"wp","href":"https:\/\/api.w.org\/{rel}","templated":true}]}}