{"id":539,"date":"2023-03-01T15:51:33","date_gmt":"2023-03-01T12:51:33","guid":{"rendered":"https:\/\/www.aygen.com.tr\/?page_id=539"},"modified":"2024-08-21T11:14:18","modified_gmt":"2024-08-21T08:14:18","slug":"yazilim-ve-entegrasyon-hizmetleri","status":"publish","type":"page","link":"https:\/\/aygen.com.tr\/?page_id=539","title":{"rendered":"Yaz\u0131l\u0131m ve Entegrasyon Hizmetleri"},"content":{"rendered":"\n<p>G\u00fcmr\u00fck otomasyonu, lojistik\/nakliye ve d\u0131\u015f ticaret konular\u0131nda birbirleriyle uyumlu ve birbirini tamamlayan par\u00e7alar gibi \u00e7al\u0131\u015fan tam \u00e7\u00f6z\u00fcml\u00fc sistemler \u00fcretmekteyiz., insan g\u00fcc\u00fcnden ve zamandan kazanacaklar\u0131n\u0131zla firman\u0131z\u0131n hedeflerini ger\u00e7ekle\u015ftirmek \u00fczere \u00e7al\u0131\u015fmaya devam edebilirsiniz.<\/p>\n\n\n\n<p>Kurumunuzun \u00f6zel ihtiya\u00e7lar\u0131n\u0131 birebir kar\u015f\u0131layamamas\u0131 durumunda; Aygen BT olarak firman\u0131za \u00f6zg\u00fc, altyap\u0131n\u0131zla uyumlu, kapasite olarak kendi kullan\u0131m d\u00fczeyinizi ve gelecek i\u00e7in \u00f6ng\u00f6rd\u00fc\u011f\u00fcn\u00fcz geni\u015fleme potansiyelini kar\u015f\u0131layabilecek, mod\u00fcler yap\u0131da ve kolay servis verebilen size \u00f6zel \u00e7\u00f6z\u00fcmler \u00fcretmekteyiz.<\/p>\n\n\n\n<figure class=\"wp-block-gallery has-nested-images columns-default is-cropped wp-block-gallery-1 is-layout-flex wp-block-gallery-is-layout-flex\">\n<figure class=\"wp-block-image size-large\"><img loading=\"lazy\" decoding=\"async\" width=\"1024\" height=\"576\" data-id=\"1288\" src=\"https:\/\/aygen.com.tr\/wp-content\/uploads\/2024\/08\/Adsiz-tasarim-25-1024x576.png\" alt=\"\" class=\"wp-image-1288\" srcset=\"https:\/\/aygen.com.tr\/wp-content\/uploads\/2024\/08\/Adsiz-tasarim-25-1024x576.png 1024w, https:\/\/aygen.com.tr\/wp-content\/uploads\/2024\/08\/Adsiz-tasarim-25-300x169.png 300w, https:\/\/aygen.com.tr\/wp-content\/uploads\/2024\/08\/Adsiz-tasarim-25-768x432.png 768w, https:\/\/aygen.com.tr\/wp-content\/uploads\/2024\/08\/Adsiz-tasarim-25-1536x864.png 1536w, https:\/\/aygen.com.tr\/wp-content\/uploads\/2024\/08\/Adsiz-tasarim-25.png 1920w\" sizes=\"auto, (max-width: 1024px) 100vw, 1024px\" \/><\/figure>\n<\/figure>\n\n\n\n<p>&nbsp;<\/p>\n\n\n\n<h2 class=\"wp-block-heading\">BT Altyap\u0131m\u0131z:<\/h2>\n\n\n\n<div class=\"\" data-col=\"2\"><ul class=\"wp-block-list\">\n<li><strong>AYGEN<\/strong> , Bilgi Teknolojileri konusundaki geli\u015fmeleri yak\u0131ndan takip ederek , hem donan\u0131msal hemde yaz\u0131l\u0131msal alanda altyap\u0131s\u0131n\u0131 g\u00fcncellemek ve geli\u015ftirmek&nbsp; , i\u015f s\u00fcre\u00e7lerinin kesintisiz olarak s\u00fcreklili\u011fini sa\u011flamak amac\u0131 ile \u00e7al\u0131\u015fmalar\u0131n\u0131 y\u00fcr\u00fctmektedir. Yap\u0131lan risk \u00f6l\u00e7\u00fcmlerinde , Risk Skoru y\u00fcksek olan donan\u0131mlar&nbsp; yedeklilik esas\u0131 ile topolojisi kurulmu\u015ftur.&nbsp; Kullan\u0131lan donan\u0131msal \u00fcr\u00fcnlerin bak\u0131m anla\u015fmalar\u0131&nbsp; tan\u0131ml\u0131 tedarik\u00e7i kriterlerine uygun olarak se\u00e7ilmi\u015f firmalar ile 0-4 \u00c7\u00f6z\u00fcm Garantili servis anla\u015fmalar\u0131 ile yap\u0131lm\u0131\u015ft\u0131r.<\/li>\n\n\n\n<li>AYGEN\u2019nin deprem , sel , do\u011fal afet ve bu gibi ola\u011fan\u00fcst\u00fc felaket durumlar\u0131nda Veri Merkezine eri\u015fememe ve sistemlerin \u00e7al\u0131\u015famamas\u0131 durumunda, \u015eirketin \u0130\u015f S\u00fcreklili\u011fi Kapsam\u0131nda hizmetlerine devam edebilmesi maksad\u0131 ile Ola\u011fan\u00fcst\u00fc Durum Merkezi Yurti\u00e7i\/D\u0131\u015f\u0131 olmak \u00fczere Cloud mimarisi kurulmu\u015ftur.<\/li>\n\n\n\n<li>B\u00f6lge M\u00fcd\u00fcrl\u00fckleri ve \u015eubelerde \u0130nternet altyap\u0131s\u0131nda hat yedeklilikleri ME, VDSL , ADSL ve 4,5 G kapasiteleri oran\u0131nda sa\u011flanm\u0131\u015ft\u0131r. \u0130nternet hatlar\u0131ndaki olas\u0131 kesintilerde sistem otomatik olarak yedek hatt\u0131 devreye almaktad\u0131r.<\/li>\n\n\n\n<li>Sunucu ve Kullan\u0131c\u0131 taraf\u0131nda kullan\u0131lan Lisansl\u0131 Yaz\u0131l\u0131mlarda , Etik lisanslama esas al\u0131narak , buna uygun olarak i\u00e7 ve d\u0131\u015f denetim ile periyodik kontroller yap\u0131lmaktad\u0131r. Microsoft, HP, Fortigate ve IBM gibi firmalar\u0131n \u00e7\u00f6z\u00fcm ortaklar\u0131 ile her y\u0131l d\u00fczenli olarak lisanslama kontrolleri ile envanter kontrolleri yap\u0131lmakta ve sertifikaland\u0131r\u0131lmaktad\u0131r.<\/li>\n<\/ul><\/div>\n\n\n\n<h2 class=\"wp-block-heading\">Yaz\u0131l\u0131m Geli\u015ftirme:<\/h2>\n\n\n\n<div class=\"\" data-col=\"2\"><ul class=\"wp-block-list\">\n<li>AYCUBE , D\u0131\u015f Ticaret s\u00fcre\u00e7leri ile ilgili t\u00fcm raporlamalar\u0131n\u0131 esnek ve dinamik raporlama imkan\u0131 sa\u011flanm\u0131\u015ft\u0131r. Bunun d\u0131\u015f\u0131nda m\u00fc\u015fterilerimizin kendi i\u015f s\u00fcre\u00e7lerine uygun olacak \u015fekilde y\u00fczlerce \u00f6zel rapor tan\u0131mlanm\u0131\u015ft\u0131r.<\/li>\n\n\n\n<li>IT Departman\u0131 taraf\u0131ndan analiz edilen ve t\u00fcm saha ve ofis s\u00fcre\u00e7lerimiz ayr\u0131 ayr\u0131 hedef s\u00fcreler bazl\u0131 \u00f6l\u00e7\u00fcmlenmektedir. &nbsp;Saha Taraf\u0131nda Mobil Uygulamalar ile anl\u0131k veri al\u0131nmaktad\u0131r. Ofis taraf\u0131nda ise, M\u00fc\u015fteri Temsilcilerinin kulland\u0131\u011f\u0131 uygulama ile bu veriler i\u015f takip kodu ile al\u0131narak ayr\u0131 ayr\u0131 hesaplanmaktad\u0131r. G\u00fcmr\u00fck , Hat , Ta\u015f\u0131ma \u015eekli kriterlerine uygun olarak &nbsp;\u00f6l\u00e7\u00fcmlemeler ile hedef s\u00fcreler belirlenmi\u015ftir. Bu s\u00fcreler d\u00fczenli olarak her hafta &#8220;Ekip Liderleri&#8221; taraf\u0131ndan kontrol edilmekte ve s\u00fcre\u00e7 de\u011ferlendirmeleri yap\u0131lmaktad\u0131r.<\/li>\n\n\n\n<li>&nbsp;Beyanname tescil \u00f6ncesinde , Sekt\u00f6r, Firma,&nbsp; GTIP,&nbsp; G\u00fcmr\u00fck Baz\u0131nda program i\u00e7erisinde sistematik kontroller yap\u0131lmaktad\u0131r. M\u00fc\u015fteri veya personel hatalar\u0131n\u0131n daha aza indirilmesine y\u00f6nelik olarak iyile\u015ftirmeler i\u00e7in sonradan kontrol mekanizmas\u0131 geli\u015ftirilerek s\u00fcre\u00e7lere otomatik kontroller eklenmektedir.<\/li>\n<\/ul><\/div>\n\n\n\n<figure class=\"wp-block-gallery has-nested-images columns-2 wp-block-gallery-2 is-layout-flex wp-block-gallery-is-layout-flex\">\n<figure class=\"wp-block-image size-large is-style-default\"><img loading=\"lazy\" decoding=\"async\" width=\"502\" height=\"194\" data-id=\"1538\" src=\"https:\/\/aygen.com.tr\/wp-content\/uploads\/2024\/08\/Aycube-logo.png\" alt=\"\" class=\"wp-image-1538\" srcset=\"https:\/\/aygen.com.tr\/wp-content\/uploads\/2024\/08\/Aycube-logo.png 502w, https:\/\/aygen.com.tr\/wp-content\/uploads\/2024\/08\/Aycube-logo-300x116.png 300w\" sizes=\"auto, (max-width: 502px) 100vw, 502px\" \/><\/figure>\n\n\n\n<figure class=\"wp-block-image size-large\"><img loading=\"lazy\" decoding=\"async\" width=\"341\" height=\"172\" data-id=\"1539\" src=\"https:\/\/aygen.com.tr\/wp-content\/uploads\/2024\/08\/BerkBOT-logo.png\" alt=\"\" class=\"wp-image-1539\" srcset=\"https:\/\/aygen.com.tr\/wp-content\/uploads\/2024\/08\/BerkBOT-logo.png 341w, https:\/\/aygen.com.tr\/wp-content\/uploads\/2024\/08\/BerkBOT-logo-300x151.png 300w\" sizes=\"auto, (max-width: 341px) 100vw, 341px\" \/><\/figure>\n\n\n\n<figure class=\"wp-block-image size-large\"><img loading=\"lazy\" decoding=\"async\" width=\"364\" height=\"166\" data-id=\"1540\" src=\"https:\/\/aygen.com.tr\/wp-content\/uploads\/2024\/08\/Cube-academy-logo.png\" alt=\"\" class=\"wp-image-1540\" srcset=\"https:\/\/aygen.com.tr\/wp-content\/uploads\/2024\/08\/Cube-academy-logo.png 364w, https:\/\/aygen.com.tr\/wp-content\/uploads\/2024\/08\/Cube-academy-logo-300x137.png 300w\" sizes=\"auto, (max-width: 364px) 100vw, 364px\" \/><\/figure>\n\n\n\n<figure class=\"wp-block-image size-large\"><img loading=\"lazy\" decoding=\"async\" width=\"1024\" height=\"768\" data-id=\"1490\" src=\"https:\/\/aygen.com.tr\/wp-content\/uploads\/2024\/08\/birdizigumruk-1-1024x768.png\" alt=\"\" class=\"wp-image-1490\" srcset=\"https:\/\/aygen.com.tr\/wp-content\/uploads\/2024\/08\/birdizigumruk-1-1024x768.png 1024w, https:\/\/aygen.com.tr\/wp-content\/uploads\/2024\/08\/birdizigumruk-1-300x225.png 300w, https:\/\/aygen.com.tr\/wp-content\/uploads\/2024\/08\/birdizigumruk-1-768x576.png 768w, https:\/\/aygen.com.tr\/wp-content\/uploads\/2024\/08\/birdizigumruk-1-1536x1152.png 1536w, https:\/\/aygen.com.tr\/wp-content\/uploads\/2024\/08\/birdizigumruk-1.png 1890w\" sizes=\"auto, (max-width: 1024px) 100vw, 1024px\" \/><\/figure>\n<\/figure>\n\n\n\n<p>&nbsp;<\/p>\n\n\n\n<h2 class=\"wp-block-heading\">&nbsp;<\/h2>\n\n\n\n<h2 class=\"wp-block-heading\">Entegrasyon ve Dijital D\u00f6n\u00fc\u015f\u00fcm:<\/h2>\n\n\n\n<div class=\"\" data-col=\"2\"><ul class=\"wp-block-list\">\n<li>D\u0131\u015f Ticaret Operasyonunda; Y\u00fcklemesi yap\u0131lacak e\u015fya bilgilerinin nakliyeciden tedarik edilmesi, ithalat ya da ihracat beyannamelerinin haz\u0131rlanmas\u0131, &nbsp;maliyet ve beyanname verilerinin olu\u015fturulmas\u0131, detayl\u0131 fatura ve dekont verilerinin sa\u011flanmas\u0131, operasyonla ilgili raporlamalar\u0131n sunulmas\u0131 gibi s\u00fcre\u00e7lerinde tamam\u0131nda &nbsp;web servis , XML , WSDL , XLS&nbsp; &nbsp;entegrasyonlar\u0131 ile veri transferi &nbsp;metotlar\u0131 kullan\u0131lmaktad\u0131r.<\/li>\n\n\n\n<li>D\u0131\u015f Ticaret i\u015flemlerinde kullan\u0131lan t\u00fcm belgeler beyanname baz\u0131nda taramalar\u0131 yap\u0131larak , Optik Karakter Tan\u0131ma, (Optical Character Recognition -OCR ) yaz\u0131l\u0131mlar\u0131 ile belgeleri tan\u0131yan ve kategorize eden bir E-Ar\u015fiv sistemi kurulmu\u015ftur.<\/li>\n\n\n\n<li>Y\u00fcksek hacimli, tekrarlanan yada veri entegrasyonu m\u00fcmk\u00fcn olmayan t\u00fcm i\u015f s\u00fcre\u00e7lerimizde teknolojiyi h\u0131zl\u0131 ve verimli \u015fekilde kullanabilmek hedefi ile Robotik S\u00fcre\u00e7 Otomasyonu (Robotic Process Automation \u2013 RPA) yapay zeka (Artificial Intelligence \u2013 AI) ile yaz\u0131l\u0131m\u0131n kullan\u0131m\u0131 projeleri devreye al\u0131nm\u0131\u015ft\u0131r. Bu \u00e7al\u0131\u015fmalar neticesinde&nbsp; s\u00fcre\u00e7ler daha h\u0131zl\u0131 , verimlili\u011fi y\u00fcksek ve hatas\u0131z i\u015flemler ile m\u00fc\u015fterilerimize daha kaliteli hizmetler sunulmas\u0131 i\u00e7in hedeflenmi\u015ftir.<\/li>\n<\/ul><\/div>\n\n\n\n<p><strong>AYCUBE, AYGEN<\/strong> bilgi teknolojileri taraf\u0131ndan geli\u015ftirilmi\u015f, ileri teknoloji yeteneklerine sahip bir veri merkezidir. Donat\u0131lar\u0131 sayesinde verilerinizi s\u0131n\u0131rs\u0131z \u00f6zellikte en do\u011fru ve en h\u0131zl\u0131 \u015fekilde hizmetinize sunmaktad\u0131r.<\/p>\n\n\n\n<p>&nbsp;<\/p>\n\n\n\n<p>&nbsp;<\/p>\n","protected":false},"excerpt":{"rendered":"<p>G\u00fcmr\u00fck otomasyonu, lojistik\/nakliye ve d\u0131\u015f ticaret konular\u0131nda birbirleriyle uyumlu ve birbirini tamamlayan par\u00e7alar gibi \u00e7al\u0131\u015fan tam \u00e7\u00f6z\u00fcml\u00fc sistemler \u00fcretmekteyiz., insan g\u00fcc\u00fcnden ve zamandan kazanacaklar\u0131n\u0131zla firman\u0131z\u0131n hedeflerini ger\u00e7ekle\u015ftirmek \u00fczere \u00e7al\u0131\u015fmaya devam edebilirsiniz. Kurumunuzun \u00f6zel ihtiya\u00e7lar\u0131n\u0131 birebir kar\u015f\u0131layamamas\u0131 durumunda; Aygen BT olarak firman\u0131za \u00f6zg\u00fc, altyap\u0131n\u0131zla uyumlu, kapasite olarak kendi kullan\u0131m d\u00fczeyinizi ve gelecek i\u00e7in \u00f6ng\u00f6rd\u00fc\u011f\u00fcn\u00fcz geni\u015fleme potansiyelini [&hellip;]<\/p>\n","protected":false},"author":1,"featured_media":503,"parent":453,"menu_order":1,"comment_status":"closed","ping_status":"closed","template":"","meta":{"footnotes":""},"class_list":["post-539","page","type-page","status-publish","has-post-thumbnail","hentry"],"yoast_head":"<!-- This site is optimized with the Yoast SEO plugin v26.3 - https:\/\/yoast.com\/wordpress\/plugins\/seo\/ -->\n<title>Yaz\u0131l\u0131m ve Entegrasyon Hizmetleri - AYGEN<\/title>\n<meta name=\"description\" content=\"G\u00fcmr\u00fck otomasyonu, lojistik\/nakliye ve d\u0131\u015f ticaret konular\u0131nda birbirleriyle uyumlu ve birbirini tamamlayan par\u00e7alar gibi \u00e7al\u0131\u015fan tam \u00e7\u00f6z\u00fcml\u00fc sistemler \u00fcretmekteyiz., insan g\u00fcc\u00fcnden ve zamandan kazanacaklar\u0131n\u0131zla firman\u0131z\u0131n hedeflerini ger\u00e7ekle\u015ftirmek \u00fczere \u00e7al\u0131\u015fmaya devam edebilirsiniz.\" \/>\n<meta name=\"robots\" content=\"index, follow, max-snippet:-1, max-image-preview:large, max-video-preview:-1\" \/>\n<link rel=\"canonical\" href=\"https:\/\/aygen.com.tr\/?page_id=539\" \/>\n<meta property=\"og:locale\" content=\"tr_TR\" \/>\n<meta property=\"og:type\" content=\"article\" \/>\n<meta property=\"og:title\" content=\"Yaz\u0131l\u0131m ve Entegrasyon Hizmetleri - AYGEN\" \/>\n<meta property=\"og:description\" content=\"G\u00fcmr\u00fck otomasyonu, lojistik\/nakliye ve d\u0131\u015f ticaret konular\u0131nda birbirleriyle uyumlu ve birbirini tamamlayan par\u00e7alar gibi \u00e7al\u0131\u015fan tam \u00e7\u00f6z\u00fcml\u00fc sistemler \u00fcretmekteyiz., insan g\u00fcc\u00fcnden ve zamandan kazanacaklar\u0131n\u0131zla firman\u0131z\u0131n hedeflerini ger\u00e7ekle\u015ftirmek \u00fczere \u00e7al\u0131\u015fmaya devam edebilirsiniz.\" \/>\n<meta property=\"og:url\" content=\"https:\/\/aygen.com.tr\/?page_id=539\" \/>\n<meta property=\"og:site_name\" content=\"AYGEN\" \/>\n<meta property=\"article:publisher\" content=\"https:\/\/www.facebook.com\/agl.corp\" \/>\n<meta property=\"article:modified_time\" content=\"2024-08-21T08:14:18+00:00\" \/>\n<meta name=\"twitter:card\" content=\"summary_large_image\" \/>\n<meta name=\"twitter:label1\" content=\"Tahmini okuma s\u00fcresi\" \/>\n\t<meta name=\"twitter:data1\" content=\"5 dakika\" \/>\n<script type=\"application\/ld+json\" class=\"yoast-schema-graph\">{\"@context\":\"https:\/\/schema.org\",\"@graph\":[{\"@type\":\"WebPage\",\"@id\":\"https:\/\/aygen.com.tr\/?page_id=539\",\"url\":\"https:\/\/aygen.com.tr\/?page_id=539\",\"name\":\"Yaz\u0131l\u0131m ve Entegrasyon Hizmetleri - AYGEN\",\"isPartOf\":{\"@id\":\"https:\/\/aygen.com.tr\/#website\"},\"primaryImageOfPage\":{\"@id\":\"https:\/\/aygen.com.tr\/?page_id=539#primaryimage\"},\"image\":{\"@id\":\"https:\/\/aygen.com.tr\/?page_id=539#primaryimage\"},\"thumbnailUrl\":\"\",\"datePublished\":\"2023-03-01T12:51:33+00:00\",\"dateModified\":\"2024-08-21T08:14:18+00:00\",\"description\":\"G\u00fcmr\u00fck otomasyonu, lojistik\/nakliye ve d\u0131\u015f ticaret konular\u0131nda birbirleriyle uyumlu ve birbirini tamamlayan par\u00e7alar gibi \u00e7al\u0131\u015fan tam \u00e7\u00f6z\u00fcml\u00fc sistemler \u00fcretmekteyiz., insan g\u00fcc\u00fcnden ve zamandan kazanacaklar\u0131n\u0131zla firman\u0131z\u0131n hedeflerini ger\u00e7ekle\u015ftirmek \u00fczere \u00e7al\u0131\u015fmaya devam edebilirsiniz.\",\"breadcrumb\":{\"@id\":\"https:\/\/aygen.com.tr\/?page_id=539#breadcrumb\"},\"inLanguage\":\"tr\",\"potentialAction\":[{\"@type\":\"ReadAction\",\"target\":[\"https:\/\/aygen.com.tr\/?page_id=539\"]}]},{\"@type\":\"ImageObject\",\"inLanguage\":\"tr\",\"@id\":\"https:\/\/aygen.com.tr\/?page_id=539#primaryimage\",\"url\":\"\",\"contentUrl\":\"\"},{\"@type\":\"BreadcrumbList\",\"@id\":\"https:\/\/aygen.com.tr\/?page_id=539#breadcrumb\",\"itemListElement\":[{\"@type\":\"ListItem\",\"position\":1,\"name\":\"Anasayfa\",\"item\":\"https:\/\/aygen.com.tr\/\"},{\"@type\":\"ListItem\",\"position\":2,\"name\":\"Hizmetlerimiz\",\"item\":\"https:\/\/aygen.com.tr\/?page_id=453\"},{\"@type\":\"ListItem\",\"position\":3,\"name\":\"Yaz\u0131l\u0131m ve Entegrasyon Hizmetleri\"}]},{\"@type\":\"WebSite\",\"@id\":\"https:\/\/aygen.com.tr\/#website\",\"url\":\"https:\/\/aygen.com.tr\/\",\"name\":\"AYGEN\",\"description\":\"\u0130novatif G\u00fcmr\u00fckleme I Global Lojistik I Depolama \u00c7\u00f6z\u00fcmleri\",\"publisher\":{\"@id\":\"https:\/\/aygen.com.tr\/#organization\"},\"potentialAction\":[{\"@type\":\"SearchAction\",\"target\":{\"@type\":\"EntryPoint\",\"urlTemplate\":\"https:\/\/aygen.com.tr\/?s={search_term_string}\"},\"query-input\":{\"@type\":\"PropertyValueSpecification\",\"valueRequired\":true,\"valueName\":\"search_term_string\"}}],\"inLanguage\":\"tr\"},{\"@type\":\"Organization\",\"@id\":\"https:\/\/aygen.com.tr\/#organization\",\"name\":\"AYGEN\",\"url\":\"https:\/\/aygen.com.tr\/\",\"logo\":{\"@type\":\"ImageObject\",\"inLanguage\":\"tr\",\"@id\":\"https:\/\/aygen.com.tr\/#\/schema\/logo\/image\/\",\"url\":\"https:\/\/aygen.com.tr\/wp-content\/uploads\/2024\/08\/a00.png\",\"contentUrl\":\"https:\/\/aygen.com.tr\/wp-content\/uploads\/2024\/08\/a00.png\",\"width\":1121,\"height\":457,\"caption\":\"AYGEN\"},\"image\":{\"@id\":\"https:\/\/aygen.com.tr\/#\/schema\/logo\/image\/\"},\"sameAs\":[\"https:\/\/www.facebook.com\/agl.corp\",\"https:\/\/www.linkedin.com\/company\/aygen-global-lojistik-ve-gmrk-mavirlii\/\",\"https:\/\/www.instagram.com\/aygengloballojistik\/\",\"https:\/\/www.youtube.com\/@AygenGlobalLojistikveGumruk\"]}]}<\/script>\n<!-- \/ Yoast SEO plugin. -->","yoast_head_json":{"title":"Yaz\u0131l\u0131m ve Entegrasyon Hizmetleri - AYGEN","description":"G\u00fcmr\u00fck otomasyonu, lojistik\/nakliye ve d\u0131\u015f ticaret konular\u0131nda birbirleriyle uyumlu ve birbirini tamamlayan par\u00e7alar gibi \u00e7al\u0131\u015fan tam \u00e7\u00f6z\u00fcml\u00fc sistemler \u00fcretmekteyiz., insan g\u00fcc\u00fcnden ve zamandan kazanacaklar\u0131n\u0131zla firman\u0131z\u0131n hedeflerini ger\u00e7ekle\u015ftirmek \u00fczere \u00e7al\u0131\u015fmaya devam edebilirsiniz.","robots":{"index":"index","follow":"follow","max-snippet":"max-snippet:-1","max-image-preview":"max-image-preview:large","max-video-preview":"max-video-preview:-1"},"canonical":"https:\/\/aygen.com.tr\/?page_id=539","og_locale":"tr_TR","og_type":"article","og_title":"Yaz\u0131l\u0131m ve Entegrasyon Hizmetleri - AYGEN","og_description":"G\u00fcmr\u00fck otomasyonu, lojistik\/nakliye ve d\u0131\u015f ticaret konular\u0131nda birbirleriyle uyumlu ve birbirini tamamlayan par\u00e7alar gibi \u00e7al\u0131\u015fan tam \u00e7\u00f6z\u00fcml\u00fc sistemler \u00fcretmekteyiz., insan g\u00fcc\u00fcnden ve zamandan kazanacaklar\u0131n\u0131zla firman\u0131z\u0131n hedeflerini ger\u00e7ekle\u015ftirmek \u00fczere \u00e7al\u0131\u015fmaya devam edebilirsiniz.","og_url":"https:\/\/aygen.com.tr\/?page_id=539","og_site_name":"AYGEN","article_publisher":"https:\/\/www.facebook.com\/agl.corp","article_modified_time":"2024-08-21T08:14:18+00:00","twitter_card":"summary_large_image","twitter_misc":{"Tahmini okuma s\u00fcresi":"5 dakika"},"schema":{"@context":"https:\/\/schema.org","@graph":[{"@type":"WebPage","@id":"https:\/\/aygen.com.tr\/?page_id=539","url":"https:\/\/aygen.com.tr\/?page_id=539","name":"Yaz\u0131l\u0131m ve Entegrasyon Hizmetleri - AYGEN","isPartOf":{"@id":"https:\/\/aygen.com.tr\/#website"},"primaryImageOfPage":{"@id":"https:\/\/aygen.com.tr\/?page_id=539#primaryimage"},"image":{"@id":"https:\/\/aygen.com.tr\/?page_id=539#primaryimage"},"thumbnailUrl":"","datePublished":"2023-03-01T12:51:33+00:00","dateModified":"2024-08-21T08:14:18+00:00","description":"G\u00fcmr\u00fck otomasyonu, lojistik\/nakliye ve d\u0131\u015f ticaret konular\u0131nda birbirleriyle uyumlu ve birbirini tamamlayan par\u00e7alar gibi \u00e7al\u0131\u015fan tam \u00e7\u00f6z\u00fcml\u00fc sistemler \u00fcretmekteyiz., insan g\u00fcc\u00fcnden ve zamandan kazanacaklar\u0131n\u0131zla firman\u0131z\u0131n hedeflerini ger\u00e7ekle\u015ftirmek \u00fczere \u00e7al\u0131\u015fmaya devam edebilirsiniz.","breadcrumb":{"@id":"https:\/\/aygen.com.tr\/?page_id=539#breadcrumb"},"inLanguage":"tr","potentialAction":[{"@type":"ReadAction","target":["https:\/\/aygen.com.tr\/?page_id=539"]}]},{"@type":"ImageObject","inLanguage":"tr","@id":"https:\/\/aygen.com.tr\/?page_id=539#primaryimage","url":"","contentUrl":""},{"@type":"BreadcrumbList","@id":"https:\/\/aygen.com.tr\/?page_id=539#breadcrumb","itemListElement":[{"@type":"ListItem","position":1,"name":"Anasayfa","item":"https:\/\/aygen.com.tr\/"},{"@type":"ListItem","position":2,"name":"Hizmetlerimiz","item":"https:\/\/aygen.com.tr\/?page_id=453"},{"@type":"ListItem","position":3,"name":"Yaz\u0131l\u0131m ve Entegrasyon Hizmetleri"}]},{"@type":"WebSite","@id":"https:\/\/aygen.com.tr\/#website","url":"https:\/\/aygen.com.tr\/","name":"AYGEN","description":"\u0130novatif G\u00fcmr\u00fckleme I Global Lojistik I Depolama \u00c7\u00f6z\u00fcmleri","publisher":{"@id":"https:\/\/aygen.com.tr\/#organization"},"potentialAction":[{"@type":"SearchAction","target":{"@type":"EntryPoint","urlTemplate":"https:\/\/aygen.com.tr\/?s={search_term_string}"},"query-input":{"@type":"PropertyValueSpecification","valueRequired":true,"valueName":"search_term_string"}}],"inLanguage":"tr"},{"@type":"Organization","@id":"https:\/\/aygen.com.tr\/#organization","name":"AYGEN","url":"https:\/\/aygen.com.tr\/","logo":{"@type":"ImageObject","inLanguage":"tr","@id":"https:\/\/aygen.com.tr\/#\/schema\/logo\/image\/","url":"https:\/\/aygen.com.tr\/wp-content\/uploads\/2024\/08\/a00.png","contentUrl":"https:\/\/aygen.com.tr\/wp-content\/uploads\/2024\/08\/a00.png","width":1121,"height":457,"caption":"AYGEN"},"image":{"@id":"https:\/\/aygen.com.tr\/#\/schema\/logo\/image\/"},"sameAs":["https:\/\/www.facebook.com\/agl.corp","https:\/\/www.linkedin.com\/company\/aygen-global-lojistik-ve-gmrk-mavirlii\/","https:\/\/www.instagram.com\/aygengloballojistik\/","https:\/\/www.youtube.com\/@AygenGlobalLojistikveGumruk"]}]}},"_links":{"self":[{"href":"https:\/\/aygen.com.tr\/index.php?rest_route=\/wp\/v2\/pages\/539","targetHints":{"allow":["GET"]}}],"collection":[{"href":"https:\/\/aygen.com.tr\/index.php?rest_route=\/wp\/v2\/pages"}],"about":[{"href":"https:\/\/aygen.com.tr\/index.php?rest_route=\/wp\/v2\/types\/page"}],"author":[{"embeddable":true,"href":"https:\/\/aygen.com.tr\/index.php?rest_route=\/wp\/v2\/users\/1"}],"replies":[{"embeddable":true,"href":"https:\/\/aygen.com.tr\/index.php?rest_route=%2Fwp%2Fv2%2Fcomments&post=539"}],"version-history":[{"count":2,"href":"https:\/\/aygen.com.tr\/index.php?rest_route=\/wp\/v2\/pages\/539\/revisions"}],"predecessor-version":[{"id":1541,"href":"https:\/\/aygen.com.tr\/index.php?rest_route=\/wp\/v2\/pages\/539\/revisions\/1541"}],"up":[{"embeddable":true,"href":"https:\/\/aygen.com.tr\/index.php?rest_route=\/wp\/v2\/pages\/453"}],"wp:featuredmedia":[{"embeddable":true,"href":"https:\/\/aygen.com.tr\/index.php?rest_route=\/"}],"wp:attachment":[{"href":"https:\/\/aygen.com.tr\/index.php?rest_route=%2Fwp%2Fv2%2Fmedia&parent=539"}],"curies":[{"name":"wp","href":"https:\/\/api.w.org\/{rel}","templated":true}]}}