{"id":716,"date":"2023-03-02T14:23:08","date_gmt":"2023-03-02T11:23:08","guid":{"rendered":"https:\/\/www.aygen.com.tr\/?page_id=716"},"modified":"2024-08-19T14:05:40","modified_gmt":"2024-08-19T11:05:40","slug":"insan-kaynaklari-politikamiz","status":"publish","type":"page","link":"https:\/\/aygen.com.tr\/?page_id=716","title":{"rendered":"\u0130nsan Kaynaklar\u0131 Politikam\u0131z"},"content":{"rendered":"<p><img loading=\"lazy\" decoding=\"async\" class=\"alignnone size-full wp-image-1310\" src=\"https:\/\/aygen.com.tr\/wp-content\/uploads\/2024\/08\/Adsiz-tasarim-49.png\" alt=\"\" width=\"1920\" height=\"1080\" srcset=\"https:\/\/aygen.com.tr\/wp-content\/uploads\/2024\/08\/Adsiz-tasarim-49.png 1920w, https:\/\/aygen.com.tr\/wp-content\/uploads\/2024\/08\/Adsiz-tasarim-49-300x169.png 300w, https:\/\/aygen.com.tr\/wp-content\/uploads\/2024\/08\/Adsiz-tasarim-49-1024x576.png 1024w, https:\/\/aygen.com.tr\/wp-content\/uploads\/2024\/08\/Adsiz-tasarim-49-768x432.png 768w, https:\/\/aygen.com.tr\/wp-content\/uploads\/2024\/08\/Adsiz-tasarim-49-1536x864.png 1536w\" sizes=\"auto, (max-width: 1920px) 100vw, 1920px\" \/><\/p>\n<p>Kurulu\u015fumuzdan itibaren bireye sayg\u0131, kat\u0131l\u0131mc\u0131l\u0131k ve bireysel sorumluluk, yenilik\u00e7i ve yarat\u0131c\u0131 d\u00fc\u015f\u00fcnceye a\u00e7\u0131kl\u0131k, insan<br \/>\nkaynaklar\u0131n\u0131n s\u00fcrekli geli\u015fimi ba\u015fl\u0131ca inan\u00e7 ve de\u011ferlerimizi olu\u015fturmaktad\u0131r.\u00a0\u015eirketin ba\u015far\u0131s\u0131, her bir \u00e7al\u0131\u015fan\u0131n kendi yapt\u0131\u011f\u0131 i\u015f \u00e7er\u00e7evesinde \u00f6nemli bir katk\u0131da bulunmas\u0131 ve bunu toplam \u015firket\u00a0performans\u0131n\u0131 etkileyecek d\u00fczeye ta\u015f\u0131mas\u0131 ile m\u00fcmk\u00fcn olacakt\u0131r.\u00a0Bu do\u011frultuda her zaman \u00e7al\u0131\u015fanlar\u0131m\u0131z\u0131n y\u00f6netime aktif kat\u0131l\u0131m\u0131n\u0131 desteklemekte ve buna imkan yaratmaktay\u0131z. B\u00f6ylelikle hem i\u015f\u00a0tatmini y\u00fcksek, geli\u015fime a\u00e7\u0131k, geli\u015ftirmeye hevesli, dinamik bir ekip olu\u015fturmay\u0131 ve hem de bu g\u00fc\u00e7l\u00fc ekip ile beklentilerin\u00a0\u00fczerinde hizmet vererek ba\u015far\u0131 \u00e7izgimizi daima daha yukar\u0131 ta\u015f\u0131may\u0131 hedefliyoruz.<\/p>\n<ul>\n<li>\u0130\u015fin \u00f6zelli\u011fine uygun personel se\u00e7mek ve g\u00f6revlendirmek,<\/li>\n<li>\u015eirketin ama\u00e7lar\u0131n\u0131 ger\u00e7ekle\u015ftirmek \u00fczere yapaca\u011f\u0131 faaliyetleri, optimum say\u0131da personelle yerine getirmek,<\/li>\n<li>Kurulu\u015fumuzun ve Personelin maddi ve manevi haklar\u0131n\u0131n korunmas\u0131n\u0131 g\u00f6zetmek,<\/li>\n<li>Personelin \u00e7al\u0131\u015fma iste\u011fini,bilgi ve birikimini artt\u0131rmas\u0131na y\u00f6nelik olanaklar sa\u011flamak,<\/li>\n<li>Personelin g\u00f6r\u00fc\u015f ve fikirlerini y\u00f6netime kolayl\u0131kla aktarabilecekleri ileti\u015fim kanallar\u0131n\u0131 olu\u015fturmak,<\/li>\n<li>Personelin verimlilik ve karl\u0131l\u0131k ilkelerine ba\u011fl\u0131 olarak, maliyet bilinci i\u00e7inde \u00e7al\u0131\u015fmalar\u0131n\u0131 sa\u011flay\u0131c\u0131 tedbirler almak,<\/li>\n<\/ul>\n<p><strong> \u00a0 \u00a0 \u00a0 \u00a0 \u00a0 \u00a0 AYGEN IK Y\u00f6netimi<\/strong><\/p>\n","protected":false},"excerpt":{"rendered":"<p>Kurulu\u015fumuzdan itibaren bireye sayg\u0131, kat\u0131l\u0131mc\u0131l\u0131k ve bireysel sorumluluk, yenilik\u00e7i ve yarat\u0131c\u0131 d\u00fc\u015f\u00fcnceye a\u00e7\u0131kl\u0131k, insan kaynaklar\u0131n\u0131n s\u00fcrekli geli\u015fimi ba\u015fl\u0131ca inan\u00e7 ve de\u011ferlerimizi olu\u015fturmaktad\u0131r.\u00a0\u015eirketin ba\u015far\u0131s\u0131, her bir \u00e7al\u0131\u015fan\u0131n kendi yapt\u0131\u011f\u0131 i\u015f \u00e7er\u00e7evesinde \u00f6nemli bir katk\u0131da bulunmas\u0131 ve bunu toplam \u015firket\u00a0performans\u0131n\u0131 etkileyecek d\u00fczeye ta\u015f\u0131mas\u0131 ile m\u00fcmk\u00fcn olacakt\u0131r.\u00a0Bu do\u011frultuda her zaman \u00e7al\u0131\u015fanlar\u0131m\u0131z\u0131n y\u00f6netime aktif kat\u0131l\u0131m\u0131n\u0131 desteklemekte ve buna imkan [&hellip;]<\/p>\n","protected":false},"author":1,"featured_media":712,"parent":0,"menu_order":0,"comment_status":"closed","ping_status":"closed","template":"pages\/page-full.php","meta":{"footnotes":""},"class_list":["post-716","page","type-page","status-publish","has-post-thumbnail","hentry"],"yoast_head":"<!-- This site is optimized with the Yoast SEO plugin v26.3 - https:\/\/yoast.com\/wordpress\/plugins\/seo\/ -->\n<title>\u0130nsan Kaynaklar\u0131 Politikam\u0131z - AYGEN<\/title>\n<meta name=\"description\" content=\"Kurulu\u015fumuzdan itibaren bireye sayg\u0131, kat\u0131l\u0131mc\u0131l\u0131k ve bireysel sorumluluk, yenilik\u00e7i ve yarat\u0131c\u0131 d\u00fc\u015f\u00fcnceye a\u00e7\u0131kl\u0131k, insankaynaklar\u0131n\u0131n s\u00fcrekli geli\u015fimi ba\u015fl\u0131ca inan\u00e7 ve de\u011ferlerimizi olu\u015fturmaktad\u0131r.\" \/>\n<meta name=\"robots\" content=\"index, follow, max-snippet:-1, max-image-preview:large, max-video-preview:-1\" \/>\n<link rel=\"canonical\" href=\"https:\/\/aygen.com.tr\/?page_id=716\" \/>\n<meta property=\"og:locale\" content=\"tr_TR\" \/>\n<meta property=\"og:type\" content=\"article\" \/>\n<meta property=\"og:title\" content=\"\u0130nsan Kaynaklar\u0131 Politikam\u0131z - AYGEN\" \/>\n<meta property=\"og:description\" content=\"Kurulu\u015fumuzdan itibaren bireye sayg\u0131, kat\u0131l\u0131mc\u0131l\u0131k ve bireysel sorumluluk, yenilik\u00e7i ve yarat\u0131c\u0131 d\u00fc\u015f\u00fcnceye a\u00e7\u0131kl\u0131k, insankaynaklar\u0131n\u0131n s\u00fcrekli geli\u015fimi ba\u015fl\u0131ca inan\u00e7 ve de\u011ferlerimizi olu\u015fturmaktad\u0131r.\" \/>\n<meta property=\"og:url\" content=\"https:\/\/aygen.com.tr\/?page_id=716\" \/>\n<meta property=\"og:site_name\" content=\"AYGEN\" \/>\n<meta property=\"article:publisher\" content=\"https:\/\/www.facebook.com\/agl.corp\" \/>\n<meta property=\"article:modified_time\" content=\"2024-08-19T11:05:40+00:00\" \/>\n<meta name=\"twitter:card\" content=\"summary_large_image\" \/>\n<meta name=\"twitter:label1\" content=\"Tahmini okuma s\u00fcresi\" \/>\n\t<meta name=\"twitter:data1\" content=\"2 dakika\" \/>\n<script type=\"application\/ld+json\" class=\"yoast-schema-graph\">{\"@context\":\"https:\/\/schema.org\",\"@graph\":[{\"@type\":\"WebPage\",\"@id\":\"https:\/\/aygen.com.tr\/?page_id=716\",\"url\":\"https:\/\/aygen.com.tr\/?page_id=716\",\"name\":\"\u0130nsan Kaynaklar\u0131 Politikam\u0131z - AYGEN\",\"isPartOf\":{\"@id\":\"https:\/\/aygen.com.tr\/#website\"},\"primaryImageOfPage\":{\"@id\":\"https:\/\/aygen.com.tr\/?page_id=716#primaryimage\"},\"image\":{\"@id\":\"https:\/\/aygen.com.tr\/?page_id=716#primaryimage\"},\"thumbnailUrl\":\"\",\"datePublished\":\"2023-03-02T11:23:08+00:00\",\"dateModified\":\"2024-08-19T11:05:40+00:00\",\"description\":\"Kurulu\u015fumuzdan itibaren bireye sayg\u0131, kat\u0131l\u0131mc\u0131l\u0131k ve bireysel sorumluluk, yenilik\u00e7i ve yarat\u0131c\u0131 d\u00fc\u015f\u00fcnceye a\u00e7\u0131kl\u0131k, insankaynaklar\u0131n\u0131n s\u00fcrekli geli\u015fimi ba\u015fl\u0131ca inan\u00e7 ve de\u011ferlerimizi olu\u015fturmaktad\u0131r.\",\"breadcrumb\":{\"@id\":\"https:\/\/aygen.com.tr\/?page_id=716#breadcrumb\"},\"inLanguage\":\"tr\",\"potentialAction\":[{\"@type\":\"ReadAction\",\"target\":[\"https:\/\/aygen.com.tr\/?page_id=716\"]}]},{\"@type\":\"ImageObject\",\"inLanguage\":\"tr\",\"@id\":\"https:\/\/aygen.com.tr\/?page_id=716#primaryimage\",\"url\":\"\",\"contentUrl\":\"\"},{\"@type\":\"BreadcrumbList\",\"@id\":\"https:\/\/aygen.com.tr\/?page_id=716#breadcrumb\",\"itemListElement\":[{\"@type\":\"ListItem\",\"position\":1,\"name\":\"Anasayfa\",\"item\":\"https:\/\/aygen.com.tr\/\"},{\"@type\":\"ListItem\",\"position\":2,\"name\":\"\u0130nsan Kaynaklar\u0131 Politikam\u0131z\"}]},{\"@type\":\"WebSite\",\"@id\":\"https:\/\/aygen.com.tr\/#website\",\"url\":\"https:\/\/aygen.com.tr\/\",\"name\":\"AYGEN\",\"description\":\"\u0130novatif G\u00fcmr\u00fckleme I Global Lojistik I Depolama \u00c7\u00f6z\u00fcmleri\",\"publisher\":{\"@id\":\"https:\/\/aygen.com.tr\/#organization\"},\"potentialAction\":[{\"@type\":\"SearchAction\",\"target\":{\"@type\":\"EntryPoint\",\"urlTemplate\":\"https:\/\/aygen.com.tr\/?s={search_term_string}\"},\"query-input\":{\"@type\":\"PropertyValueSpecification\",\"valueRequired\":true,\"valueName\":\"search_term_string\"}}],\"inLanguage\":\"tr\"},{\"@type\":\"Organization\",\"@id\":\"https:\/\/aygen.com.tr\/#organization\",\"name\":\"AYGEN\",\"url\":\"https:\/\/aygen.com.tr\/\",\"logo\":{\"@type\":\"ImageObject\",\"inLanguage\":\"tr\",\"@id\":\"https:\/\/aygen.com.tr\/#\/schema\/logo\/image\/\",\"url\":\"https:\/\/aygen.com.tr\/wp-content\/uploads\/2024\/08\/a00.png\",\"contentUrl\":\"https:\/\/aygen.com.tr\/wp-content\/uploads\/2024\/08\/a00.png\",\"width\":1121,\"height\":457,\"caption\":\"AYGEN\"},\"image\":{\"@id\":\"https:\/\/aygen.com.tr\/#\/schema\/logo\/image\/\"},\"sameAs\":[\"https:\/\/www.facebook.com\/agl.corp\",\"https:\/\/www.linkedin.com\/company\/aygen-global-lojistik-ve-gmrk-mavirlii\/\",\"https:\/\/www.instagram.com\/aygengloballojistik\/\",\"https:\/\/www.youtube.com\/@AygenGlobalLojistikveGumruk\"]}]}<\/script>\n<!-- \/ Yoast SEO plugin. -->","yoast_head_json":{"title":"\u0130nsan Kaynaklar\u0131 Politikam\u0131z - AYGEN","description":"Kurulu\u015fumuzdan itibaren bireye sayg\u0131, kat\u0131l\u0131mc\u0131l\u0131k ve bireysel sorumluluk, yenilik\u00e7i ve yarat\u0131c\u0131 d\u00fc\u015f\u00fcnceye a\u00e7\u0131kl\u0131k, insankaynaklar\u0131n\u0131n s\u00fcrekli geli\u015fimi ba\u015fl\u0131ca inan\u00e7 ve de\u011ferlerimizi olu\u015fturmaktad\u0131r.","robots":{"index":"index","follow":"follow","max-snippet":"max-snippet:-1","max-image-preview":"max-image-preview:large","max-video-preview":"max-video-preview:-1"},"canonical":"https:\/\/aygen.com.tr\/?page_id=716","og_locale":"tr_TR","og_type":"article","og_title":"\u0130nsan Kaynaklar\u0131 Politikam\u0131z - AYGEN","og_description":"Kurulu\u015fumuzdan itibaren bireye sayg\u0131, kat\u0131l\u0131mc\u0131l\u0131k ve bireysel sorumluluk, yenilik\u00e7i ve yarat\u0131c\u0131 d\u00fc\u015f\u00fcnceye a\u00e7\u0131kl\u0131k, insankaynaklar\u0131n\u0131n s\u00fcrekli geli\u015fimi ba\u015fl\u0131ca inan\u00e7 ve de\u011ferlerimizi olu\u015fturmaktad\u0131r.","og_url":"https:\/\/aygen.com.tr\/?page_id=716","og_site_name":"AYGEN","article_publisher":"https:\/\/www.facebook.com\/agl.corp","article_modified_time":"2024-08-19T11:05:40+00:00","twitter_card":"summary_large_image","twitter_misc":{"Tahmini okuma s\u00fcresi":"2 dakika"},"schema":{"@context":"https:\/\/schema.org","@graph":[{"@type":"WebPage","@id":"https:\/\/aygen.com.tr\/?page_id=716","url":"https:\/\/aygen.com.tr\/?page_id=716","name":"\u0130nsan Kaynaklar\u0131 Politikam\u0131z - AYGEN","isPartOf":{"@id":"https:\/\/aygen.com.tr\/#website"},"primaryImageOfPage":{"@id":"https:\/\/aygen.com.tr\/?page_id=716#primaryimage"},"image":{"@id":"https:\/\/aygen.com.tr\/?page_id=716#primaryimage"},"thumbnailUrl":"","datePublished":"2023-03-02T11:23:08+00:00","dateModified":"2024-08-19T11:05:40+00:00","description":"Kurulu\u015fumuzdan itibaren bireye sayg\u0131, kat\u0131l\u0131mc\u0131l\u0131k ve bireysel sorumluluk, yenilik\u00e7i ve yarat\u0131c\u0131 d\u00fc\u015f\u00fcnceye a\u00e7\u0131kl\u0131k, insankaynaklar\u0131n\u0131n s\u00fcrekli geli\u015fimi ba\u015fl\u0131ca inan\u00e7 ve de\u011ferlerimizi olu\u015fturmaktad\u0131r.","breadcrumb":{"@id":"https:\/\/aygen.com.tr\/?page_id=716#breadcrumb"},"inLanguage":"tr","potentialAction":[{"@type":"ReadAction","target":["https:\/\/aygen.com.tr\/?page_id=716"]}]},{"@type":"ImageObject","inLanguage":"tr","@id":"https:\/\/aygen.com.tr\/?page_id=716#primaryimage","url":"","contentUrl":""},{"@type":"BreadcrumbList","@id":"https:\/\/aygen.com.tr\/?page_id=716#breadcrumb","itemListElement":[{"@type":"ListItem","position":1,"name":"Anasayfa","item":"https:\/\/aygen.com.tr\/"},{"@type":"ListItem","position":2,"name":"\u0130nsan Kaynaklar\u0131 Politikam\u0131z"}]},{"@type":"WebSite","@id":"https:\/\/aygen.com.tr\/#website","url":"https:\/\/aygen.com.tr\/","name":"AYGEN","description":"\u0130novatif G\u00fcmr\u00fckleme I Global Lojistik I Depolama \u00c7\u00f6z\u00fcmleri","publisher":{"@id":"https:\/\/aygen.com.tr\/#organization"},"potentialAction":[{"@type":"SearchAction","target":{"@type":"EntryPoint","urlTemplate":"https:\/\/aygen.com.tr\/?s={search_term_string}"},"query-input":{"@type":"PropertyValueSpecification","valueRequired":true,"valueName":"search_term_string"}}],"inLanguage":"tr"},{"@type":"Organization","@id":"https:\/\/aygen.com.tr\/#organization","name":"AYGEN","url":"https:\/\/aygen.com.tr\/","logo":{"@type":"ImageObject","inLanguage":"tr","@id":"https:\/\/aygen.com.tr\/#\/schema\/logo\/image\/","url":"https:\/\/aygen.com.tr\/wp-content\/uploads\/2024\/08\/a00.png","contentUrl":"https:\/\/aygen.com.tr\/wp-content\/uploads\/2024\/08\/a00.png","width":1121,"height":457,"caption":"AYGEN"},"image":{"@id":"https:\/\/aygen.com.tr\/#\/schema\/logo\/image\/"},"sameAs":["https:\/\/www.facebook.com\/agl.corp","https:\/\/www.linkedin.com\/company\/aygen-global-lojistik-ve-gmrk-mavirlii\/","https:\/\/www.instagram.com\/aygengloballojistik\/","https:\/\/www.youtube.com\/@AygenGlobalLojistikveGumruk"]}]}},"_links":{"self":[{"href":"https:\/\/aygen.com.tr\/index.php?rest_route=\/wp\/v2\/pages\/716","targetHints":{"allow":["GET"]}}],"collection":[{"href":"https:\/\/aygen.com.tr\/index.php?rest_route=\/wp\/v2\/pages"}],"about":[{"href":"https:\/\/aygen.com.tr\/index.php?rest_route=\/wp\/v2\/types\/page"}],"author":[{"embeddable":true,"href":"https:\/\/aygen.com.tr\/index.php?rest_route=\/wp\/v2\/users\/1"}],"replies":[{"embeddable":true,"href":"https:\/\/aygen.com.tr\/index.php?rest_route=%2Fwp%2Fv2%2Fcomments&post=716"}],"version-history":[{"count":1,"href":"https:\/\/aygen.com.tr\/index.php?rest_route=\/wp\/v2\/pages\/716\/revisions"}],"predecessor-version":[{"id":1482,"href":"https:\/\/aygen.com.tr\/index.php?rest_route=\/wp\/v2\/pages\/716\/revisions\/1482"}],"wp:featuredmedia":[{"embeddable":true,"href":"https:\/\/aygen.com.tr\/index.php?rest_route=\/"}],"wp:attachment":[{"href":"https:\/\/aygen.com.tr\/index.php?rest_route=%2Fwp%2Fv2%2Fmedia&parent=716"}],"curies":[{"name":"wp","href":"https:\/\/api.w.org\/{rel}","templated":true}]}}