{"id":82,"date":"2022-06-03T20:55:10","date_gmt":"2020-06-03T17:55:10","guid":{"rendered":"https:\/\/safirdemo.com\/atolye\/hakkimizda\/"},"modified":"2024-08-19T13:18:42","modified_gmt":"2024-08-19T10:18:42","slug":"hakkimizda","status":"publish","type":"page","link":"https:\/\/aygen.com.tr\/?page_id=82","title":{"rendered":"Hakk\u0131m\u0131zda"},"content":{"rendered":"\n<figure class=\"wp-block-image size-large is-resized\"><img loading=\"lazy\" decoding=\"async\" width=\"819\" height=\"1024\" src=\"https:\/\/aygen.com.tr\/wp-content\/uploads\/2024\/08\/WhatsApp-Image-2024-08-19-at-13.15.53-819x1024.jpeg\" alt=\"\" class=\"wp-image-1459\" style=\"width:780px;height:auto\" srcset=\"https:\/\/aygen.com.tr\/wp-content\/uploads\/2024\/08\/WhatsApp-Image-2024-08-19-at-13.15.53-819x1024.jpeg 819w, https:\/\/aygen.com.tr\/wp-content\/uploads\/2024\/08\/WhatsApp-Image-2024-08-19-at-13.15.53-240x300.jpeg 240w, https:\/\/aygen.com.tr\/wp-content\/uploads\/2024\/08\/WhatsApp-Image-2024-08-19-at-13.15.53-768x960.jpeg 768w, https:\/\/aygen.com.tr\/wp-content\/uploads\/2024\/08\/WhatsApp-Image-2024-08-19-at-13.15.53-1229x1536.jpeg 1229w, https:\/\/aygen.com.tr\/wp-content\/uploads\/2024\/08\/WhatsApp-Image-2024-08-19-at-13.15.53.jpeg 1638w\" sizes=\"auto, (max-width: 819px) 100vw, 819px\" \/><\/figure>\n\n\n\n<div class=\"wp-block-safirtema-mainheading singleHeading mainHeading\"><div class=\"inner\"><div class=\"icon safiricon\"><svg class=\"safiricon-kurumsal\"><use href=\"#safiricon-kurumsal\"><\/use><\/svg><\/div><div class=\"text\">Hakk\u0131m\u0131zda<\/div><\/div><\/div>\n\n\n\n<p>1955 Y\u0131l\u0131nda G\u00fcmr\u00fckleme hizmet sekt\u00f6r\u00fcne ba\u015flayan firmam\u0131z, AYGEN Global Lojistik ve G\u00fcmr\u00fck M\u00fc\u015favirli\u011fi \u00e7at\u0131s\u0131 alt\u0131nda hizmetlerine devam etmektedir. Sorumlu ve titiz i\u015f anlay\u0131\u015f\u0131 sayesinde m\u00fc\u015fteri memnuniyetini yar\u0131m as\u0131r \u00fczerinde s\u00fcrd\u00fcrmektedir. Teknolojik alt yap\u0131m\u0131z sayesinde h\u0131z limitleri zorlanmaktad\u0131r. AYGEN Global Lojistik ve G\u00fcmr\u00fck M\u00fc\u015favirli\u011fi konusunda uzman kadrosu ile hak etti\u011fi ba\u015far\u0131y\u0131, ilke ve vizyonundan taviz vermeden b\u00fcy\u00fcterek hizmet \u00e7e\u015fitlili\u011fini art\u0131rmay\u0131 kendisine g\u00f6rev edinmi\u015ftir.<\/p>\n\n\n\n<div class=\"wp-block-safirtema-mainheading singleHeading mainHeading\"><div class=\"inner\"><div class=\"icon safiricon\"><svg class=\"safiricon-konum\"><use href=\"#safiricon-konum\"><\/use><\/svg><\/div><div class=\"text\">Co\u011frafi Konumlar\u0131m\u0131z<\/div><\/div><\/div>\n\n\n\n<div class=\"wp-block-group\"><div class=\"wp-block-group__inner-container is-layout-constrained wp-block-group-is-layout-constrained\">\n<figure class=\"wp-block-image size-large\"><img loading=\"lazy\" decoding=\"async\" width=\"1024\" height=\"439\" src=\"https:\/\/aygen.com.tr\/wp-content\/uploads\/2024\/08\/Turkiye-Map-Chart-5-1024x439.png\" alt=\"\" class=\"wp-image-1359\" srcset=\"https:\/\/aygen.com.tr\/wp-content\/uploads\/2024\/08\/Turkiye-Map-Chart-5-1024x439.png 1024w, https:\/\/aygen.com.tr\/wp-content\/uploads\/2024\/08\/Turkiye-Map-Chart-5-300x129.png 300w, https:\/\/aygen.com.tr\/wp-content\/uploads\/2024\/08\/Turkiye-Map-Chart-5-768x329.png 768w, https:\/\/aygen.com.tr\/wp-content\/uploads\/2024\/08\/Turkiye-Map-Chart-5-1536x659.png 1536w, https:\/\/aygen.com.tr\/wp-content\/uploads\/2024\/08\/Turkiye-Map-Chart-5-2048x878.png 2048w\" sizes=\"auto, (max-width: 1024px) 100vw, 1024px\" \/><\/figure>\n\n\n\n<figure class=\"wp-block-gallery has-nested-images columns-default is-cropped wp-block-gallery-1 is-layout-flex wp-block-gallery-is-layout-flex\">\n<figure class=\"wp-block-image size-full\"><img loading=\"lazy\" decoding=\"async\" width=\"606\" height=\"302\" data-id=\"1383\" src=\"https:\/\/aygen.com.tr\/wp-content\/uploads\/2024\/08\/avrupaResim1.png\" alt=\"\" class=\"wp-image-1383\" srcset=\"https:\/\/aygen.com.tr\/wp-content\/uploads\/2024\/08\/avrupaResim1.png 606w, https:\/\/aygen.com.tr\/wp-content\/uploads\/2024\/08\/avrupaResim1-300x150.png 300w\" sizes=\"auto, (max-width: 606px) 100vw, 606px\" \/><\/figure>\n<\/figure>\n<\/div><\/div>\n\n\n\n<div class=\"wp-block-safirtema-bgtext descriptionbox\" style=\"background-image:url('https:\/\/aygen.com.tr\/wp-content\/uploads\/2022\/11\/slider1.jpg')\"><div class=\"inner\"><div class=\"icon safiricon\"><svg class=\"safiricon-tac\"><use href=\"#safiricon-tac\"><\/use><\/svg><\/div><div class=\"detail\"><div class=\"header\">En \u0130yisi ile \u00c7al\u0131\u015fman\u0131n Ayr\u0131cal\u0131\u011f\u0131n\u0131 Ya\u015fay\u0131n<\/div><p class=\"content\"><strong>Bilmeniz gereken D\u0131\u015f Ticaret bilgileri, y\u0131llar\u0131n deneyimi ve en g\u00fcncel mevzuatla birle\u015ftirilerek hizmet sunuyoruz<\/strong>.<\/p><\/div><\/div><\/div>\n\n\n\n<div class=\"wp-block-columns is-layout-flex wp-container-core-columns-is-layout-9d6595d7 wp-block-columns-is-layout-flex\">\n<div class=\"wp-block-column is-layout-flow wp-block-column-is-layout-flow\">\n<div class=\"wp-block-safirtema-mainheading singleHeading mainHeading\"><div class=\"inner\"><div class=\"icon safiricon\"><svg class=\"safiricon-lamba\"><use href=\"#safiricon-lamba\"><\/use><\/svg><\/div><div class=\"text\">Misyonumuz<\/div><\/div><\/div>\n\n\n\n<p>AYGEN G\u00fcmr\u00fckleme olarak misyonumuz, etik ilkelerden asla \u00f6d\u00fcn vermeden gen\u00e7, dinamik, lider ki\u015filikli kadrosu ile teknolojik geli\u015fmeleri takip eden ve faaliyet alanlar\u0131nda uygulayan, t\u00fcketicilerine, tedarik\u00e7ilerine memnuniyet odakl\u0131 hizmet anlay\u0131\u015f\u0131n\u0131 benimsemi\u015f ve s\u00fcrd\u00fcrmeyi ilke edinmi\u015ftir.<br>Sekt\u00f6r\u00fcn\u00fcn geli\u015fimine, kapsaml\u0131, yenilik\u00e7i, \u00e7e\u015fitli piyasa segmentlerinin beklentilerini ve gereksinimlerini kar\u015f\u0131layan, kaliteli \u00fcr\u00fcn ve hizmetlerin sunumu ile katk\u0131 sa\u011flamakt\u0131r.<br>M\u00fc\u015fteri beklentilerini, yeni \u00fcr\u00fcnleri ve hizmetleri ile b\u00fcy\u00fcmek, geldi\u011fimiz konumda da siz payda\u015flar\u0131na artan katma de\u011fer kazand\u0131rmakt\u0131r.<\/p>\n<\/div>\n\n\n\n<div class=\"wp-block-column is-layout-flow wp-block-column-is-layout-flow\">\n<div class=\"wp-block-safirtema-mainheading singleHeading mainHeading\"><div class=\"inner\"><div class=\"icon safiricon\"><svg class=\"safiricon-ekip\"><use href=\"#safiricon-ekip\"><\/use><\/svg><\/div><div class=\"text\">Vizyonumuz<\/div><\/div><\/div>\n\n\n\n<p>Ko\u015fulsuz m\u00fc\u015fteri memnuniyeti sa\u011flamak,<br>Sekt\u00f6r\u00fcn\u00fcn \u00f6nde gelen firmalar\u0131 aras\u0131nda kal\u0131c\u0131\u011f\u0131n\u0131 korumak,<br>Kalitede ve \u00fcretimde lider olmak.<br>Yar\u0131m as\u0131rdan fazla tecr\u00fcbesi ile m\u00fc\u015fteri taleplerine h\u0131zl\u0131 \u00e7\u00f6z\u00fcmler sunmak,<\/p>\n<\/div>\n<\/div>\n","protected":false},"excerpt":{"rendered":"<p>1955 Y\u0131l\u0131nda G\u00fcmr\u00fckleme hizmet sekt\u00f6r\u00fcne ba\u015flayan firmam\u0131z, AYGEN Global Lojistik ve G\u00fcmr\u00fck M\u00fc\u015favirli\u011fi \u00e7at\u0131s\u0131 alt\u0131nda hizmetlerine devam etmektedir. Sorumlu ve titiz i\u015f anlay\u0131\u015f\u0131 sayesinde m\u00fc\u015fteri memnuniyetini yar\u0131m as\u0131r \u00fczerinde s\u00fcrd\u00fcrmektedir. Teknolojik alt yap\u0131m\u0131z sayesinde h\u0131z limitleri zorlanmaktad\u0131r. AYGEN Global Lojistik ve G\u00fcmr\u00fck M\u00fc\u015favirli\u011fi konusunda uzman kadrosu ile hak etti\u011fi ba\u015far\u0131y\u0131, ilke ve vizyonundan taviz vermeden [&hellip;]<\/p>\n","protected":false},"author":1,"featured_media":272,"parent":0,"menu_order":0,"comment_status":"closed","ping_status":"closed","template":"pages\/page-full.php","meta":{"footnotes":""},"class_list":["post-82","page","type-page","status-publish","has-post-thumbnail","hentry"],"yoast_head":"<!-- This site is optimized with the Yoast SEO plugin v26.3 - https:\/\/yoast.com\/wordpress\/plugins\/seo\/ -->\n<title>Hakk\u0131m\u0131zda - AYGEN<\/title>\n<meta name=\"description\" content=\"Hakk\u0131m\u0131zda1955 Y\u0131l\u0131nda G\u00fcmr\u00fckleme hizmet sekt\u00f6r\u00fcne ba\u015flayan firmam\u0131z, AYGEN Global Lojistik ve G\u00fcmr\u00fck M\u00fc\u015favirli\u011fi \u00e7at\u0131s\u0131 alt\u0131nda hizmetlerine devam etmektedir.\" \/>\n<meta name=\"robots\" content=\"index, follow, max-snippet:-1, max-image-preview:large, max-video-preview:-1\" \/>\n<link rel=\"canonical\" href=\"https:\/\/aygen.com.tr\/?page_id=82\" \/>\n<meta property=\"og:locale\" content=\"tr_TR\" \/>\n<meta property=\"og:type\" content=\"article\" \/>\n<meta property=\"og:title\" content=\"Hakk\u0131m\u0131zda - AYGEN\" \/>\n<meta property=\"og:description\" content=\"Hakk\u0131m\u0131zda1955 Y\u0131l\u0131nda G\u00fcmr\u00fckleme hizmet sekt\u00f6r\u00fcne ba\u015flayan firmam\u0131z, AYGEN Global Lojistik ve G\u00fcmr\u00fck M\u00fc\u015favirli\u011fi \u00e7at\u0131s\u0131 alt\u0131nda hizmetlerine devam etmektedir.\" \/>\n<meta property=\"og:url\" content=\"https:\/\/aygen.com.tr\/?page_id=82\" \/>\n<meta property=\"og:site_name\" content=\"AYGEN\" \/>\n<meta property=\"article:publisher\" content=\"https:\/\/www.facebook.com\/agl.corp\" \/>\n<meta property=\"article:modified_time\" content=\"2024-08-19T10:18:42+00:00\" \/>\n<meta property=\"og:image\" content=\"https:\/\/aygen.com.tr\/wp-content\/uploads\/2021\/10\/g00015-1-1.jpeg\" \/>\n\t<meta property=\"og:image:width\" content=\"1280\" \/>\n\t<meta property=\"og:image:height\" content=\"853\" \/>\n\t<meta property=\"og:image:type\" content=\"image\/jpeg\" \/>\n<meta name=\"twitter:card\" content=\"summary_large_image\" \/>\n<meta name=\"twitter:label1\" content=\"Tahmini okuma s\u00fcresi\" \/>\n\t<meta name=\"twitter:data1\" content=\"2 dakika\" \/>\n<script type=\"application\/ld+json\" class=\"yoast-schema-graph\">{\"@context\":\"https:\/\/schema.org\",\"@graph\":[{\"@type\":\"WebPage\",\"@id\":\"https:\/\/aygen.com.tr\/?page_id=82\",\"url\":\"https:\/\/aygen.com.tr\/?page_id=82\",\"name\":\"Hakk\u0131m\u0131zda - AYGEN\",\"isPartOf\":{\"@id\":\"https:\/\/aygen.com.tr\/#website\"},\"primaryImageOfPage\":{\"@id\":\"https:\/\/aygen.com.tr\/?page_id=82#primaryimage\"},\"image\":{\"@id\":\"https:\/\/aygen.com.tr\/?page_id=82#primaryimage\"},\"thumbnailUrl\":\"https:\/\/aygen.com.tr\/wp-content\/uploads\/2021\/10\/g00015-1-1.jpeg\",\"datePublished\":\"2020-06-03T17:55:10+00:00\",\"dateModified\":\"2024-08-19T10:18:42+00:00\",\"description\":\"Hakk\u0131m\u0131zda1955 Y\u0131l\u0131nda G\u00fcmr\u00fckleme hizmet sekt\u00f6r\u00fcne ba\u015flayan firmam\u0131z, AYGEN Global Lojistik ve G\u00fcmr\u00fck M\u00fc\u015favirli\u011fi \u00e7at\u0131s\u0131 alt\u0131nda hizmetlerine devam etmektedir.\",\"breadcrumb\":{\"@id\":\"https:\/\/aygen.com.tr\/?page_id=82#breadcrumb\"},\"inLanguage\":\"tr\",\"potentialAction\":[{\"@type\":\"ReadAction\",\"target\":[\"https:\/\/aygen.com.tr\/?page_id=82\"]}]},{\"@type\":\"ImageObject\",\"inLanguage\":\"tr\",\"@id\":\"https:\/\/aygen.com.tr\/?page_id=82#primaryimage\",\"url\":\"https:\/\/aygen.com.tr\/wp-content\/uploads\/2021\/10\/g00015-1-1.jpeg\",\"contentUrl\":\"https:\/\/aygen.com.tr\/wp-content\/uploads\/2021\/10\/g00015-1-1.jpeg\",\"width\":1280,\"height\":853},{\"@type\":\"BreadcrumbList\",\"@id\":\"https:\/\/aygen.com.tr\/?page_id=82#breadcrumb\",\"itemListElement\":[{\"@type\":\"ListItem\",\"position\":1,\"name\":\"Anasayfa\",\"item\":\"https:\/\/aygen.com.tr\/\"},{\"@type\":\"ListItem\",\"position\":2,\"name\":\"Hakk\u0131m\u0131zda\"}]},{\"@type\":\"WebSite\",\"@id\":\"https:\/\/aygen.com.tr\/#website\",\"url\":\"https:\/\/aygen.com.tr\/\",\"name\":\"AYGEN\",\"description\":\"\u0130novatif G\u00fcmr\u00fckleme I Global Lojistik I Depolama \u00c7\u00f6z\u00fcmleri\",\"publisher\":{\"@id\":\"https:\/\/aygen.com.tr\/#organization\"},\"potentialAction\":[{\"@type\":\"SearchAction\",\"target\":{\"@type\":\"EntryPoint\",\"urlTemplate\":\"https:\/\/aygen.com.tr\/?s={search_term_string}\"},\"query-input\":{\"@type\":\"PropertyValueSpecification\",\"valueRequired\":true,\"valueName\":\"search_term_string\"}}],\"inLanguage\":\"tr\"},{\"@type\":\"Organization\",\"@id\":\"https:\/\/aygen.com.tr\/#organization\",\"name\":\"AYGEN\",\"url\":\"https:\/\/aygen.com.tr\/\",\"logo\":{\"@type\":\"ImageObject\",\"inLanguage\":\"tr\",\"@id\":\"https:\/\/aygen.com.tr\/#\/schema\/logo\/image\/\",\"url\":\"https:\/\/aygen.com.tr\/wp-content\/uploads\/2024\/08\/a00.png\",\"contentUrl\":\"https:\/\/aygen.com.tr\/wp-content\/uploads\/2024\/08\/a00.png\",\"width\":1121,\"height\":457,\"caption\":\"AYGEN\"},\"image\":{\"@id\":\"https:\/\/aygen.com.tr\/#\/schema\/logo\/image\/\"},\"sameAs\":[\"https:\/\/www.facebook.com\/agl.corp\",\"https:\/\/www.linkedin.com\/company\/aygen-global-lojistik-ve-gmrk-mavirlii\/\",\"https:\/\/www.instagram.com\/aygengloballojistik\/\",\"https:\/\/www.youtube.com\/@AygenGlobalLojistikveGumruk\"]}]}<\/script>\n<!-- \/ Yoast SEO plugin. -->","yoast_head_json":{"title":"Hakk\u0131m\u0131zda - AYGEN","description":"Hakk\u0131m\u0131zda1955 Y\u0131l\u0131nda G\u00fcmr\u00fckleme hizmet sekt\u00f6r\u00fcne ba\u015flayan firmam\u0131z, AYGEN Global Lojistik ve G\u00fcmr\u00fck M\u00fc\u015favirli\u011fi \u00e7at\u0131s\u0131 alt\u0131nda hizmetlerine devam etmektedir.","robots":{"index":"index","follow":"follow","max-snippet":"max-snippet:-1","max-image-preview":"max-image-preview:large","max-video-preview":"max-video-preview:-1"},"canonical":"https:\/\/aygen.com.tr\/?page_id=82","og_locale":"tr_TR","og_type":"article","og_title":"Hakk\u0131m\u0131zda - AYGEN","og_description":"Hakk\u0131m\u0131zda1955 Y\u0131l\u0131nda G\u00fcmr\u00fckleme hizmet sekt\u00f6r\u00fcne ba\u015flayan firmam\u0131z, AYGEN Global Lojistik ve G\u00fcmr\u00fck M\u00fc\u015favirli\u011fi \u00e7at\u0131s\u0131 alt\u0131nda hizmetlerine devam etmektedir.","og_url":"https:\/\/aygen.com.tr\/?page_id=82","og_site_name":"AYGEN","article_publisher":"https:\/\/www.facebook.com\/agl.corp","article_modified_time":"2024-08-19T10:18:42+00:00","og_image":[{"width":1280,"height":853,"url":"https:\/\/aygen.com.tr\/wp-content\/uploads\/2021\/10\/g00015-1-1.jpeg","type":"image\/jpeg"}],"twitter_card":"summary_large_image","twitter_misc":{"Tahmini okuma s\u00fcresi":"2 dakika"},"schema":{"@context":"https:\/\/schema.org","@graph":[{"@type":"WebPage","@id":"https:\/\/aygen.com.tr\/?page_id=82","url":"https:\/\/aygen.com.tr\/?page_id=82","name":"Hakk\u0131m\u0131zda - AYGEN","isPartOf":{"@id":"https:\/\/aygen.com.tr\/#website"},"primaryImageOfPage":{"@id":"https:\/\/aygen.com.tr\/?page_id=82#primaryimage"},"image":{"@id":"https:\/\/aygen.com.tr\/?page_id=82#primaryimage"},"thumbnailUrl":"https:\/\/aygen.com.tr\/wp-content\/uploads\/2021\/10\/g00015-1-1.jpeg","datePublished":"2020-06-03T17:55:10+00:00","dateModified":"2024-08-19T10:18:42+00:00","description":"Hakk\u0131m\u0131zda1955 Y\u0131l\u0131nda G\u00fcmr\u00fckleme hizmet sekt\u00f6r\u00fcne ba\u015flayan firmam\u0131z, AYGEN Global Lojistik ve G\u00fcmr\u00fck M\u00fc\u015favirli\u011fi \u00e7at\u0131s\u0131 alt\u0131nda hizmetlerine devam etmektedir.","breadcrumb":{"@id":"https:\/\/aygen.com.tr\/?page_id=82#breadcrumb"},"inLanguage":"tr","potentialAction":[{"@type":"ReadAction","target":["https:\/\/aygen.com.tr\/?page_id=82"]}]},{"@type":"ImageObject","inLanguage":"tr","@id":"https:\/\/aygen.com.tr\/?page_id=82#primaryimage","url":"https:\/\/aygen.com.tr\/wp-content\/uploads\/2021\/10\/g00015-1-1.jpeg","contentUrl":"https:\/\/aygen.com.tr\/wp-content\/uploads\/2021\/10\/g00015-1-1.jpeg","width":1280,"height":853},{"@type":"BreadcrumbList","@id":"https:\/\/aygen.com.tr\/?page_id=82#breadcrumb","itemListElement":[{"@type":"ListItem","position":1,"name":"Anasayfa","item":"https:\/\/aygen.com.tr\/"},{"@type":"ListItem","position":2,"name":"Hakk\u0131m\u0131zda"}]},{"@type":"WebSite","@id":"https:\/\/aygen.com.tr\/#website","url":"https:\/\/aygen.com.tr\/","name":"AYGEN","description":"\u0130novatif G\u00fcmr\u00fckleme I Global Lojistik I Depolama \u00c7\u00f6z\u00fcmleri","publisher":{"@id":"https:\/\/aygen.com.tr\/#organization"},"potentialAction":[{"@type":"SearchAction","target":{"@type":"EntryPoint","urlTemplate":"https:\/\/aygen.com.tr\/?s={search_term_string}"},"query-input":{"@type":"PropertyValueSpecification","valueRequired":true,"valueName":"search_term_string"}}],"inLanguage":"tr"},{"@type":"Organization","@id":"https:\/\/aygen.com.tr\/#organization","name":"AYGEN","url":"https:\/\/aygen.com.tr\/","logo":{"@type":"ImageObject","inLanguage":"tr","@id":"https:\/\/aygen.com.tr\/#\/schema\/logo\/image\/","url":"https:\/\/aygen.com.tr\/wp-content\/uploads\/2024\/08\/a00.png","contentUrl":"https:\/\/aygen.com.tr\/wp-content\/uploads\/2024\/08\/a00.png","width":1121,"height":457,"caption":"AYGEN"},"image":{"@id":"https:\/\/aygen.com.tr\/#\/schema\/logo\/image\/"},"sameAs":["https:\/\/www.facebook.com\/agl.corp","https:\/\/www.linkedin.com\/company\/aygen-global-lojistik-ve-gmrk-mavirlii\/","https:\/\/www.instagram.com\/aygengloballojistik\/","https:\/\/www.youtube.com\/@AygenGlobalLojistikveGumruk"]}]}},"_links":{"self":[{"href":"https:\/\/aygen.com.tr\/index.php?rest_route=\/wp\/v2\/pages\/82","targetHints":{"allow":["GET"]}}],"collection":[{"href":"https:\/\/aygen.com.tr\/index.php?rest_route=\/wp\/v2\/pages"}],"about":[{"href":"https:\/\/aygen.com.tr\/index.php?rest_route=\/wp\/v2\/types\/page"}],"author":[{"embeddable":true,"href":"https:\/\/aygen.com.tr\/index.php?rest_route=\/wp\/v2\/users\/1"}],"replies":[{"embeddable":true,"href":"https:\/\/aygen.com.tr\/index.php?rest_route=%2Fwp%2Fv2%2Fcomments&post=82"}],"version-history":[{"count":16,"href":"https:\/\/aygen.com.tr\/index.php?rest_route=\/wp\/v2\/pages\/82\/revisions"}],"predecessor-version":[{"id":1584,"href":"https:\/\/aygen.com.tr\/index.php?rest_route=\/wp\/v2\/pages\/82\/revisions\/1584"}],"wp:featuredmedia":[{"embeddable":true,"href":"https:\/\/aygen.com.tr\/index.php?rest_route=\/wp\/v2\/media\/272"}],"wp:attachment":[{"href":"https:\/\/aygen.com.tr\/index.php?rest_route=%2Fwp%2Fv2%2Fmedia&parent=82"}],"curies":[{"name":"wp","href":"https:\/\/api.w.org\/{rel}","templated":true}]}}